{"id":307655,"date":"2020-04-19T18:34:25","date_gmt":"2024-02-06T10:58:47","guid":{"rendered":"https:\/\/www.moskito.cz\/produkt\/pevny-noz-boker-manufaktur-bowie\/"},"modified":"2025-07-11T07:51:06","modified_gmt":"2025-07-11T06:51:06","slug":"pevny-noz-boker-manufaktur-bowie","status":"publish","type":"product","link":"https:\/\/www.moskito.cz\/sk\/produkt\/pevny-noz-boker-manufaktur-bowie\/","title":{"rendered":"Pevn\u00fd n\u00f4\u017e B\u00f6ker Manufaktur Bowie"},"content":{"rendered":"<p>Pevn\u00fd n\u00f4\u017e B\u00f6ker Manufaktur Bowie 120547.<\/p>\n<p>&nbsp;<\/p>\n<p>B\u00f6ker &#8211; hist\u00f3ria tov\u00e1rne siaha a\u017e do 17. storo\u010dia, p\u00f4vodn\u00e1 kov\u00e1re\u0148 vtedy bola umiestnen\u00e1 v Remscheide. V rokoch 1829-30 sa roz\u0161\u00edrila v\u00fdroba aj na \u0161able a me\u010de. V tom \u010dase tov\u00e1re\u0148 zamestn\u00e1vala vy\u0161e 100 kov\u00e1\u010dov a brusi\u010dov. V druhej polovici 19. storo\u010dia sa \u010das\u0165 rodiny presunula do USA a Kanady, kde zalo\u017eila \u010fal\u0161ie v\u00fdrobn\u00e9 z\u00e1vody. Posledn\u00fd zo s\u00farodencov Bockerovcov, Heinrich sa pres\u0165ahoval do Solingenu odkia\u013e poch\u00e1dza v\u00e4\u010d\u0161ina dne\u0161nej produkcie.<\/p>\n<p><strong>B\u00f6ker &#8211; Manufaktur Soligen Bowie 120547<\/strong><\/p>\n<p>\u00b7 <strong>Hmotnos\u0165 no\u017ea:<\/strong> 495 g<\/p>\n<p>\u00b7 <strong>D\u013a\u017eka no\u017ea:<\/strong> 325 mm<\/p>\n<p>\u00b7 <strong>D\u013a\u017eka \u010depele:<\/strong> 198 mm<\/p>\n<p>\u00b7 <strong>\u0160\u00edrka \u010depele:<\/strong> 6,4 mm<\/p>\n<p>\u00b7 <b>Oce\u013e<\/b> : 4034<\/p>\n<p>\u00b7 <strong>Tvrdos\u0165:<\/strong> 56-58 HRC<\/p>\n<p>\u00b7 <strong>Materi\u00e1l \u010drienky:<\/strong> Walnut Wood<\/p>\n<p>\u00b7 <b>Puzdro:<\/b> ko\u017een\u00e9<\/p>\n<p>&nbsp;<\/p>\n<p>&nbsp;<\/p>\n","protected":false},"excerpt":{"rendered":"<p>Pevn\u00fd n\u00f4\u017e s puzdrom.<br \/>\n<strong>Doprava zadarmo<\/strong> .<\/p>\n","protected":false},"featured_media":190148,"comment_status":"open","ping_status":"closed","template":"","meta":[],"pwb-brand":[3419],"product_brand":[],"product_cat":[3186,3187],"product_tag":[3668],"class_list":{"0":"post-307655","1":"product","2":"type-product","3":"status-publish","4":"has-post-thumbnail","6":"pwb-brand-boker-sk","7":"product_cat-noze-sk","8":"product_cat-pevne-noze-sk","9":"product_tag-b2b-sk","11":"first","12":"instock","13":"taxable","14":"shipping-taxable","15":"purchasable","16":"product-type-simple"},"brands":[{"id":3419,"name":"Boker","slug":"boker-sk"}],"_links":{"self":[{"href":"https:\/\/www.moskito.cz\/sk\/wp-json\/wp\/v2\/product\/307655","targetHints":{"allow":["GET"]}}],"collection":[{"href":"https:\/\/www.moskito.cz\/sk\/wp-json\/wp\/v2\/product"}],"about":[{"href":"https:\/\/www.moskito.cz\/sk\/wp-json\/wp\/v2\/types\/product"}],"replies":[{"embeddable":true,"href":"https:\/\/www.moskito.cz\/sk\/wp-json\/wp\/v2\/comments?post=307655"}],"wp:featuredmedia":[{"embeddable":true,"href":"https:\/\/www.moskito.cz\/sk\/wp-json\/wp\/v2\/media\/190148"}],"wp:attachment":[{"href":"https:\/\/www.moskito.cz\/sk\/wp-json\/wp\/v2\/media?parent=307655"}],"wp:term":[{"taxonomy":"pwb-brand","embeddable":true,"href":"https:\/\/www.moskito.cz\/sk\/wp-json\/wp\/v2\/pwb-brand?post=307655"},{"taxonomy":"product_brand","embeddable":true,"href":"https:\/\/www.moskito.cz\/sk\/wp-json\/wp\/v2\/product_brand?post=307655"},{"taxonomy":"product_cat","embeddable":true,"href":"https:\/\/www.moskito.cz\/sk\/wp-json\/wp\/v2\/product_cat?post=307655"},{"taxonomy":"product_tag","embeddable":true,"href":"https:\/\/www.moskito.cz\/sk\/wp-json\/wp\/v2\/product_tag?post=307655"}],"curies":[{"name":"wp","href":"https:\/\/api.w.org\/{rel}","templated":true}]}}