{"id":307677,"date":"2020-04-17T20:05:19","date_gmt":"2024-02-06T10:58:54","guid":{"rendered":"https:\/\/www.moskito.cz\/produkt\/zatvaraci-noz-victorinox-hiker-1-4613\/"},"modified":"2025-07-11T07:51:04","modified_gmt":"2025-07-11T06:51:04","slug":"zatvaraci-noz-victorinox-hiker-1-4613","status":"publish","type":"product","link":"https:\/\/www.moskito.cz\/sk\/produkt\/zatvaraci-noz-victorinox-hiker-1-4613\/","title":{"rendered":"Zatv\u00e1rac\u00ed n\u00f4\u017e Victorinox Hiker 1.4613"},"content":{"rendered":"<p>Zatv\u00e1rac\u00ed n\u00f4\u017e Victorinox Hiker 1.4613.<\/p>\n<p>Vreckov\u00fd n\u00f4\u017e o ve\u013ekosti 91 mm s kr\u00ed\u017eov\u00fdm skrutkova\u010dom a p\u00edlkou na drevo, vhodn\u00fd na cestovanie a turistiku. Po\u010det funkci\u00ed 13.<\/p>\n<p>ve\u013ek\u00fd n\u00f4\u017e<br \/>\nmal\u00fd n\u00f4\u017e<br \/>\nkr\u00ed\u017eov\u00fd skrutkova\u010d<br \/>\notv\u00e1ra\u010d na konzervy s<br \/>\n&#8211; mal\u00fdm skrutkova\u010dom (aj pre kr\u00ed\u017eov\u00e9 skrutky)<br \/>\notv\u00e1ra\u010d na f\u013ea\u0161e s<br \/>\n&#8211; skrutkova\u010dom<br \/>\n&#8211; odstra\u0148ova\u010dom izol\u00e1cie z dr\u00f4tov<br \/>\nv\u00fdstru\u017en\u00edk, bodec<br \/>\nnerezov\u00fd kr\u00fa\u017eok na k\u013e\u00fa\u010de<br \/>\npinzeta<br \/>\n\u0161p\u00e1radlo<br \/>\np\u00edlka na drevo<\/p>\n","protected":false},"excerpt":{"rendered":"<p>Vreckov\u00fd n\u00f4\u017e o ve\u013ekosti 91 mm s kr\u00ed\u017eov\u00fdm skrutkova\u010dom a p\u00edlkou na drevo, vhodn\u00fd na cestovanie a turistiku.<br \/>\n<strong>Vyroben\u00e9 vo \u0160vaj\u010diarsku, do\u017eivotn\u00e1 z\u00e1ruka.<\/strong><\/p>\n","protected":false},"featured_media":167833,"comment_status":"open","ping_status":"closed","template":"","meta":[],"pwb-brand":[3537],"product_brand":[],"product_cat":[3186,3233],"product_tag":[],"class_list":{"0":"post-307677","1":"product","2":"type-product","3":"status-publish","4":"has-post-thumbnail","6":"pwb-brand-victorinox-sk","7":"product_cat-noze-sk","8":"product_cat-zatvaracie-noze","10":"first","11":"outofstock","12":"taxable","13":"shipping-taxable","14":"purchasable","15":"product-type-simple"},"brands":[{"id":3537,"name":"Victorinox","slug":"victorinox-sk"}],"_links":{"self":[{"href":"https:\/\/www.moskito.cz\/sk\/wp-json\/wp\/v2\/product\/307677","targetHints":{"allow":["GET"]}}],"collection":[{"href":"https:\/\/www.moskito.cz\/sk\/wp-json\/wp\/v2\/product"}],"about":[{"href":"https:\/\/www.moskito.cz\/sk\/wp-json\/wp\/v2\/types\/product"}],"replies":[{"embeddable":true,"href":"https:\/\/www.moskito.cz\/sk\/wp-json\/wp\/v2\/comments?post=307677"}],"wp:featuredmedia":[{"embeddable":true,"href":"https:\/\/www.moskito.cz\/sk\/wp-json\/wp\/v2\/media\/167833"}],"wp:attachment":[{"href":"https:\/\/www.moskito.cz\/sk\/wp-json\/wp\/v2\/media?parent=307677"}],"wp:term":[{"taxonomy":"pwb-brand","embeddable":true,"href":"https:\/\/www.moskito.cz\/sk\/wp-json\/wp\/v2\/pwb-brand?post=307677"},{"taxonomy":"product_brand","embeddable":true,"href":"https:\/\/www.moskito.cz\/sk\/wp-json\/wp\/v2\/product_brand?post=307677"},{"taxonomy":"product_cat","embeddable":true,"href":"https:\/\/www.moskito.cz\/sk\/wp-json\/wp\/v2\/product_cat?post=307677"},{"taxonomy":"product_tag","embeddable":true,"href":"https:\/\/www.moskito.cz\/sk\/wp-json\/wp\/v2\/product_tag?post=307677"}],"curies":[{"name":"wp","href":"https:\/\/api.w.org\/{rel}","templated":true}]}}