{"id":307680,"date":"2020-04-02T20:46:54","date_gmt":"2024-02-06T10:58:58","guid":{"rendered":"https:\/\/www.moskito.cz\/produkt\/boken-prirodna-katana\/"},"modified":"2025-07-11T07:51:01","modified_gmt":"2025-07-11T06:51:01","slug":"boken-prirodna-katana","status":"publish","type":"product","link":"https:\/\/www.moskito.cz\/sk\/produkt\/boken-prirodna-katana\/","title":{"rendered":"Boken Pr\u00edrodn\u00e1 Katana"},"content":{"rendered":"<p>Pr\u00edrodn\u00e1 Katana.<\/p>\n<p>Tr\u00e9ningov\u00fd samurajsk\u00fd me\u010d.<\/p>\n<p>D\u013a\u017eka: 102 cm.<\/p>\n<p><a href=\"https:\/\/cs.wikipedia.org\/wiki\/Bokut%C3%B3\" target=\"_blank\" rel=\"noopener noreferrer\">Boken<\/a> , alebo tie\u017e bokut\u00f3 je japonsk\u00e9 ozna\u010denie pre dreven\u00fd me\u010d pou\u017e\u00edvan\u00fd pri n\u00e1cviku bojov\u00fdch techn\u00edk. Tvar sa \u010dasto l\u00ed\u0161i pod\u013ea konkr\u00e9tnej \u0161koly, v\u017edy v\u0161ak pripom\u00edna z\u00e1kladn\u00fd tvar katany. Na v\u00fdrobu sa naj\u010dastej\u0161ie pou\u017e\u00edva dubov\u00e9 drevo. (Zdroj Wikip\u00e9die)<\/p>\n<p><a href=\"https:\/\/www.moskito.cz\/sk\/mece-dyky-repliky-sk\/katany-a-mece-sk\/\">Katana<\/a> je druh japonsk\u00e9ho me\u010da pou\u017e\u00edvan\u00e9ho od 15. storo\u010dia. Katana m\u00e1 zakriven\u00fa \u010depe\u013e, obdobne ako \u0161able, s jedn\u00fdm ostr\u00edm, z\u00e1\u0161titou a rukov\u00e4\u0165ou s ov\u00e1lnym prierezom. D\u013a\u017eka b\u00fdvala od dvoch do troch \u0161aku (\u0161aku = 30,3 cm). Bola nosen\u00e1 samurajmi votknut\u00e1 za p\u00e1som ostr\u00edm nahor, tradi\u010dne spolo\u010dne s kr\u00e1tkym me\u010dom wakiza\u0161i alebo s osobnou samurajskou d\u00fdkou naz\u00fdvanou tant\u00f3.<\/p>\n","protected":false},"excerpt":{"rendered":"<h2>Boken &#8211; tr\u00e9ningov\u00fd me\u010d<\/h2>\n","protected":false},"featured_media":167738,"comment_status":"open","ping_status":"closed","template":"","meta":[],"pwb-brand":[3525],"product_brand":[],"product_cat":[3386,3392],"product_tag":[],"class_list":{"0":"post-307680","1":"product","2":"type-product","3":"status-publish","4":"has-post-thumbnail","6":"pwb-brand-china-made-sk","7":"product_cat-katany-a-mece-sk","8":"product_cat-mece-dyky-repliky-sk","10":"first","11":"outofstock","12":"taxable","13":"shipping-taxable","14":"purchasable","15":"product-type-simple"},"brands":[{"id":3525,"name":"China Made","slug":"china-made-sk"}],"_links":{"self":[{"href":"https:\/\/www.moskito.cz\/sk\/wp-json\/wp\/v2\/product\/307680","targetHints":{"allow":["GET"]}}],"collection":[{"href":"https:\/\/www.moskito.cz\/sk\/wp-json\/wp\/v2\/product"}],"about":[{"href":"https:\/\/www.moskito.cz\/sk\/wp-json\/wp\/v2\/types\/product"}],"replies":[{"embeddable":true,"href":"https:\/\/www.moskito.cz\/sk\/wp-json\/wp\/v2\/comments?post=307680"}],"wp:featuredmedia":[{"embeddable":true,"href":"https:\/\/www.moskito.cz\/sk\/wp-json\/wp\/v2\/media\/167738"}],"wp:attachment":[{"href":"https:\/\/www.moskito.cz\/sk\/wp-json\/wp\/v2\/media?parent=307680"}],"wp:term":[{"taxonomy":"pwb-brand","embeddable":true,"href":"https:\/\/www.moskito.cz\/sk\/wp-json\/wp\/v2\/pwb-brand?post=307680"},{"taxonomy":"product_brand","embeddable":true,"href":"https:\/\/www.moskito.cz\/sk\/wp-json\/wp\/v2\/product_brand?post=307680"},{"taxonomy":"product_cat","embeddable":true,"href":"https:\/\/www.moskito.cz\/sk\/wp-json\/wp\/v2\/product_cat?post=307680"},{"taxonomy":"product_tag","embeddable":true,"href":"https:\/\/www.moskito.cz\/sk\/wp-json\/wp\/v2\/product_tag?post=307680"}],"curies":[{"name":"wp","href":"https:\/\/api.w.org\/{rel}","templated":true}]}}