{"id":307684,"date":"2020-04-19T19:19:42","date_gmt":"2024-02-06T10:59:02","guid":{"rendered":"https:\/\/www.moskito.cz\/produkt\/zatvaraci-noz-boker-magnum-army-rescue-assisted\/"},"modified":"2025-07-11T07:51:08","modified_gmt":"2025-07-11T06:51:08","slug":"zatvaraci-noz-boker-magnum-army-rescue-assisted","status":"publish","type":"product","link":"https:\/\/www.moskito.cz\/sk\/produkt\/zatvaraci-noz-boker-magnum-army-rescue-assisted\/","title":{"rendered":"Zatv\u00e1rac\u00ed N\u00f4\u017e B\u00f6ker Magnum Army Rescue Assisted"},"content":{"rendered":"<p>Zatv\u00e1rac\u00ed N\u00f4\u017e <strong>B\u00f6ker<\/strong> Magnum Army Rescue Assisted.<\/p>\n<p>B\u00d6KER\u00ae je nemeck\u00e1 firma, ktor\u00e1 vyr\u00e1ba no\u017ee tej najvy\u0161\u0161ej kvality. No\u017ee s pevnou \u010depe\u013eou, zatv\u00e1racie no\u017ee, kuchynsk\u00e9 no\u017ee a stojany si v\u010faka v\u00fdnimo\u010dnej kvalite ob\u013e\u00fabil rad z\u00e1kazn\u00edkov z cel\u00e9ho sveta. V\u0161etky no\u017ee s\u00fa vyroben\u00e9 z najlep\u0161\u00edch, odoln\u00fdch materi\u00e1lov a bud\u00fa nepostr\u00e1date\u013en\u00fdm pomocn\u00edkom doma, v dielni, na love aj na v\u00fdlete do pr\u00edrody.<\/p>\n<p>Tento ve\u013emi \u00faspe\u0161n\u00fd rad z\u00e1chran\u00e1rskych no\u017eov je venovan\u00fd bezpe\u010dnostn\u00fdm sil\u00e1m, ktor\u00e9 s\u00fa \u010dasto v nebezpe\u010denstve po cel\u00fd de\u0148 a \u010dasto riskuj\u00fa svoje \u017eivoty pre ostatn\u00fdch. Vybavenie: hrot na rozbitie skla, reza\u010d na bezpe\u010dnostn\u00e9 p\u00e1sy, vreckov\u00fd klip a siln\u00e1 a odoln\u00e1 \u010depe\u013e z nerezovej ocele 440. \u010cierne potiahnut\u00e1 reverzn\u00e1 \u010depe\u013e Tanto s flipperom, \u010diasto\u010dne z\u00fabkovan\u00fdm ostr\u00edm a asistovan\u00fdm otv\u00e1ran\u00edm pomocou pru\u017einy (Assisted Opener). Anodizovan\u00e1 bronzov\u00e1 rukov\u00e4t&#8216; nesie znak arm\u00e1dy. Z\u00e1chran\u00e1rske no\u017ee Magnum s\u00fa plne funk\u010dn\u00e9 a pripraven\u00e9 na pou\u017eitie, av\u0161ak nie s\u00fa ur\u010den\u00e9 na ka\u017edodenn\u00e9 n\u00e1ro\u010dn\u00e9 pou\u017eitie profesion\u00e1lnych z\u00e1chran\u00e1rov.<\/p>\n<p>Celkov\u00e1 d\u013a\u017eka: 20.8 cm<br \/>\nD\u013a\u017eka \u010depele: 8.6 cm<br \/>\nHr\u00fabka \u010depele: 2.8 mm<br \/>\nHmotnos\u0165: 139 g<br \/>\nMateri\u00e1l \u010depele: 440A<\/p>\n<p>Materi\u00e1l rukov\u00e4te: Hlin\u00edk<br \/>\nTyp poistky: Linerlock<\/p>\n","protected":false},"excerpt":{"rendered":"<p>Zatv\u00e1rac\u00ed n\u00f4\u017e s poistkou.<\/p>\n","protected":false},"featured_media":363644,"comment_status":"open","ping_status":"closed","template":"","meta":[],"pwb-brand":[3419],"product_brand":[],"product_cat":[3233,3186],"product_tag":[3668],"class_list":{"0":"post-307684","1":"product","2":"type-product","3":"status-publish","4":"has-post-thumbnail","6":"pwb-brand-boker-sk","7":"product_cat-zatvaracie-noze","8":"product_cat-noze-sk","9":"product_tag-b2b-sk","11":"first","12":"instock","13":"taxable","14":"shipping-taxable","15":"purchasable","16":"product-type-simple"},"brands":[{"id":3419,"name":"Boker","slug":"boker-sk"}],"_links":{"self":[{"href":"https:\/\/www.moskito.cz\/sk\/wp-json\/wp\/v2\/product\/307684","targetHints":{"allow":["GET"]}}],"collection":[{"href":"https:\/\/www.moskito.cz\/sk\/wp-json\/wp\/v2\/product"}],"about":[{"href":"https:\/\/www.moskito.cz\/sk\/wp-json\/wp\/v2\/types\/product"}],"replies":[{"embeddable":true,"href":"https:\/\/www.moskito.cz\/sk\/wp-json\/wp\/v2\/comments?post=307684"}],"wp:featuredmedia":[{"embeddable":true,"href":"https:\/\/www.moskito.cz\/sk\/wp-json\/wp\/v2\/media\/363644"}],"wp:attachment":[{"href":"https:\/\/www.moskito.cz\/sk\/wp-json\/wp\/v2\/media?parent=307684"}],"wp:term":[{"taxonomy":"pwb-brand","embeddable":true,"href":"https:\/\/www.moskito.cz\/sk\/wp-json\/wp\/v2\/pwb-brand?post=307684"},{"taxonomy":"product_brand","embeddable":true,"href":"https:\/\/www.moskito.cz\/sk\/wp-json\/wp\/v2\/product_brand?post=307684"},{"taxonomy":"product_cat","embeddable":true,"href":"https:\/\/www.moskito.cz\/sk\/wp-json\/wp\/v2\/product_cat?post=307684"},{"taxonomy":"product_tag","embeddable":true,"href":"https:\/\/www.moskito.cz\/sk\/wp-json\/wp\/v2\/product_tag?post=307684"}],"curies":[{"name":"wp","href":"https:\/\/api.w.org\/{rel}","templated":true}]}}