{"id":307689,"date":"2020-04-22T12:19:51","date_gmt":"2024-02-06T10:59:02","guid":{"rendered":"https:\/\/www.moskito.cz\/produkt\/zatvaraci-noz-swisschamp-1-6795-2r\/"},"modified":"2025-07-11T07:51:12","modified_gmt":"2025-07-11T06:51:12","slug":"zatvaraci-noz-swisschamp-1-6795-2r","status":"publish","type":"product","link":"https:\/\/www.moskito.cz\/sk\/produkt\/zatvaraci-noz-swisschamp-1-6795-2r\/","title":{"rendered":"Zatv\u00e1rac\u00ed N\u00f4\u017e SwissChamp 1.6795.2R"},"content":{"rendered":"<p>Zatv\u00e1rac\u00ed N\u00f4\u017e SwissChamp 1.6795.2R.<\/p>\n<p>Multifunk\u010dn\u00fd n\u00f4\u017e o ve\u013ekosti 91 mm. Po\u010det funkci\u00ed 33<\/p>\n<p>ve\u013ek\u00fd n\u00f4\u017e<br \/>\nmal\u00fd n\u00f4\u017e<br \/>\nv\u00fdvrtka<br \/>\notv\u00e1ra\u010d na konzervy s<br \/>\nmal\u00fdm skrutkova\u010dom<br \/>\notv\u00e1ra\u010d na f\u013ea\u0161e sa<br \/>\nskrutkova\u010dom<br \/>\nodstra\u0148ova\u010dom izol\u00e1cie z dr\u00f4tov<br \/>\nv\u00fdstru\u017en\u00edk, priebojn\u00edk<br \/>\nnerezov\u00fd kr\u00fa\u017eok na k\u013e\u00fa\u010de<br \/>\npinzeta<br \/>\n\u0161p\u00e1radlo<br \/>\nno\u017enice<br \/>\nviac\u00fa\u010delov\u00fd h\u00e1\u010dik<br \/>\np\u00edlka na drevo<br \/>\nodstra\u0148ova\u010d \u0161up\u00edn s<br \/>\nh\u00e1\u010dikom na vyvrhnutie<br \/>\nmeradlom (v cm a palcoch)<br \/>\npiln\u00ed\u010dek na nechty s<br \/>\npiln\u00edkom na kov<br \/>\n\u010disti\u010dom nechtov<br \/>\np\u00edlkou na kov<br \/>\njemn\u00fd skrutkova\u010d<br \/>\ndl\u00e1tko<br \/>\nklie\u0161te s<br \/>\nstriha\u010dom dr\u00f4tov<br \/>\nn\u00e1strojom na lemovanie dr\u00f4tov<br \/>\nkr\u00ed\u017eov\u00fd skrutkova\u010d<br \/>\nzv\u00e4\u010d\u0161ovacie sklo<br \/>\ntlakov\u00e9 guli\u010dkov\u00e9 pero<br \/>\n\u0161pendl\u00edk z nerez ocele<br \/>\nmini-skrutkova\u010d (p\u00e4t.)<br \/>\no\u010dko na \u0161itie<\/p>\n","protected":false},"excerpt":{"rendered":"<p>Zatv\u00e1rac\u00ed n\u00f4\u017e.<\/p>\n","protected":false},"featured_media":204727,"comment_status":"open","ping_status":"closed","template":"","meta":[],"pwb-brand":[3537],"product_brand":[],"product_cat":[3186,3233],"product_tag":[],"class_list":{"0":"post-307689","1":"product","2":"type-product","3":"status-publish","4":"has-post-thumbnail","6":"pwb-brand-victorinox-sk","7":"product_cat-noze-sk","8":"product_cat-zatvaracie-noze","10":"first","11":"outofstock","12":"taxable","13":"shipping-taxable","14":"purchasable","15":"product-type-simple"},"brands":[{"id":3537,"name":"Victorinox","slug":"victorinox-sk"}],"_links":{"self":[{"href":"https:\/\/www.moskito.cz\/sk\/wp-json\/wp\/v2\/product\/307689","targetHints":{"allow":["GET"]}}],"collection":[{"href":"https:\/\/www.moskito.cz\/sk\/wp-json\/wp\/v2\/product"}],"about":[{"href":"https:\/\/www.moskito.cz\/sk\/wp-json\/wp\/v2\/types\/product"}],"replies":[{"embeddable":true,"href":"https:\/\/www.moskito.cz\/sk\/wp-json\/wp\/v2\/comments?post=307689"}],"wp:featuredmedia":[{"embeddable":true,"href":"https:\/\/www.moskito.cz\/sk\/wp-json\/wp\/v2\/media\/204727"}],"wp:attachment":[{"href":"https:\/\/www.moskito.cz\/sk\/wp-json\/wp\/v2\/media?parent=307689"}],"wp:term":[{"taxonomy":"pwb-brand","embeddable":true,"href":"https:\/\/www.moskito.cz\/sk\/wp-json\/wp\/v2\/pwb-brand?post=307689"},{"taxonomy":"product_brand","embeddable":true,"href":"https:\/\/www.moskito.cz\/sk\/wp-json\/wp\/v2\/product_brand?post=307689"},{"taxonomy":"product_cat","embeddable":true,"href":"https:\/\/www.moskito.cz\/sk\/wp-json\/wp\/v2\/product_cat?post=307689"},{"taxonomy":"product_tag","embeddable":true,"href":"https:\/\/www.moskito.cz\/sk\/wp-json\/wp\/v2\/product_tag?post=307689"}],"curies":[{"name":"wp","href":"https:\/\/api.w.org\/{rel}","templated":true}]}}