{"id":307691,"date":"2020-04-22T09:20:53","date_gmt":"2024-02-06T10:59:11","guid":{"rendered":"https:\/\/www.moskito.cz\/produkt\/zatvaraci-noz-victorinox-rangergrip-74-0-9723-c\/"},"modified":"2025-07-11T07:51:12","modified_gmt":"2025-07-11T06:51:12","slug":"zatvaraci-noz-victorinox-rangergrip-74-0-9723-c","status":"publish","type":"product","link":"https:\/\/www.moskito.cz\/sk\/produkt\/zatvaraci-noz-victorinox-rangergrip-74-0-9723-c\/","title":{"rendered":"Zatv\u00e1rac\u00ed N\u00f4\u017e Victorinox RangerGrip 74 0.9723.C"},"content":{"rendered":"<p>Zatv\u00e1rac\u00ed N\u00f4\u017e Victorinox RangerGrip 74 0.9723.C.<\/p>\n<p>Vreckov\u00fd n\u00f4\u017e o ve\u013ekosti 130 mm s poistkou ve\u013ekej \u010depele. Po\u010det funkci\u00ed 14.<\/p>\n<p>ve\u013ek\u00e1 \u010depe\u013e<br \/>\nv\u00fdvrtka<br \/>\notv\u00e1ra\u010d na konzervy s<br \/>\nmal\u00fdm skrutkova\u010dom<br \/>\notv\u00e1ra\u010d na f\u013ea\u0161e s<br \/>\nskrutkova\u010dom<br \/>\nodstra\u0148ova\u010dom izol\u00e1cie z dr\u00f4tov<br \/>\nklie\u0161te s<br \/>\nstriha\u010d dr\u00f4tu<br \/>\ndo\u0165ahov\u00e1k mat\u00edc<br \/>\nv\u00fdstru\u017en\u00edk, priebojn\u00edk<br \/>\nnerezov\u00fd kr\u00fa\u017eok na k\u013e\u00fa\u010de<br \/>\npinzeta<br \/>\n\u0161p\u00e1radlo<\/p>\n","protected":false},"excerpt":{"rendered":"<p>Vreckov\u00fd n\u00f4\u017e o ve\u013ekosti 130 mm s poistkou ve\u013ekej \u010depele. Po\u010det funkci\u00ed 14.<br \/>\n<strong>Vyroben\u00e9 vo \u0160vaj\u010diarsku, do\u017eivotn\u00e1 z\u00e1ruka.<\/strong><\/p>\n","protected":false},"featured_media":167894,"comment_status":"open","ping_status":"closed","template":"","meta":[],"pwb-brand":[3537],"product_brand":[],"product_cat":[3186,3233],"product_tag":[],"class_list":{"0":"post-307691","1":"product","2":"type-product","3":"status-publish","4":"has-post-thumbnail","6":"pwb-brand-victorinox-sk","7":"product_cat-noze-sk","8":"product_cat-zatvaracie-noze","10":"first","11":"outofstock","12":"taxable","13":"shipping-taxable","14":"purchasable","15":"product-type-simple"},"brands":[{"id":3537,"name":"Victorinox","slug":"victorinox-sk"}],"_links":{"self":[{"href":"https:\/\/www.moskito.cz\/sk\/wp-json\/wp\/v2\/product\/307691","targetHints":{"allow":["GET"]}}],"collection":[{"href":"https:\/\/www.moskito.cz\/sk\/wp-json\/wp\/v2\/product"}],"about":[{"href":"https:\/\/www.moskito.cz\/sk\/wp-json\/wp\/v2\/types\/product"}],"replies":[{"embeddable":true,"href":"https:\/\/www.moskito.cz\/sk\/wp-json\/wp\/v2\/comments?post=307691"}],"wp:featuredmedia":[{"embeddable":true,"href":"https:\/\/www.moskito.cz\/sk\/wp-json\/wp\/v2\/media\/167894"}],"wp:attachment":[{"href":"https:\/\/www.moskito.cz\/sk\/wp-json\/wp\/v2\/media?parent=307691"}],"wp:term":[{"taxonomy":"pwb-brand","embeddable":true,"href":"https:\/\/www.moskito.cz\/sk\/wp-json\/wp\/v2\/pwb-brand?post=307691"},{"taxonomy":"product_brand","embeddable":true,"href":"https:\/\/www.moskito.cz\/sk\/wp-json\/wp\/v2\/product_brand?post=307691"},{"taxonomy":"product_cat","embeddable":true,"href":"https:\/\/www.moskito.cz\/sk\/wp-json\/wp\/v2\/product_cat?post=307691"},{"taxonomy":"product_tag","embeddable":true,"href":"https:\/\/www.moskito.cz\/sk\/wp-json\/wp\/v2\/product_tag?post=307691"}],"curies":[{"name":"wp","href":"https:\/\/api.w.org\/{rel}","templated":true}]}}