{"id":307707,"date":"2020-04-20T19:56:08","date_gmt":"2024-02-06T10:59:17","guid":{"rendered":"https:\/\/www.moskito.cz\/produkt\/zatvaraci-noz-mta911bl\/"},"modified":"2025-07-11T07:51:10","modified_gmt":"2025-07-11T06:51:10","slug":"zatvaraci-noz-mta911bl","status":"publish","type":"product","link":"https:\/\/www.moskito.cz\/sk\/produkt\/zatvaraci-noz-mta911bl\/","title":{"rendered":"Zatv\u00e1rac\u00ed N\u00f4\u017e MTA911BL"},"content":{"rendered":"<p>Zatv\u00e1rac\u00ed N\u00f4\u017e MTA911BL.<\/p>\n<p>N\u00f4\u017e m\u00e1 asistovan\u00e9 otv\u00e1ranie. D\u013a\u017eka no\u017ea v uzavretom stave je 12 cm. \u010cepe\u013e no\u017ea m\u00e1 \u010diernu povrchov\u00fa \u00fapravu a je dlh\u00e1 9.4 cm. Rukov\u00e4\u0165 je s text\u00farou a je vyroben\u00e1 z hlin\u00edka. N\u00f4\u017e m\u00e1 klip.<\/p>\n<p>Assisted opening. 4.75&#8243; closed. 3.5&#8243; black finish partially serrated 440 stainless drop point blade. \u010cierna a modr\u00e1 text\u00faredn\u00e9 hlin\u00edkov\u00e9 handle. Inlay shield. Glass breaker. Lanyard palice. Pocket clip. Extended t\u00e1ng. Belt\/cord cutter.<\/p>\n","protected":false},"excerpt":{"rendered":"<p>Zatv\u00e1rac\u00ed n\u00f4\u017e.<\/p>\n","protected":false},"featured_media":167876,"comment_status":"open","ping_status":"closed","template":"","meta":[],"pwb-brand":[3529],"product_brand":[],"product_cat":[3186,3233],"product_tag":[],"class_list":{"0":"post-307707","1":"product","2":"type-product","3":"status-publish","4":"has-post-thumbnail","6":"pwb-brand-mtech-sk","7":"product_cat-noze-sk","8":"product_cat-zatvaracie-noze","10":"first","11":"outofstock","12":"taxable","13":"shipping-taxable","14":"purchasable","15":"product-type-simple"},"brands":[{"id":3529,"name":"MTech","slug":"mtech-sk"}],"_links":{"self":[{"href":"https:\/\/www.moskito.cz\/sk\/wp-json\/wp\/v2\/product\/307707","targetHints":{"allow":["GET"]}}],"collection":[{"href":"https:\/\/www.moskito.cz\/sk\/wp-json\/wp\/v2\/product"}],"about":[{"href":"https:\/\/www.moskito.cz\/sk\/wp-json\/wp\/v2\/types\/product"}],"replies":[{"embeddable":true,"href":"https:\/\/www.moskito.cz\/sk\/wp-json\/wp\/v2\/comments?post=307707"}],"wp:featuredmedia":[{"embeddable":true,"href":"https:\/\/www.moskito.cz\/sk\/wp-json\/wp\/v2\/media\/167876"}],"wp:attachment":[{"href":"https:\/\/www.moskito.cz\/sk\/wp-json\/wp\/v2\/media?parent=307707"}],"wp:term":[{"taxonomy":"pwb-brand","embeddable":true,"href":"https:\/\/www.moskito.cz\/sk\/wp-json\/wp\/v2\/pwb-brand?post=307707"},{"taxonomy":"product_brand","embeddable":true,"href":"https:\/\/www.moskito.cz\/sk\/wp-json\/wp\/v2\/product_brand?post=307707"},{"taxonomy":"product_cat","embeddable":true,"href":"https:\/\/www.moskito.cz\/sk\/wp-json\/wp\/v2\/product_cat?post=307707"},{"taxonomy":"product_tag","embeddable":true,"href":"https:\/\/www.moskito.cz\/sk\/wp-json\/wp\/v2\/product_tag?post=307707"}],"curies":[{"name":"wp","href":"https:\/\/api.w.org\/{rel}","templated":true}]}}