{"id":307727,"date":"2020-04-19T19:58:04","date_gmt":"2020-04-19T18:58:04","guid":{"rendered":"https:\/\/www.moskito.cz\/produkt\/zatvaraci-noz-boker-plus-italy-pro-hunter\/"},"modified":"2026-01-14T12:11:46","modified_gmt":"2026-01-14T11:11:46","slug":"zatvaraci-noz-boker-plus-italy-pro-hunter","status":"publish","type":"product","link":"https:\/\/www.moskito.cz\/sk\/produkt\/zatvaraci-noz-boker-plus-italy-pro-hunter\/","title":{"rendered":"Zatv\u00e1rac\u00ed N\u00f4\u017e B\u00f6ker Plus Italy Pro-Hunter"},"content":{"rendered":"<p>Zatv\u00e1rac\u00ed N\u00f4\u017e <strong>B\u00f6ker<\/strong> Plus Italy Pro-Hunter .<\/p>\n<div id=\"full-product-description\" class=\"product-body__full-product-description\">\n<p>B\u00f6ker Plus prin\u00e1\u0161a vynikaj\u00face, inovat\u00edvne koncepty no\u017eov pre ka\u017ed\u00fa misiu. No\u017ee s\u00fa navrhnut\u00e9 pod\u013ea nemeck\u00e9ho in\u017einierstva v spolupr\u00e1ci so svetozn\u00e1mymi odborn\u00edkmi ako napr. Chad Los Banos, Jim Burke, Jim Wanger, Tod Begg, Jesper Voxnaes.<\/p>\n<p>Celkov\u00e1 d\u013a\u017eka:22 cmD\u013a\u017eka \u010depele:9.5 cmHr\u00fabka \u010depele:5 mmHmotnos\u0165:448 gMateri\u00e1l \u010depele:N690Materi\u00e1l rukov\u00e4te:Cocobolo Drevo<\/p>\n<\/div>\n<p>&nbsp;<\/p>\n","protected":false},"excerpt":{"rendered":"<p>Zatv\u00e1rac\u00ed n\u00f4\u017e <strong>Boker<\/strong> .<\/p>\n","protected":false},"featured_media":190176,"comment_status":"open","ping_status":"closed","template":"","meta":[],"pwb-brand":[3419],"product_brand":[],"product_cat":[3233,3186],"product_tag":[3668],"class_list":{"0":"post-307727","1":"product","2":"type-product","3":"status-publish","4":"has-post-thumbnail","6":"pwb-brand-boker-sk","7":"product_cat-zatvaracie-noze","8":"product_cat-noze-sk","9":"product_tag-b2b-sk","11":"first","12":"outofstock","13":"taxable","14":"shipping-taxable","15":"purchasable","16":"product-type-simple"},"brands":[{"id":3419,"name":"Boker","slug":"boker-sk"}],"_links":{"self":[{"href":"https:\/\/www.moskito.cz\/sk\/wp-json\/wp\/v2\/product\/307727","targetHints":{"allow":["GET"]}}],"collection":[{"href":"https:\/\/www.moskito.cz\/sk\/wp-json\/wp\/v2\/product"}],"about":[{"href":"https:\/\/www.moskito.cz\/sk\/wp-json\/wp\/v2\/types\/product"}],"replies":[{"embeddable":true,"href":"https:\/\/www.moskito.cz\/sk\/wp-json\/wp\/v2\/comments?post=307727"}],"wp:featuredmedia":[{"embeddable":true,"href":"https:\/\/www.moskito.cz\/sk\/wp-json\/wp\/v2\/media\/190176"}],"wp:attachment":[{"href":"https:\/\/www.moskito.cz\/sk\/wp-json\/wp\/v2\/media?parent=307727"}],"wp:term":[{"taxonomy":"pwb-brand","embeddable":true,"href":"https:\/\/www.moskito.cz\/sk\/wp-json\/wp\/v2\/pwb-brand?post=307727"},{"taxonomy":"product_brand","embeddable":true,"href":"https:\/\/www.moskito.cz\/sk\/wp-json\/wp\/v2\/product_brand?post=307727"},{"taxonomy":"product_cat","embeddable":true,"href":"https:\/\/www.moskito.cz\/sk\/wp-json\/wp\/v2\/product_cat?post=307727"},{"taxonomy":"product_tag","embeddable":true,"href":"https:\/\/www.moskito.cz\/sk\/wp-json\/wp\/v2\/product_tag?post=307727"}],"curies":[{"name":"wp","href":"https:\/\/api.w.org\/{rel}","templated":true}]}}