{"id":307729,"date":"2020-04-22T20:21:18","date_gmt":"2024-02-06T10:59:24","guid":{"rendered":"https:\/\/www.moskito.cz\/produkt\/zatvaraci-noz-moj-prvy-victorinox-0-2363-t\/"},"modified":"2025-07-11T07:51:14","modified_gmt":"2025-07-11T06:51:14","slug":"zatvaraci-noz-moj-prvy-victorinox-0-2363-t","status":"publish","type":"product","link":"https:\/\/www.moskito.cz\/sk\/produkt\/zatvaraci-noz-moj-prvy-victorinox-0-2363-t\/","title":{"rendered":"Zatv\u00e1rac\u00ed N\u00f4\u017e M\u00f4j prv\u00fd Victorinox 0.2363.T"},"content":{"rendered":"<p>Zatv\u00e1rac\u00ed N\u00f4\u017e M\u00f4j prv\u00fd Victorinox 0.2363.T.<\/p>\n<p>M\u00f4j prv\u00fd Victorinox je n\u00f4\u017e ur\u010den\u00fd predov\u0161etk\u00fdm de\u0165om. N\u00f4\u017e m\u00e1 gu\u013eat\u00fa \u0161pi\u010dku \u010depele. Ve\u013ekos\u0165 no\u017ea 84 mm.<\/p>\n<p>S\u00fa\u010das\u0165ou balenia je z\u00e1veska na n\u00f4\u017e.<\/p>\n<p>ve\u013ek\u00fd n\u00f4\u017e &#8211; okr\u00fahly<br \/>\notv\u00e1ra\u010d na f\u013ea\u0161e<br \/>\notv\u00e1ra\u010d na konzervy<br \/>\nskrutkova\u010d<br \/>\nodstra\u0148ova\u010d izol\u00e1cie<br \/>\nnerezov\u00fd kr\u00fa\u017eok na k\u013e\u00fa\u010de<br \/>\npinzeta<br \/>\n\u0161p\u00e1radlo<\/p>\n","protected":false},"excerpt":{"rendered":"<p>Zatv\u00e1rac\u00ed n\u00f4\u017e.<\/p>\n","protected":false},"featured_media":167929,"comment_status":"open","ping_status":"closed","template":"","meta":[],"pwb-brand":[3537],"product_brand":[],"product_cat":[3233,3186],"product_tag":[],"class_list":{"0":"post-307729","1":"product","2":"type-product","3":"status-publish","4":"has-post-thumbnail","6":"pwb-brand-victorinox-sk","7":"product_cat-zatvaracie-noze","8":"product_cat-noze-sk","10":"first","11":"instock","12":"taxable","13":"shipping-taxable","14":"purchasable","15":"product-type-simple"},"brands":[{"id":3537,"name":"Victorinox","slug":"victorinox-sk"}],"_links":{"self":[{"href":"https:\/\/www.moskito.cz\/sk\/wp-json\/wp\/v2\/product\/307729","targetHints":{"allow":["GET"]}}],"collection":[{"href":"https:\/\/www.moskito.cz\/sk\/wp-json\/wp\/v2\/product"}],"about":[{"href":"https:\/\/www.moskito.cz\/sk\/wp-json\/wp\/v2\/types\/product"}],"replies":[{"embeddable":true,"href":"https:\/\/www.moskito.cz\/sk\/wp-json\/wp\/v2\/comments?post=307729"}],"wp:featuredmedia":[{"embeddable":true,"href":"https:\/\/www.moskito.cz\/sk\/wp-json\/wp\/v2\/media\/167929"}],"wp:attachment":[{"href":"https:\/\/www.moskito.cz\/sk\/wp-json\/wp\/v2\/media?parent=307729"}],"wp:term":[{"taxonomy":"pwb-brand","embeddable":true,"href":"https:\/\/www.moskito.cz\/sk\/wp-json\/wp\/v2\/pwb-brand?post=307729"},{"taxonomy":"product_brand","embeddable":true,"href":"https:\/\/www.moskito.cz\/sk\/wp-json\/wp\/v2\/product_brand?post=307729"},{"taxonomy":"product_cat","embeddable":true,"href":"https:\/\/www.moskito.cz\/sk\/wp-json\/wp\/v2\/product_cat?post=307729"},{"taxonomy":"product_tag","embeddable":true,"href":"https:\/\/www.moskito.cz\/sk\/wp-json\/wp\/v2\/product_tag?post=307729"}],"curies":[{"name":"wp","href":"https:\/\/api.w.org\/{rel}","templated":true}]}}