{"id":307735,"date":"2020-05-06T12:16:04","date_gmt":"2024-02-06T10:59:31","guid":{"rendered":"https:\/\/www.moskito.cz\/produkt\/zatvaraci-noz-joker-torcaz-no08\/"},"modified":"2025-07-11T07:51:22","modified_gmt":"2025-07-11T06:51:22","slug":"zatvaraci-noz-joker-torcaz-no08","status":"publish","type":"product","link":"https:\/\/www.moskito.cz\/sk\/produkt\/zatvaraci-noz-joker-torcaz-no08\/","title":{"rendered":"Zatv\u00e1rac\u00ed n\u00f4\u017e Joker Torcaz NO08"},"content":{"rendered":"<p>Zatv\u00e1rac\u00ed n\u00f4\u017e <strong>Joker T<\/strong> orcaz NO08.<\/p>\n<p>No\u017ee Joker poch\u00e1dzaj\u00fa zo \u0160panielskeho mesta Albacete, ktor\u00e9 je zn\u00e1me tradi\u010dnou v\u00fdrobou no\u017eov.<\/p>\n<p>Elegantn\u00fd zatv\u00e1rac\u00ed n\u00f4\u017e Joker Torcaz so r\u00fa\u010dkami z olivov\u00e9ho dreva<\/p>\n<p>&#8211; oce\u013e: 1.4116 &#8211; martenzitick\u00e1 nehrdzavej\u00faca oce\u013e<br \/>\n&#8211; d\u013a\u017eka \u010depele 9 cm<br \/>\n&#8211; poistka \u010depele: back lock<br \/>\n&#8211; v\u00e1ha: 115g<br \/>\n&#8211; rukov\u00e4\u0165: olivov\u00e9 drevo<\/p>\n","protected":false},"excerpt":{"rendered":"<p>No\u017ee <strong>Joker<\/strong> poch\u00e1dzaj\u00fa zo \u0160panielskeho mesta Albacete, ktor\u00e9 je zn\u00e1me tradi\u010dnou v\u00fdrobou no\u017eov a d\u00fdk.<br \/>\n<strong>Navrhnut\u00e9 a vyroben\u00e9 v \u0160panielsku (Albacete)<\/strong><\/p>\n","protected":false},"featured_media":192450,"comment_status":"open","ping_status":"closed","template":"","meta":[],"pwb-brand":[3399],"product_brand":[],"product_cat":[3186,3233],"product_tag":[],"class_list":{"0":"post-307735","1":"product","2":"type-product","3":"status-publish","4":"has-post-thumbnail","6":"pwb-brand-joker-sk","7":"product_cat-noze-sk","8":"product_cat-zatvaracie-noze","10":"first","11":"instock","12":"taxable","13":"shipping-taxable","14":"purchasable","15":"product-type-simple"},"brands":[{"id":3399,"name":"Joker","slug":"joker-sk"}],"_links":{"self":[{"href":"https:\/\/www.moskito.cz\/sk\/wp-json\/wp\/v2\/product\/307735","targetHints":{"allow":["GET"]}}],"collection":[{"href":"https:\/\/www.moskito.cz\/sk\/wp-json\/wp\/v2\/product"}],"about":[{"href":"https:\/\/www.moskito.cz\/sk\/wp-json\/wp\/v2\/types\/product"}],"replies":[{"embeddable":true,"href":"https:\/\/www.moskito.cz\/sk\/wp-json\/wp\/v2\/comments?post=307735"}],"wp:featuredmedia":[{"embeddable":true,"href":"https:\/\/www.moskito.cz\/sk\/wp-json\/wp\/v2\/media\/192450"}],"wp:attachment":[{"href":"https:\/\/www.moskito.cz\/sk\/wp-json\/wp\/v2\/media?parent=307735"}],"wp:term":[{"taxonomy":"pwb-brand","embeddable":true,"href":"https:\/\/www.moskito.cz\/sk\/wp-json\/wp\/v2\/pwb-brand?post=307735"},{"taxonomy":"product_brand","embeddable":true,"href":"https:\/\/www.moskito.cz\/sk\/wp-json\/wp\/v2\/product_brand?post=307735"},{"taxonomy":"product_cat","embeddable":true,"href":"https:\/\/www.moskito.cz\/sk\/wp-json\/wp\/v2\/product_cat?post=307735"},{"taxonomy":"product_tag","embeddable":true,"href":"https:\/\/www.moskito.cz\/sk\/wp-json\/wp\/v2\/product_tag?post=307735"}],"curies":[{"name":"wp","href":"https:\/\/api.w.org\/{rel}","templated":true}]}}