{"id":307740,"date":"2020-04-30T16:25:12","date_gmt":"2024-02-06T10:59:31","guid":{"rendered":"https:\/\/www.moskito.cz\/produkt\/pevny-noz-cold-steel-urban-pal-cs43ls\/"},"modified":"2025-07-11T07:51:17","modified_gmt":"2025-07-11T06:51:17","slug":"pevny-noz-cold-steel-urban-pal-cs43ls","status":"publish","type":"product","link":"https:\/\/www.moskito.cz\/sk\/produkt\/pevny-noz-cold-steel-urban-pal-cs43ls\/","title":{"rendered":"Pevn\u00fd N\u00f4\u017e Cold Steel Urban Pal CS43LS"},"content":{"rendered":"<p>Pevn\u00fd N\u00f4\u017e Cold Steel Urban Pal CS43LS.<\/p>\n<p>Americk\u00e1 firma Cold Steel spoch\u00e1dza z Ventury v Kalifornii. Zna\u010dka bola zalo\u017een\u00e1 v roku 1980 so zameran\u00edm na v\u00fdrobu najsilnej\u0161\u00edch a najostrej\u0161\u00edch no\u017eov na svete. V priebehu posledn\u00fdch troch desa\u0165ro\u010d\u00ed bola spolo\u010dnos\u0165 Cold Steel na \u010dele mnoh\u00fdch inov\u00e1ci\u00ed, ktor\u00e9 pomohli definova\u0165 komer\u010dn\u00fd n\u00f4\u017e ako celok. V\u00fdrobca udr\u017euje vysok\u00fa kvalitu spracovania a neust\u00e1le pracuje na tom, aby si plnil svoj cie\u013e, pon\u00faka\u0165 najsilnej\u0161ie a najostrej\u0161ie no\u017ee na svete. Rozsiahly sortiment taktick\u00fdch \u010di loveck\u00fdch no\u017eov zais\u0165uje \u0161irok\u00fa z\u00e1klad\u0148u u\u017e\u00edvate\u013eov a vern\u00fdch fan\u00fa\u0161ikov.<\/p>\n<p>Hr\u00fabka \u010depele: 2mm<br \/>\n D\u013a\u017eka \u010depele: 4 cm<br \/>\n Rukov\u00e4\u0165: Krat\u00f3n<br \/>\n Oce\u013e: AUS 8A<br \/>\n Celkov\u00e1 d\u013a\u017eka:8cm<br \/>\n Puzdro: Securex Sheath<br \/>\n Made in Japan<\/p>\n<p>Urban Pal should be standard equipment for survival in today&#8217;s urban jungle! Weighing less than half an ounce, to je perfektne v dom\u00e1cnosti unobtrusively vykladan\u00e9 v ko\u0161i alebo purse a m\u00f4\u017ee by\u0165 \u013eahko zakotven\u00fd v k\u013e\u00fa\u010di kr\u00fa\u017eku, alebo hunk\u00e9 okolo krku.<br \/>\n Weight: 0.7oz Blade Thickness: 2mm Blade Length: 1-1\/2&#8243; Blade Steel: Japonsko AUS8A Stainless Handle Length\/Material: 1-5\/8&#8243; Kray-Ex\u2122 Overall Length: 3-1\/8&#8243; \u0160pecifik\u00e1cie: Steel Family: AUS Blade Shape: Drop Point<\/p>\n<p>&nbsp;<\/p>\n","protected":false},"excerpt":{"rendered":"<div class=\"vc-commoditydetail_annotation\">\n<div class=\"annotation wysiwyg\">Urban Pal od firmy COLD STEEL je mal\u00e1 tla\u010dn\u00e1 d\u00fdka so z\u00fabkovan\u00fdm ostr\u00edm. Vhodn\u00fd no\u017e\u00edk na EDC a ka\u017edodenn\u00e9 pre\u017eitie v mestskej d\u017eungli. Je mo\u017en\u00e9 pripn\u00fa\u0165 na k\u013e\u00fa\u010denku, v\u00fdstroj alebo zips bundy.<\/div>\n<\/div>\n<div class=\"vc-commoditydetail_info\">\n<div class=\"items loaded\" data-module=\"vm\/CommodityDetail_Info\">\n<dl class=\"Person\">\n<dt>V\u00fdrobca<\/dt>\n<\/dl>\n<\/div>\n<\/div>\n","protected":false},"featured_media":168031,"comment_status":"open","ping_status":"closed","template":"","meta":[],"pwb-brand":[3598],"product_brand":[],"product_cat":[3186,3187],"product_tag":[3668],"class_list":{"0":"post-307740","1":"product","2":"type-product","3":"status-publish","4":"has-post-thumbnail","6":"pwb-brand-cold-steel-sk","7":"product_cat-noze-sk","8":"product_cat-pevne-noze-sk","9":"product_tag-b2b-sk","11":"first","12":"outofstock","13":"taxable","14":"shipping-taxable","15":"purchasable","16":"product-type-simple"},"brands":[{"id":3598,"name":"Cold Steel","slug":"cold-steel-sk"}],"_links":{"self":[{"href":"https:\/\/www.moskito.cz\/sk\/wp-json\/wp\/v2\/product\/307740","targetHints":{"allow":["GET"]}}],"collection":[{"href":"https:\/\/www.moskito.cz\/sk\/wp-json\/wp\/v2\/product"}],"about":[{"href":"https:\/\/www.moskito.cz\/sk\/wp-json\/wp\/v2\/types\/product"}],"replies":[{"embeddable":true,"href":"https:\/\/www.moskito.cz\/sk\/wp-json\/wp\/v2\/comments?post=307740"}],"wp:featuredmedia":[{"embeddable":true,"href":"https:\/\/www.moskito.cz\/sk\/wp-json\/wp\/v2\/media\/168031"}],"wp:attachment":[{"href":"https:\/\/www.moskito.cz\/sk\/wp-json\/wp\/v2\/media?parent=307740"}],"wp:term":[{"taxonomy":"pwb-brand","embeddable":true,"href":"https:\/\/www.moskito.cz\/sk\/wp-json\/wp\/v2\/pwb-brand?post=307740"},{"taxonomy":"product_brand","embeddable":true,"href":"https:\/\/www.moskito.cz\/sk\/wp-json\/wp\/v2\/product_brand?post=307740"},{"taxonomy":"product_cat","embeddable":true,"href":"https:\/\/www.moskito.cz\/sk\/wp-json\/wp\/v2\/product_cat?post=307740"},{"taxonomy":"product_tag","embeddable":true,"href":"https:\/\/www.moskito.cz\/sk\/wp-json\/wp\/v2\/product_tag?post=307740"}],"curies":[{"name":"wp","href":"https:\/\/api.w.org\/{rel}","templated":true}]}}