{"id":307745,"date":"2020-05-01T21:05:20","date_gmt":"2024-02-06T10:59:43","guid":{"rendered":"https:\/\/www.moskito.cz\/produkt\/hodinky-victorinox-alliance-small-241539\/"},"modified":"2025-07-11T07:51:21","modified_gmt":"2025-07-11T06:51:21","slug":"hodinky-victorinox-alliance-small-241539","status":"publish","type":"product","link":"https:\/\/www.moskito.cz\/sk\/produkt\/hodinky-victorinox-alliance-small-241539\/","title":{"rendered":"Hodinky Victorinox Alliance Small 241539"},"content":{"rendered":"<p><strong>Hodinky Victorinox Alliance Small 241539.<\/p>\n<p>\u0160vaj\u010diarske hodinky Victorinox z modelov\u00e9ho radu Alliance s ozna\u010den\u00edm 241539 s\u00fa vysoko vodotesn\u00e9. Maj\u00fa quartzov\u00fd stroj\u010dek a odoln\u00e9 zaf\u00edrov\u00e9 skl\u00ed\u010dko s antireflexnou vrstvou.<\/p>\n<table>\n<tbody>\n<tr>\n<td>Ur\u010denie<\/td>\n<td>D\u00e1mske<\/td>\n<\/tr>\n<tr>\n<td>P\u00f4vod<\/td>\n<td>\u0160vaj\u010diarske<\/td>\n<\/tr>\n<tr>\n<td>Pou\u017eitie<\/td>\n<td>Spolo\u010densk\u00e9<\/td>\n<\/tr>\n<tr>\n<td>Vodotesnos\u0165<\/td>\n<td>100 m<\/td>\n<\/tr>\n<tr>\n<td>Pohon<\/td>\n<td>Bat\u00e9riov\u00fd Quartz<\/td>\n<\/tr>\n<tr>\n<td>Stroj\u010dek<\/td>\n<td>Ronda 705<\/td>\n<\/tr>\n<tr>\n<td>Bat\u00e9rie<\/td>\n<td>\u00c1no<\/td>\n<\/tr>\n<tr>\n<td>Cifern\u00edk<\/td>\n<td>Anal\u00f3gov\u00fd<\/td>\n<\/tr>\n<tr>\n<td>Materi\u00e1l skl\u00ed\u010dka<\/td>\n<td>Zaf\u00edrov\u00e9 &#8211; antireflexn\u00e9<\/td>\n<\/tr>\n<tr>\n<td>Materi\u00e1l puzdra<\/td>\n<td>U\u0161\u013eachtil\u00e1 oce\u013e<\/td>\n<\/tr>\n<tr>\n<td>Materi\u00e1l p\u00e1sky<\/td>\n<td>U\u0161\u013eachtil\u00e1 oce\u013e<\/td>\n<\/tr>\n<tr>\n<td>Tvar puzdra<\/td>\n<td>Okr\u00fahle<\/td>\n<\/tr>\n<tr>\n<td>Rozmer puzdra<\/td>\n<td>30mm<\/td>\n<\/tr>\n<tr>\n<td>Farba \u010d\u00edseln\u00edka<\/td>\n<td>Biela<\/td>\n<\/tr>\n<tr>\n<td>Farba n\u00e1ramku<\/td>\n<td>\u0160ed\u00e1<\/td>\n<\/tr>\n<tr>\n<td>D\u00e1tum<\/td>\n<td>\u00c1no<\/td>\n<\/tr>\n<tr>\n<td>Veko na z\u00e1vit<\/td>\n<td>\u00c1no<\/td>\n<\/tr>\n<tr>\n<td>Z\u00e1ruka<\/td>\n<td>5 rokov<\/td>\n<\/tr>\n<\/tbody>\n<\/table>\n","protected":false},"excerpt":{"rendered":"<p>Hodinky Victorinox.<\/p>\n","protected":false},"featured_media":182956,"comment_status":"open","ping_status":"closed","template":"","meta":[],"pwb-brand":[3537],"product_brand":[],"product_cat":[3349],"product_tag":[],"class_list":{"0":"post-307745","1":"product","2":"type-product","3":"status-publish","4":"has-post-thumbnail","6":"pwb-brand-victorinox-sk","7":"product_cat-hodinky-sk","9":"first","10":"instock","11":"taxable","12":"shipping-taxable","13":"purchasable","14":"product-type-simple"},"brands":[{"id":3537,"name":"Victorinox","slug":"victorinox-sk"}],"_links":{"self":[{"href":"https:\/\/www.moskito.cz\/sk\/wp-json\/wp\/v2\/product\/307745","targetHints":{"allow":["GET"]}}],"collection":[{"href":"https:\/\/www.moskito.cz\/sk\/wp-json\/wp\/v2\/product"}],"about":[{"href":"https:\/\/www.moskito.cz\/sk\/wp-json\/wp\/v2\/types\/product"}],"replies":[{"embeddable":true,"href":"https:\/\/www.moskito.cz\/sk\/wp-json\/wp\/v2\/comments?post=307745"}],"wp:featuredmedia":[{"embeddable":true,"href":"https:\/\/www.moskito.cz\/sk\/wp-json\/wp\/v2\/media\/182956"}],"wp:attachment":[{"href":"https:\/\/www.moskito.cz\/sk\/wp-json\/wp\/v2\/media?parent=307745"}],"wp:term":[{"taxonomy":"pwb-brand","embeddable":true,"href":"https:\/\/www.moskito.cz\/sk\/wp-json\/wp\/v2\/pwb-brand?post=307745"},{"taxonomy":"product_brand","embeddable":true,"href":"https:\/\/www.moskito.cz\/sk\/wp-json\/wp\/v2\/product_brand?post=307745"},{"taxonomy":"product_cat","embeddable":true,"href":"https:\/\/www.moskito.cz\/sk\/wp-json\/wp\/v2\/product_cat?post=307745"},{"taxonomy":"product_tag","embeddable":true,"href":"https:\/\/www.moskito.cz\/sk\/wp-json\/wp\/v2\/product_tag?post=307745"}],"curies":[{"name":"wp","href":"https:\/\/api.w.org\/{rel}","templated":true}]}}