{"id":307765,"date":"2020-05-01T20:55:11","date_gmt":"2024-02-06T10:59:49","guid":{"rendered":"https:\/\/www.moskito.cz\/produkt\/hodinky-victorinox-alliance-241476\/"},"modified":"2025-07-11T07:51:20","modified_gmt":"2025-07-11T06:51:20","slug":"hodinky-victorinox-alliance-241476","status":"publish","type":"product","link":"https:\/\/www.moskito.cz\/sk\/produkt\/hodinky-victorinox-alliance-241476\/","title":{"rendered":"Hodinky Victorinox Alliance 241476"},"content":{"rendered":"<p>Hodinky Victorinox Alliance 241476.<\/p>\n<p>Kvalitn\u00e9 \u0161vaj\u010diarske hodinky zna\u010dky Victorinox z modelovej rady <strong>Alliance s ozna\u010den\u00edm 241476<\/strong> s\u00fa vodotesn\u00e9 do 100 m. Maj\u00fa quartzov\u00fd stroj\u010dek s ozna\u010den\u00edm Ronda 715.<\/p>\n<p>Hodinky disponuj\u00fa d\u00e1tumovkou, samozrejmos\u0165ou je zaf\u00edrov\u00e9 skl\u00ed\u010dko s antireflexnou vrstvou, v\u010faka ktor\u00e9mu na hodinky uvid\u00edte za ak\u00fdchko\u013evek okolnost\u00ed. Hodinky s\u00fa dod\u00e1van\u00e9 s oce\u013eov\u00fdm n\u00e1ramkom.<\/p>\n<table>\n<tbody>\n<tr>\n<td>Ur\u010denie<\/td>\n<td>P\u00e1nske<\/td>\n<\/tr>\n<tr>\n<td>P\u00f4vod<\/td>\n<td>\u0160vaj\u010diarske<\/td>\n<\/tr>\n<tr>\n<td>Pou\u017eitie<\/td>\n<td>Spolo\u010densk\u00e9<\/td>\n<\/tr>\n<tr>\n<td>Vodotesnos\u0165<\/td>\n<td>100 m<\/td>\n<\/tr>\n<tr>\n<td>Pohon<\/td>\n<td>Bat\u00e9riov\u00fd Quartz<\/td>\n<\/tr>\n<tr>\n<td>Stroj\u010dek<\/td>\n<td>Ronda 715<\/td>\n<\/tr>\n<tr>\n<td>Bat\u00e9rie<\/td>\n<td>\u00c1no<\/td>\n<\/tr>\n<tr>\n<td>Cifern\u00edk<\/td>\n<td>Anal\u00f3gov\u00fd<\/td>\n<\/tr>\n<tr>\n<td>Materi\u00e1l skl\u00ed\u010dka<\/td>\n<td>Zaf\u00edrov\u00e9 &#8211; antireflexn\u00e9<\/td>\n<\/tr>\n<tr>\n<td>Materi\u00e1l puzdra<\/td>\n<td>U\u0161\u013eachtil\u00e1 oce\u013e<\/td>\n<\/tr>\n<tr>\n<td>Materi\u00e1l p\u00e1sky<\/td>\n<td>U\u0161\u013eachtil\u00e1 oce\u013e<\/td>\n<\/tr>\n<tr>\n<td>Tvar puzdra<\/td>\n<td>Okr\u00fahle<\/td>\n<\/tr>\n<tr>\n<td>Rozmer puzdra<\/td>\n<td>40 mm<\/td>\n<\/tr>\n<tr>\n<td>V\u00fd\u0161ka puzdra<\/td>\n<td>9 mm<\/td>\n<\/tr>\n<tr>\n<td>\u0160\u00edrka p\u00e1sky<\/td>\n<td>20 mm<\/td>\n<\/tr>\n<tr>\n<td>V\u00e1ha<\/td>\n<td>138 g<\/td>\n<\/tr>\n<tr>\n<td>Farba \u010d\u00edseln\u00edka<\/td>\n<td>Biela<\/td>\n<\/tr>\n<tr>\n<td>Farba n\u00e1ramku<\/td>\n<td>\u0160ed\u00e1<\/td>\n<\/tr>\n<tr>\n<td>D\u00e1tum<\/td>\n<td>\u00c1no<\/td>\n<\/tr>\n<tr>\n<td>Luminiscencia<\/td>\n<td>Ru\u010di\u010dky a indexy<\/td>\n<\/tr>\n<tr>\n<td>Veko na z\u00e1vit<\/td>\n<td>\u00c1no<\/td>\n<\/tr>\n<tr>\n<td>Z\u00e1ruka<\/td>\n<td>5 rokov<\/td>\n<\/tr>\n<\/tbody>\n<\/table>\n","protected":false},"excerpt":{"rendered":"<p>Hodinky <strong>Victorinox<\/strong> .<\/p>\n","protected":false},"featured_media":182958,"comment_status":"open","ping_status":"closed","template":"","meta":[],"pwb-brand":[3537],"product_brand":[],"product_cat":[3349],"product_tag":[],"class_list":{"0":"post-307765","1":"product","2":"type-product","3":"status-publish","4":"has-post-thumbnail","6":"pwb-brand-victorinox-sk","7":"product_cat-hodinky-sk","9":"first","10":"instock","11":"taxable","12":"shipping-taxable","13":"purchasable","14":"product-type-simple"},"brands":[{"id":3537,"name":"Victorinox","slug":"victorinox-sk"}],"_links":{"self":[{"href":"https:\/\/www.moskito.cz\/sk\/wp-json\/wp\/v2\/product\/307765","targetHints":{"allow":["GET"]}}],"collection":[{"href":"https:\/\/www.moskito.cz\/sk\/wp-json\/wp\/v2\/product"}],"about":[{"href":"https:\/\/www.moskito.cz\/sk\/wp-json\/wp\/v2\/types\/product"}],"replies":[{"embeddable":true,"href":"https:\/\/www.moskito.cz\/sk\/wp-json\/wp\/v2\/comments?post=307765"}],"wp:featuredmedia":[{"embeddable":true,"href":"https:\/\/www.moskito.cz\/sk\/wp-json\/wp\/v2\/media\/182958"}],"wp:attachment":[{"href":"https:\/\/www.moskito.cz\/sk\/wp-json\/wp\/v2\/media?parent=307765"}],"wp:term":[{"taxonomy":"pwb-brand","embeddable":true,"href":"https:\/\/www.moskito.cz\/sk\/wp-json\/wp\/v2\/pwb-brand?post=307765"},{"taxonomy":"product_brand","embeddable":true,"href":"https:\/\/www.moskito.cz\/sk\/wp-json\/wp\/v2\/product_brand?post=307765"},{"taxonomy":"product_cat","embeddable":true,"href":"https:\/\/www.moskito.cz\/sk\/wp-json\/wp\/v2\/product_cat?post=307765"},{"taxonomy":"product_tag","embeddable":true,"href":"https:\/\/www.moskito.cz\/sk\/wp-json\/wp\/v2\/product_tag?post=307765"}],"curies":[{"name":"wp","href":"https:\/\/api.w.org\/{rel}","templated":true}]}}