{"id":307776,"date":"2020-04-30T21:16:58","date_gmt":"2024-02-06T10:59:53","guid":{"rendered":"https:\/\/www.moskito.cz\/produkt\/zatvaraci-noz-spyderco-titanium-chaparral\/"},"modified":"2025-07-11T07:51:19","modified_gmt":"2025-07-11T06:51:19","slug":"zatvaraci-noz-spyderco-titanium-chaparral","status":"publish","type":"product","link":"https:\/\/www.moskito.cz\/sk\/produkt\/zatvaraci-noz-spyderco-titanium-chaparral\/","title":{"rendered":"Zatv\u00e1rac\u00ed N\u00f4\u017e Spyderco Titanium Chaparral"},"content":{"rendered":"<p>Zatv\u00e1rac\u00ed N\u00f4\u017e Spyderco Titanium Chaparral .<\/p>\n<p>Spyderco je firma poch\u00e1dzaj\u00faca z Colorada, USA. Tieto svetozn\u00e1me no\u017ee so znakom pav\u00faka s\u00fa navrhovan\u00e9 s oh\u013eadom na maxim\u00e1lnu funk\u010dnos\u0165 a komfortn\u00e9 pou\u017e\u00edvanie. Spolo\u010dnos\u0165 Spyderco zaviedla vo v\u00fdrobe no\u017eov mno\u017estvo inov\u00e1ci\u00ed, ktor\u00e9 n\u00e1sledne prevzalo mnoho \u010fal\u0161\u00edch no\u017eiarskych firiem. Ide napr\u00edklad o otvor v \u010depeli, ktor\u00fd umo\u017e\u0148uje otv\u00e1ranie no\u017ea jednou rukou, vreckov\u00fd klip na uchytenie no\u017ea alebo \u010diasto\u010dne vr\u00fabkovan\u00e9 ostrie.<\/p>\n<p>S\u00e9ria Spyderco Chaparral poskytuje vysoko rafinovan\u00fd dizajn s najmodernej\u0161\u00edmi<br \/>\n materi\u00e1lmi a \u00fapravami dr\u017eadla. Najnov\u0161\u00edm pr\u00edrastkom do tohto radu s\u00fa mas\u00edvne tit\u00e1nov\u00e9<br \/>\n vlo\u017eka s presnos\u0165ou na CNC obr\u00e1banie so zlo\u017eit\u00fdm trojrozmern\u00fdm &#8222;stup\u0148ovit\u00fdm&#8220; vzorom.<br \/>\n Tento skvele vytvoren\u00fd n\u00f4\u017e je vybaven\u00fd celoplo\u0161ne br\u00fasenou \u010depe\u013eou z nerezovej ocele<br \/>\n CTS \u2122 XHP, mechanizmom sp\u00e4tn\u00e9ho z\u00e1mku a reverzibilnou dr\u00f4tovou sponou,<br \/>\n ktor\u00e1 podporuje obojstrann\u00e9 nosenie.<br \/>\n \u0160pecifik\u00e1cia<\/p>\n<p>Uzavret\u00e9: 91 mm<br \/>\n Celkovo: 161 mm<br \/>\n \u010cepe\u013e: 2,75 &#8222;(70 mm)<br \/>\n Hrana: 2,30 &#8222;(58 mm)<br \/>\n Hr\u00fabka \u010depele: 0,077&#8220; (1,9 mm)<br \/>\n Blade Steel: CTS-XHP<br \/>\n Grind: Plne ploch\u00fd<br \/>\n Materi\u00e1l rukov\u00e4te: Titan<\/p>\n","protected":false},"excerpt":{"rendered":"<p>Zatv\u00e1rac\u00ed n\u00f4\u017e.<\/p>\n","protected":false},"featured_media":190085,"comment_status":"open","ping_status":"closed","template":"","meta":[],"pwb-brand":[3261],"product_brand":[],"product_cat":[3186,3233],"product_tag":[3668],"class_list":{"0":"post-307776","1":"product","2":"type-product","3":"status-publish","4":"has-post-thumbnail","6":"pwb-brand-zatvaraci-noz-spyderco-endura-flat-ground-gray-frn-c10fpgy","7":"product_cat-noze-sk","8":"product_cat-zatvaracie-noze","9":"product_tag-b2b-sk","11":"first","12":"outofstock","13":"taxable","14":"shipping-taxable","15":"purchasable","16":"product-type-simple"},"brands":[{"id":3261,"name":"Zatv\u00e1rac\u00ed N\u00f4\u017e Spyderco Endura Flat Ground Gray FRN C10FPGY","slug":"zatvaraci-noz-spyderco-endura-flat-ground-gray-frn-c10fpgy"}],"_links":{"self":[{"href":"https:\/\/www.moskito.cz\/sk\/wp-json\/wp\/v2\/product\/307776","targetHints":{"allow":["GET"]}}],"collection":[{"href":"https:\/\/www.moskito.cz\/sk\/wp-json\/wp\/v2\/product"}],"about":[{"href":"https:\/\/www.moskito.cz\/sk\/wp-json\/wp\/v2\/types\/product"}],"replies":[{"embeddable":true,"href":"https:\/\/www.moskito.cz\/sk\/wp-json\/wp\/v2\/comments?post=307776"}],"wp:featuredmedia":[{"embeddable":true,"href":"https:\/\/www.moskito.cz\/sk\/wp-json\/wp\/v2\/media\/190085"}],"wp:attachment":[{"href":"https:\/\/www.moskito.cz\/sk\/wp-json\/wp\/v2\/media?parent=307776"}],"wp:term":[{"taxonomy":"pwb-brand","embeddable":true,"href":"https:\/\/www.moskito.cz\/sk\/wp-json\/wp\/v2\/pwb-brand?post=307776"},{"taxonomy":"product_brand","embeddable":true,"href":"https:\/\/www.moskito.cz\/sk\/wp-json\/wp\/v2\/product_brand?post=307776"},{"taxonomy":"product_cat","embeddable":true,"href":"https:\/\/www.moskito.cz\/sk\/wp-json\/wp\/v2\/product_cat?post=307776"},{"taxonomy":"product_tag","embeddable":true,"href":"https:\/\/www.moskito.cz\/sk\/wp-json\/wp\/v2\/product_tag?post=307776"}],"curies":[{"name":"wp","href":"https:\/\/api.w.org\/{rel}","templated":true}]}}