{"id":307788,"date":"2020-06-02T09:49:38","date_gmt":"2020-06-02T08:49:38","guid":{"rendered":"https:\/\/www.moskito.cz\/produkt\/kladkova-kus-barnett-wildcat-c6-set-4x32\/"},"modified":"2026-03-30T09:59:07","modified_gmt":"2026-03-30T08:59:07","slug":"kladkova-kus-barnett-wildcat-c6-set-4x32","status":"publish","type":"product","link":"https:\/\/www.moskito.cz\/sk\/produkt\/kladkova-kus-barnett-wildcat-c6-set-4x32\/","title":{"rendered":"Kladkov\u00e1 Ku\u0161 BARNETT WILDCAT C6 set 4&#215;32"},"content":{"rendered":"<p>Kladkov\u00e1 Ku\u0161 BARNETT WILDCAT C6 set 4&#215;32.<\/p>\n<p>Ku\u0161 alebo samostrie\u013e je p\u00f4vodom historick\u00e1 zbra\u0148 pou\u017e\u00edvan\u00e1 preva\u017ene v stredoveku \u010di u\u017e na lov alebo na boj. Vynikala obrovskou razanciou a dlh\u00fdm dostrelom. Dnes legislat\u00edva lov touto zbra\u0148ou vo v\u00e4\u010d\u0161ine eur\u00f3pskych \u0161t\u00e1tov zakazuje. Ku\u0161 dnes sl\u00fa\u017ei predov\u0161etk\u00fdm \u0161portov\u00fdm a rekrea\u010dn\u00fdm \u00fa\u010delom. Modern\u00e9 ku\u0161e s v\u00fdnimkou detsk\u00fdch so \u0161\u00edpkami s pr\u00edsavkou zost\u00e1vaj\u00fa st\u00e1le zbra\u0148ou a tak s\u00fa aj klasifikovan\u00e9 Z\u00e1konom o zbraniach a strelive. Ich predaj je vo\u013en\u00fd od 18 rokov.<\/p>\n<p>Pokia\u013e majite\u013e dodr\u017e\u00ed nieko\u013eko z\u00e1sad, ku\u0161 mu posl\u00fa\u017ei ako zdroj outdoorovej z\u00e1bavy leta:<\/p>\n<ol>\n<li>S ku\u0161ou \u200b\u200bzaobch\u00e1dzajte ako so zbra\u0148ou &#8211; nenech\u00e1vajte ju nabit\u00fa, nemierte na osoby a zvierat\u00e1, a to ani v nenabitom stave zo srandy a pri stre\u013ebe dbajte, aby sa v oblasti stre\u013eby nikto nepohyboval (pobiehaj\u00face deti, psy atp.).<\/li>\n<li>\u0160\u00edp z ku\u0161e m\u00e1 dlh\u00fd dolet, pri v\u00fdstrele do vzduchu a\u017e 1.5 km. Strie\u013eajte v\u017edy do bezpe\u010dn\u00e9ho priestoru (protisvah, z\u00e1chytn\u00e1 sie\u0165, &#8230;) a na stre\u013ebu si vyhra\u010fte dostato\u010dne dlh\u00fd, preh\u013eadn\u00fd a bezpe\u010dn\u00fd priestor.<\/li>\n<li><strong>NIKDY nevystre\u013ete s ku\u0161ou \u200b\u200bNAPR\u00c1ZDNO &#8211; teda bez \u0161\u00edpu.<\/strong>  Ch\u00fdbaj\u00faci odpor \u0161\u00edpu vedie k de\u0161trukcii tetivy alebo lu\u010diska.<\/li>\n<li>Pou\u017e\u00edvajte \u0161\u00edpy spr\u00e1vnej d\u013a\u017eky a hmotnosti. \u013dah\u0161ie \u0161\u00edpy ved\u00fa k vy\u0161\u0161iemu opotrebovaniu a m\u00f4\u017eu sp\u00f4sobi\u0165 aj de\u0161trukciu ku\u0161e.<\/li>\n<li>Tetivu ku\u0161e pravidelne premaz\u00e1vajte tukom na tetivy pred\u013a\u017eite jej \u017eivotnos\u0165.<\/li>\n<li>Pre \u0161\u00edpy pou\u017e\u00edvajte vhodn\u00e9 dopadisk\u00e1. \u0160\u00edp pri dopade mus\u00ed by\u0165 zabrzden\u00fd postupne, nie naraz, na druh\u00fa stranu mus\u00ed by\u0165 dopadiskom \u00faplne zastaven\u00fd. Vhodn\u00fdm dopadiskom okrem be\u017ene pred\u00e1van\u00fdch s\u00fa baly slamy, hobra stiahnut\u00e1 dreven\u00fdm r\u00e1mom alebo dostato\u010dn\u00e1 vrstva star\u00fdch handier natla\u010den\u00e1 do jutov\u00e9ho vreca atp.<\/li>\n<\/ol>\n<p>Ku\u0161a Barnett Wildcat C6 je kladkov\u00e1 ku\u0161a strednej triedy s n\u00e1\u0165ahovou silou 140 lb (63 kg) a ramenami 26.25\u201d (67cm rozstup os\u00ed kladiek).<\/p>\n<p>Srdce je z hor\u010d\u00edkovej zliatiny, pa\u017eba z od\u013eah\u010den\u00e9ho kompozitu je osaden\u00e1 ochrannou li\u0161tou. V z\u00e1kladnej v\u00fdbave ku\u0161e je viacosnovov\u00fd<\/p>\n<p>zameriavac\u00ed \u010falekoh\u013ead 4&#215;32, kladkov\u00fd na\u0165ahova\u010d, dr\u017eiak 3 \u0161\u00edpov a 3 kusy 20\u201d \u0161\u00edpov.<\/p>\n<p>Predajn\u00e9 od 18 rokov.<\/p>\n<p>&nbsp;<\/p>\n","protected":false},"excerpt":{"rendered":"<p>Jedna z najstar\u0161\u00edch v\u00fdkonn\u00fdch mechanick\u00fdch zbran\u00ed je ku\u0161a. V\u010faka technologick\u00e9mu pokroku u\u017e nem\u00e1me iba tradi\u010dn\u00e9 reflexn\u00e9 ku\u0161e, ale aj ku\u0161e kladkov\u00e9, ktor\u00e9 s\u00fa v\u010faka svojim kladk\u00e1m kompaktnej\u0161ie a aj pri ni\u017e\u0161ej sile dosahuj\u00fa vy\u0161\u0161\u00ed v\u00fdkon. Pre z\u00e1bavn\u00fa ter\u010dov\u00fa stre\u013ebu m\u00e1me pi\u0161to\u013eov\u00e9 ku\u0161e. Ku\u0161e \u0161portov\u00e9 aj po\u013eovn\u00edcke.<\/p>\n","protected":false},"featured_media":168501,"comment_status":"open","ping_status":"closed","template":"","meta":[],"pwb-brand":[3610],"product_brand":[],"product_cat":[3616,3613],"product_tag":[],"class_list":{"0":"post-307788","1":"product","2":"type-product","3":"status-publish","4":"has-post-thumbnail","6":"pwb-brand-barnett-sk","7":"product_cat-kuse-kladkove-sk","8":"product_cat-kusa","10":"first","11":"instock","12":"taxable","13":"shipping-taxable","14":"purchasable","15":"product-type-simple"},"brands":[{"id":3610,"name":"Barnett","slug":"barnett-sk"}],"_links":{"self":[{"href":"https:\/\/www.moskito.cz\/sk\/wp-json\/wp\/v2\/product\/307788","targetHints":{"allow":["GET"]}}],"collection":[{"href":"https:\/\/www.moskito.cz\/sk\/wp-json\/wp\/v2\/product"}],"about":[{"href":"https:\/\/www.moskito.cz\/sk\/wp-json\/wp\/v2\/types\/product"}],"replies":[{"embeddable":true,"href":"https:\/\/www.moskito.cz\/sk\/wp-json\/wp\/v2\/comments?post=307788"}],"wp:featuredmedia":[{"embeddable":true,"href":"https:\/\/www.moskito.cz\/sk\/wp-json\/wp\/v2\/media\/168501"}],"wp:attachment":[{"href":"https:\/\/www.moskito.cz\/sk\/wp-json\/wp\/v2\/media?parent=307788"}],"wp:term":[{"taxonomy":"pwb-brand","embeddable":true,"href":"https:\/\/www.moskito.cz\/sk\/wp-json\/wp\/v2\/pwb-brand?post=307788"},{"taxonomy":"product_brand","embeddable":true,"href":"https:\/\/www.moskito.cz\/sk\/wp-json\/wp\/v2\/product_brand?post=307788"},{"taxonomy":"product_cat","embeddable":true,"href":"https:\/\/www.moskito.cz\/sk\/wp-json\/wp\/v2\/product_cat?post=307788"},{"taxonomy":"product_tag","embeddable":true,"href":"https:\/\/www.moskito.cz\/sk\/wp-json\/wp\/v2\/product_tag?post=307788"}],"curies":[{"name":"wp","href":"https:\/\/api.w.org\/{rel}","templated":true}]}}