{"id":307790,"date":"2020-05-23T17:44:56","date_gmt":"2024-02-06T11:00:14","guid":{"rendered":"https:\/\/www.moskito.cz\/produkt\/zatvaraci-noz-tac-force-speedster\/"},"modified":"2025-07-11T07:51:25","modified_gmt":"2025-07-11T06:51:25","slug":"zatvaraci-noz-tac-force-speedster","status":"publish","type":"product","link":"https:\/\/www.moskito.cz\/sk\/produkt\/zatvaraci-noz-tac-force-speedster\/","title":{"rendered":"Zatv\u00e1rac\u00ed N\u00f4\u017e Tac Force Speedster"},"content":{"rendered":"<p>Zatv\u00e1rac\u00ed N\u00f4\u017e Tac Force Speedster.<\/p>\n<p>Tento neuverite\u013ene cenen\u00fd n\u00f4\u017e od Tac-Force m\u00e1 pr\u00ed\u0165a\u017eliv\u00fd vzh\u013ead, ktor\u00fd je v tejto cenovej rel\u00e1cii vz\u00e1cny.<\/p>\n<p>\u010cierne drevo Pakkawood dod\u00e1va no\u017eu \u0161mrnc. Nerezov\u00e1 \u010depe\u013e m\u00e1 \u0161ed\u00fa povrchov\u00fa \u00fapravu a je v \u0161t\u00fdle bajonetov\u00e9ho no\u017ea. N\u00f4\u017e m\u00e1 asistovan\u00e9 otv\u00e1ranie a klip. Celkov\u00e1 d\u013a\u017eka no\u017ea je 22 cm. D\u013a\u017eka \u010depele je 10 cm.<\/p>\n<p>&nbsp;<\/p>\n<div id=\"tw-target-text-container\" class=\"tw-ta-container hide-focus-ring tw-nfl\" tabindex=\"0\">\n<pre id=\"tw-target-text\" class=\"tw-data-text tw-text-large XcVN5d tw-ta\" dir=\"ltr\" data-placeholder=\"P\u0159eklad\"><span lang=\"cs\">i<\/span><\/pre>\n<\/div>\n<div id=\"tw-target-rmn-container\" class=\"tw-ta-container hide-focus-ring tw-nfl\">\n<pre id=\"tw-target-rmn\" class=\"tw-data-placeholder tw-text-small tw-ta\" dir=\"ltr\" data-placeholder=\"\"><\/pre>\n<\/div>\n","protected":false},"excerpt":{"rendered":"<p>Poloautomat.<\/p>\n","protected":false},"featured_media":168384,"comment_status":"open","ping_status":"closed","template":"","meta":[],"pwb-brand":[3617],"product_brand":[],"product_cat":[3186,3233],"product_tag":[],"class_list":{"0":"post-307790","1":"product","2":"type-product","3":"status-publish","4":"has-post-thumbnail","6":"pwb-brand-tac-force-sk","7":"product_cat-noze-sk","8":"product_cat-zatvaracie-noze","10":"first","11":"outofstock","12":"taxable","13":"shipping-taxable","14":"purchasable","15":"product-type-simple"},"brands":[{"id":3617,"name":"Tac Force","slug":"tac-force-sk"}],"_links":{"self":[{"href":"https:\/\/www.moskito.cz\/sk\/wp-json\/wp\/v2\/product\/307790","targetHints":{"allow":["GET"]}}],"collection":[{"href":"https:\/\/www.moskito.cz\/sk\/wp-json\/wp\/v2\/product"}],"about":[{"href":"https:\/\/www.moskito.cz\/sk\/wp-json\/wp\/v2\/types\/product"}],"replies":[{"embeddable":true,"href":"https:\/\/www.moskito.cz\/sk\/wp-json\/wp\/v2\/comments?post=307790"}],"wp:featuredmedia":[{"embeddable":true,"href":"https:\/\/www.moskito.cz\/sk\/wp-json\/wp\/v2\/media\/168384"}],"wp:attachment":[{"href":"https:\/\/www.moskito.cz\/sk\/wp-json\/wp\/v2\/media?parent=307790"}],"wp:term":[{"taxonomy":"pwb-brand","embeddable":true,"href":"https:\/\/www.moskito.cz\/sk\/wp-json\/wp\/v2\/pwb-brand?post=307790"},{"taxonomy":"product_brand","embeddable":true,"href":"https:\/\/www.moskito.cz\/sk\/wp-json\/wp\/v2\/product_brand?post=307790"},{"taxonomy":"product_cat","embeddable":true,"href":"https:\/\/www.moskito.cz\/sk\/wp-json\/wp\/v2\/product_cat?post=307790"},{"taxonomy":"product_tag","embeddable":true,"href":"https:\/\/www.moskito.cz\/sk\/wp-json\/wp\/v2\/product_tag?post=307790"}],"curies":[{"name":"wp","href":"https:\/\/api.w.org\/{rel}","templated":true}]}}