{"id":307803,"date":"2020-05-23T16:49:08","date_gmt":"2020-05-23T15:49:08","guid":{"rendered":"https:\/\/www.moskito.cz\/produkt\/pevny-noz-mtech-mt-20-26b\/"},"modified":"2026-03-30T09:58:14","modified_gmt":"2026-03-30T08:58:14","slug":"pevny-noz-mtech-mt-20-26b","status":"publish","type":"product","link":"https:\/\/www.moskito.cz\/sk\/produkt\/pevny-noz-mtech-mt-20-26b\/","title":{"rendered":"Pevn\u00fd N\u00f4\u017e Mtech MT-20-26B"},"content":{"rendered":"<p>Pevn\u00fd N\u00f4\u017e Mtech MT-20-26B.<\/p>\n<p>Pevn\u00fd n\u00f4\u017e od spolo\u010dnosti Mtech. N\u00f4\u017e m\u00e1 \u010diernu povrchov\u00fa \u00fapravu. Cielov\u00e1 d\u013a\u017eka no\u017ea je 19 cm.<\/p>\n<p>D\u013a\u017eka \u010depele je 7.5 cm. Rukov\u00e4\u0165 je z \u010diernej G-10. S\u00fa\u010das\u0165ou je nylonov\u00e9 p\u00fazdro.<\/p>\n<p>&nbsp;<\/p>\n<p>&nbsp;<\/p>\n","protected":false},"excerpt":{"rendered":"<p>N\u00f4\u017e s puzdrom.<\/p>\n","protected":false},"featured_media":168378,"comment_status":"open","ping_status":"closed","template":"","meta":[],"pwb-brand":[3529],"product_brand":[],"product_cat":[3187,3186],"product_tag":[],"class_list":{"0":"post-307803","1":"product","2":"type-product","3":"status-publish","4":"has-post-thumbnail","6":"pwb-brand-mtech-sk","7":"product_cat-pevne-noze-sk","8":"product_cat-noze-sk","10":"first","11":"instock","12":"taxable","13":"shipping-taxable","14":"purchasable","15":"product-type-simple"},"brands":[{"id":3529,"name":"MTech","slug":"mtech-sk"}],"_links":{"self":[{"href":"https:\/\/www.moskito.cz\/sk\/wp-json\/wp\/v2\/product\/307803","targetHints":{"allow":["GET"]}}],"collection":[{"href":"https:\/\/www.moskito.cz\/sk\/wp-json\/wp\/v2\/product"}],"about":[{"href":"https:\/\/www.moskito.cz\/sk\/wp-json\/wp\/v2\/types\/product"}],"replies":[{"embeddable":true,"href":"https:\/\/www.moskito.cz\/sk\/wp-json\/wp\/v2\/comments?post=307803"}],"wp:featuredmedia":[{"embeddable":true,"href":"https:\/\/www.moskito.cz\/sk\/wp-json\/wp\/v2\/media\/168378"}],"wp:attachment":[{"href":"https:\/\/www.moskito.cz\/sk\/wp-json\/wp\/v2\/media?parent=307803"}],"wp:term":[{"taxonomy":"pwb-brand","embeddable":true,"href":"https:\/\/www.moskito.cz\/sk\/wp-json\/wp\/v2\/pwb-brand?post=307803"},{"taxonomy":"product_brand","embeddable":true,"href":"https:\/\/www.moskito.cz\/sk\/wp-json\/wp\/v2\/product_brand?post=307803"},{"taxonomy":"product_cat","embeddable":true,"href":"https:\/\/www.moskito.cz\/sk\/wp-json\/wp\/v2\/product_cat?post=307803"},{"taxonomy":"product_tag","embeddable":true,"href":"https:\/\/www.moskito.cz\/sk\/wp-json\/wp\/v2\/product_tag?post=307803"}],"curies":[{"name":"wp","href":"https:\/\/api.w.org\/{rel}","templated":true}]}}