{"id":307813,"date":"2020-05-23T16:03:30","date_gmt":"2024-02-06T11:00:23","guid":{"rendered":"https:\/\/www.moskito.cz\/produkt\/zatvaraci-keltsky-noz-tac-force\/"},"modified":"2025-07-11T07:51:24","modified_gmt":"2025-07-11T06:51:24","slug":"zatvaraci-keltsky-noz-tac-force","status":"publish","type":"product","link":"https:\/\/www.moskito.cz\/sk\/produkt\/zatvaraci-keltsky-noz-tac-force\/","title":{"rendered":"Zatv\u00e1rac\u00ed Keltsk\u00fd N\u00f4\u017e Tac Force"},"content":{"rendered":"<div>\n<div>Zatv\u00e1rac\u00ed Keltsk\u00fd N\u00f4\u017e Tac Force.<\/div>\n<div>Skladac\u00ed n\u00f4\u017e v tvare historick\u00e9ho keltsk\u00e9ho kr\u00ed\u017ea. N\u00f4\u017e je s povrchovou \u00fapravou a je z nerezovej ocele.<\/div>\n<div>D\u013a\u017eka \u010depele je 9 cm. N\u00f4\u017e m\u00e1 klip na pohodln\u00e9 nosenie.<\/div>\n<\/div>\n<div>\n<div id=\"tw-target\">\n<div id=\"kAz1tf\">\n<div id=\"tw-target-text-container\" tabindex=\"0\">\n<pre id=\"tw-target-text\" dir=\"ltr\" data-placeholder=\"P\u0159eklad\"><span lang=\"cs\"> <\/span><\/pre>\n<\/div>\n<\/div>\n<\/div>\n<\/div>\n","protected":false},"excerpt":{"rendered":"<p>N\u00f4\u017e s poistkou.<\/p>\n","protected":false},"featured_media":168372,"comment_status":"open","ping_status":"closed","template":"","meta":[],"pwb-brand":[3617],"product_brand":[],"product_cat":[3186,3233],"product_tag":[],"class_list":{"0":"post-307813","1":"product","2":"type-product","3":"status-publish","4":"has-post-thumbnail","6":"pwb-brand-tac-force-sk","7":"product_cat-noze-sk","8":"product_cat-zatvaracie-noze","10":"first","11":"outofstock","12":"taxable","13":"shipping-taxable","14":"purchasable","15":"product-type-simple"},"brands":[{"id":3617,"name":"Tac Force","slug":"tac-force-sk"}],"_links":{"self":[{"href":"https:\/\/www.moskito.cz\/sk\/wp-json\/wp\/v2\/product\/307813","targetHints":{"allow":["GET"]}}],"collection":[{"href":"https:\/\/www.moskito.cz\/sk\/wp-json\/wp\/v2\/product"}],"about":[{"href":"https:\/\/www.moskito.cz\/sk\/wp-json\/wp\/v2\/types\/product"}],"replies":[{"embeddable":true,"href":"https:\/\/www.moskito.cz\/sk\/wp-json\/wp\/v2\/comments?post=307813"}],"wp:featuredmedia":[{"embeddable":true,"href":"https:\/\/www.moskito.cz\/sk\/wp-json\/wp\/v2\/media\/168372"}],"wp:attachment":[{"href":"https:\/\/www.moskito.cz\/sk\/wp-json\/wp\/v2\/media?parent=307813"}],"wp:term":[{"taxonomy":"pwb-brand","embeddable":true,"href":"https:\/\/www.moskito.cz\/sk\/wp-json\/wp\/v2\/pwb-brand?post=307813"},{"taxonomy":"product_brand","embeddable":true,"href":"https:\/\/www.moskito.cz\/sk\/wp-json\/wp\/v2\/product_brand?post=307813"},{"taxonomy":"product_cat","embeddable":true,"href":"https:\/\/www.moskito.cz\/sk\/wp-json\/wp\/v2\/product_cat?post=307813"},{"taxonomy":"product_tag","embeddable":true,"href":"https:\/\/www.moskito.cz\/sk\/wp-json\/wp\/v2\/product_tag?post=307813"}],"curies":[{"name":"wp","href":"https:\/\/api.w.org\/{rel}","templated":true}]}}