{"id":307826,"date":"2020-06-05T13:04:39","date_gmt":"2024-02-06T11:00:34","guid":{"rendered":"https:\/\/www.moskito.cz\/produkt\/zatvaraci-noz-victorinox-hunter-xt-grip-0-8341-mc9\/"},"modified":"2025-07-11T07:51:28","modified_gmt":"2025-07-11T06:51:28","slug":"zatvaraci-noz-victorinox-hunter-xt-grip-0-8341-mc9","status":"publish","type":"product","link":"https:\/\/www.moskito.cz\/sk\/produkt\/zatvaraci-noz-victorinox-hunter-xt-grip-0-8341-mc9\/","title":{"rendered":"Zatv\u00e1rac\u00ed N\u00f4\u017e Victorinox Hunter XT Grip 0.8341.MC9"},"content":{"rendered":"<p>Zatv\u00e1rac\u00ed N\u00f4\u017e <strong>Victorinox<\/strong> Hunter XT Grip 0.8341.MC9.<\/p>\n<p>Nov\u00fd rad loveck\u00fdch no\u017eov vych\u00e1dza z nieko\u013ek\u00fdch desa\u0165ro\u010d\u00ed spolupr\u00e1ce s po\u013eovn\u00edkmi. Po\u013eovn\u00edci s\u00fa mimoriadni \u013eudia, preto\u017ee s\u00fa schopn\u00ed n\u00e1m ve\u013emi farbisto rozpr\u00e1va\u0165 o \u017eivote v divo\u010dine. Ochra\u0148uj\u00fa ohrozen\u00e9 druhy a zais\u0165uj\u00fa rovnov\u00e1hu v pr\u00edrode. A pri svojej v\u00fdnimo\u010dnej pr\u00e1ci potrebuj\u00fa skuto\u010dn\u00e9ho spolo\u010dn\u00edka. V\u00fdvojov\u00fd t\u00edm spolo\u010dnosti Victorinox \u00fazko spolupracuje s po\u013eovn\u00edkmi na v\u00fdvoji mimoriadnych loveck\u00fdch no\u017eov u\u017e nieko\u013eko desa\u0165ro\u010d\u00ed.<br \/>\nJedn\u00fdm z najnov\u0161\u00edch produktov, ktor\u00e9 vzi\u0161li z tejto spolupr\u00e1ce, je kolekcia \u201eNew Hunting\u201c.<\/p>\n<p>Rozmery (d\u013a\u017eka x \u0161\u00edrka x v\u00fd\u0161ka): 111 x 35 x 20 mm<br \/>\nHmotnos\u0165: 150 g<br \/>\nve\u013ek\u00fd zatv\u00e1rac\u00ed n\u00f4\u017e<br \/>\np\u00edlka na drevo<br \/>\nv\u00fdvrtka<br \/>\nvyvrhovac\u00ed n\u00f4\u017e<br \/>\nnerezov\u00fd kr\u00fa\u017eok na k\u013e\u00fa\u010de so \u0161n\u00farkou pre \u013eahk\u00fa manipul\u00e1ciu.<\/p>\n","protected":false},"excerpt":{"rendered":"<p dir=\"ltr\" align=\"left\">Loveck\u00fd n\u00f4\u017e s ergonomicky tvarovanou a <span style=\"color: #2d2d2d;\">dvojfarebnou r\u00fa\u010dkou s proti\u0161mykov\u00fdm povrchom pre komfortnej\u0161ie dr\u017eanie v ruke<\/span> . O\u010dk\u00e1 na \u010depeliach umo\u017e\u0148uj\u00fa otvorenie jednou rukou. Mnoho loveck\u00fdch no\u017eov vych\u00e1dza z nieko\u013ek\u00fdch desa\u0165ro\u010d\u00ed spolupr\u00e1ce s po\u013eovn\u00edkmi.<\/p>\n<p>&nbsp;<\/p>\n","protected":false},"featured_media":204746,"comment_status":"open","ping_status":"closed","template":"","meta":[],"pwb-brand":[3537],"product_brand":[],"product_cat":[3186,3233],"product_tag":[],"class_list":{"0":"post-307826","1":"product","2":"type-product","3":"status-publish","4":"has-post-thumbnail","6":"pwb-brand-victorinox-sk","7":"product_cat-noze-sk","8":"product_cat-zatvaracie-noze","10":"first","11":"outofstock","12":"taxable","13":"shipping-taxable","14":"purchasable","15":"product-type-simple"},"brands":[{"id":3537,"name":"Victorinox","slug":"victorinox-sk"}],"_links":{"self":[{"href":"https:\/\/www.moskito.cz\/sk\/wp-json\/wp\/v2\/product\/307826","targetHints":{"allow":["GET"]}}],"collection":[{"href":"https:\/\/www.moskito.cz\/sk\/wp-json\/wp\/v2\/product"}],"about":[{"href":"https:\/\/www.moskito.cz\/sk\/wp-json\/wp\/v2\/types\/product"}],"replies":[{"embeddable":true,"href":"https:\/\/www.moskito.cz\/sk\/wp-json\/wp\/v2\/comments?post=307826"}],"wp:featuredmedia":[{"embeddable":true,"href":"https:\/\/www.moskito.cz\/sk\/wp-json\/wp\/v2\/media\/204746"}],"wp:attachment":[{"href":"https:\/\/www.moskito.cz\/sk\/wp-json\/wp\/v2\/media?parent=307826"}],"wp:term":[{"taxonomy":"pwb-brand","embeddable":true,"href":"https:\/\/www.moskito.cz\/sk\/wp-json\/wp\/v2\/pwb-brand?post=307826"},{"taxonomy":"product_brand","embeddable":true,"href":"https:\/\/www.moskito.cz\/sk\/wp-json\/wp\/v2\/product_brand?post=307826"},{"taxonomy":"product_cat","embeddable":true,"href":"https:\/\/www.moskito.cz\/sk\/wp-json\/wp\/v2\/product_cat?post=307826"},{"taxonomy":"product_tag","embeddable":true,"href":"https:\/\/www.moskito.cz\/sk\/wp-json\/wp\/v2\/product_tag?post=307826"}],"curies":[{"name":"wp","href":"https:\/\/api.w.org\/{rel}","templated":true}]}}