{"id":307853,"date":"2020-06-04T11:42:46","date_gmt":"2024-02-06T11:00:40","guid":{"rendered":"https:\/\/www.moskito.cz\/produkt\/kladkovy-luk-luk-bear-threat-rth-60lb-pravy\/"},"modified":"2025-07-11T07:51:28","modified_gmt":"2025-07-11T06:51:28","slug":"kladkovy-luk-luk-bear-threat-rth-60lb-pravy","status":"publish","type":"product","link":"https:\/\/www.moskito.cz\/sk\/produkt\/kladkovy-luk-luk-bear-threat-rth-60lb-pravy\/","title":{"rendered":"Kladkov\u00fd Luk LUK BEAR THREAT RTH 60lb. PRAV\u00dd"},"content":{"rendered":"<div>\n<p>Kladkov\u00fd Luk LUK BEAR THREAT RTH 60lb. PRAV\u00dd.<\/p>\n<p>Bear Archery je Americk\u00fd v\u00fdrobca lukov a ku\u0161\u00ed. Jeho produkty sa te\u0161ia celosvetovej ob\u013eube. Ka\u017ed\u00fd rok v\u00fdroba prejde moderniz\u00e1ciou, ktor\u00e1 v\u017edy z lukov Bear urob\u00ed \u0161pi\u010dku v obore. Bear Archery vlastn\u00ed mno\u017estvo patentov, v\u010faka ktor\u00fdm s\u00fa v\u017edy o krok vpredu.<\/p>\n<ul>\n<li>Kladkov\u00fd l\u00fak Bear Threat RTH set. To je jednoducho nen\u00e1ro\u010dn\u00fd pracant za super cenu. Pr\u00edjemne nastavite\u013en\u00fd l\u00fak v dvoch &#8222;silov\u00fdch&#8220; verzi\u00e1ch. A to 50 \u2013 60 libier alebo 60 \u2013 70 libier. RTH set obsahuje: mieridl\u00e1 Trophy Ridge 4 pin, zakl\u00e1dku Whisker Biscuit, stabiliz\u00e1tor Trophy Ridge s p\u00fatkom, dr\u017eiak pre 5 \u0161\u00edpov, prieh\u013ead tetivy a D-loop.<\/li>\n<li>Farba: CAMO &#8211; Realtree Xtra Camo \u010cierny<\/li>\n<\/ul>\n<p>\u0160pecifik\u00e1cia:<\/p>\n<ul>\n<li>V\u00fd\u0161ka tetivy: 6.25&#8243;<\/li>\n<li>D\u013a\u017eka (os &#8211; os): 32.25&#8243;<\/li>\n<li>IBO r\u00fdchlos\u0165: 330 fps.<\/li>\n<li>Let-off: 80%<\/li>\n<li>Hmotnos\u0165: 4 lbs.<\/li>\n<li>Nastavite\u013en\u00e9 d\u013a\u017eky n\u00e1\u0165ahu: 25&#8243;-30&#8243;<\/li>\n<li>Sily n\u00e1\u0165ahu: 50-60 \/ 60-70 lbs.<\/li>\n<li>Kladky: ES Hybrid<\/li>\n<li>Predajn\u00e9 od 18 rokov<\/li>\n<\/ul>\n<\/div>\n","protected":false},"excerpt":{"rendered":"<p>Kladkov\u00fd Luk.<\/p>\n","protected":false},"featured_media":168519,"comment_status":"open","ping_status":"closed","template":"","meta":[],"pwb-brand":[3634],"product_brand":[],"product_cat":[3636,3635],"product_tag":[],"class_list":{"0":"post-307853","1":"product","2":"type-product","3":"status-publish","4":"has-post-thumbnail","6":"pwb-brand-bear-sk","7":"product_cat-kladkove-luky-sk","8":"product_cat-luky-sk","10":"first","11":"instock","12":"taxable","13":"shipping-taxable","14":"purchasable","15":"product-type-simple"},"brands":[{"id":3634,"name":"Bear","slug":"bear-sk"}],"_links":{"self":[{"href":"https:\/\/www.moskito.cz\/sk\/wp-json\/wp\/v2\/product\/307853","targetHints":{"allow":["GET"]}}],"collection":[{"href":"https:\/\/www.moskito.cz\/sk\/wp-json\/wp\/v2\/product"}],"about":[{"href":"https:\/\/www.moskito.cz\/sk\/wp-json\/wp\/v2\/types\/product"}],"replies":[{"embeddable":true,"href":"https:\/\/www.moskito.cz\/sk\/wp-json\/wp\/v2\/comments?post=307853"}],"wp:featuredmedia":[{"embeddable":true,"href":"https:\/\/www.moskito.cz\/sk\/wp-json\/wp\/v2\/media\/168519"}],"wp:attachment":[{"href":"https:\/\/www.moskito.cz\/sk\/wp-json\/wp\/v2\/media?parent=307853"}],"wp:term":[{"taxonomy":"pwb-brand","embeddable":true,"href":"https:\/\/www.moskito.cz\/sk\/wp-json\/wp\/v2\/pwb-brand?post=307853"},{"taxonomy":"product_brand","embeddable":true,"href":"https:\/\/www.moskito.cz\/sk\/wp-json\/wp\/v2\/product_brand?post=307853"},{"taxonomy":"product_cat","embeddable":true,"href":"https:\/\/www.moskito.cz\/sk\/wp-json\/wp\/v2\/product_cat?post=307853"},{"taxonomy":"product_tag","embeddable":true,"href":"https:\/\/www.moskito.cz\/sk\/wp-json\/wp\/v2\/product_tag?post=307853"}],"curies":[{"name":"wp","href":"https:\/\/api.w.org\/{rel}","templated":true}]}}