{"id":307872,"date":"2020-06-05T13:38:22","date_gmt":"2024-02-06T11:00:45","guid":{"rendered":"https:\/\/www.moskito.cz\/produkt\/zatvaraci-noz-victorinox-forester-0-8361-mc\/"},"modified":"2025-07-11T07:51:30","modified_gmt":"2025-07-11T06:51:30","slug":"zatvaraci-noz-victorinox-forester-0-8361-mc","status":"publish","type":"product","link":"https:\/\/www.moskito.cz\/sk\/produkt\/zatvaraci-noz-victorinox-forester-0-8361-mc\/","title":{"rendered":"Zatv\u00e1rac\u00ed n\u00f4\u017e Victorinox Forester 0.8361.MC"},"content":{"rendered":"<p>Zatv\u00e1rac\u00ed n\u00f4\u017e Victorinox Forester 0.8361.MC.<\/p>\n<p>\u0160vaj\u010diarska spolo\u010dnos\u0165 <strong>Victorinox<\/strong> je najv\u00e4\u010d\u0161\u00edm v\u00fdrobcom no\u017eov v Eur\u00f3pe. V Ibachu sa ka\u017ed\u00fd de\u0148 vyrob\u00ed a\u017e 34 000 \u201e\u0161vaj\u010diarskych d\u00f4stojn\u00edckych no\u017eov\u201c, 38 000 in\u00fdch kusov vreckov\u00e9ho n\u00e1\u010dinia a tie\u017e 30 000 no\u017eov do dom\u00e1cnost\u00ed \u010di na v\u00fdkon najr\u00f4znej\u0161\u00edch povolan\u00ed. <strong>Victorinox<\/strong> v\u0161ak nie s\u00fa len vreckov\u00e9 no\u017ee. P\u00fd\u0161i\u0165 sa m\u00f4\u017ee vysokou kvalitou cestovnej bato\u017einy, kuchynsk\u00fdch no\u017eov a \u010di parfumov. Vo svojom odvetv\u00ed m\u00e1 <strong>Victorinox<\/strong> , v\u010faka \u0161vaj\u010diarskej prec\u00edznosti a kvalite, v\u00fdsostn\u00e9 postavenie.<\/p>\n<div>\n<div id=\"productDetailBottomText\" class=\"rounded\">\n<p>Vreckov\u00fd n\u00f4\u017e o ve\u013ekosti 111 mm s odtla\u010dnou poistkou \u010depele. Po\u010det funkci\u00ed 12.<\/p>\n<p>Rozmery (d\u013a\u017eka x \u0161\u00edrka x v\u00fd\u0161ka): 111 x 35 x 13<br \/>\nHmotnos\u0165: 13 g<br \/>\nve\u013ek\u00fd zatv\u00e1rac\u00ed n\u00f4\u017e<br \/>\nv\u00fdvrtka<br \/>\notv\u00e1ra\u010d na konzervy s<br \/>\nmal\u00fdm skrutkova\u010dom<br \/>\notv\u00e1ra\u010d na f\u013ea\u0161e sa<br \/>\nskrutkova\u010dom<br \/>\nodstra\u0148ova\u010dom izol\u00e1cie z dr\u00f4tov<br \/>\nv\u00fdstru\u017en\u00edk, priebojn\u00edk<br \/>\nnerezov\u00fd kr\u00fa\u017eok na k\u013e\u00fa\u010de<br \/>\npinzeta<br \/>\n\u0161p\u00e1radlo<br \/>\np\u00edlka na drevo<\/p>\n<\/div>\n<\/div>\n","protected":false},"excerpt":{"rendered":"<p>\u0160vaj\u010diarsky vreckov\u00fd n\u00f4\u017e o ve\u013ekosti 111 mm. Po\u010det funkci\u00ed 10. S rovn\u00fdm ostr\u00edm, r\u00fdchlootv\u00e1rac\u00edm o\u010dkom, p\u00edlkou, skrutkova\u010dom, proti\u0161mykov\u00fdm povrchom a odtla\u010dnou poistkou \u010depele. Farba \u010derven\u00e1 a \u010dierna.<\/p>\n","protected":false},"featured_media":204763,"comment_status":"open","ping_status":"closed","template":"","meta":[],"pwb-brand":[3537],"product_brand":[],"product_cat":[3186,3233],"product_tag":[],"class_list":{"0":"post-307872","1":"product","2":"type-product","3":"status-publish","4":"has-post-thumbnail","6":"pwb-brand-victorinox-sk","7":"product_cat-noze-sk","8":"product_cat-zatvaracie-noze","10":"first","11":"outofstock","12":"taxable","13":"shipping-taxable","14":"purchasable","15":"product-type-simple"},"brands":[{"id":3537,"name":"Victorinox","slug":"victorinox-sk"}],"_links":{"self":[{"href":"https:\/\/www.moskito.cz\/sk\/wp-json\/wp\/v2\/product\/307872","targetHints":{"allow":["GET"]}}],"collection":[{"href":"https:\/\/www.moskito.cz\/sk\/wp-json\/wp\/v2\/product"}],"about":[{"href":"https:\/\/www.moskito.cz\/sk\/wp-json\/wp\/v2\/types\/product"}],"replies":[{"embeddable":true,"href":"https:\/\/www.moskito.cz\/sk\/wp-json\/wp\/v2\/comments?post=307872"}],"wp:featuredmedia":[{"embeddable":true,"href":"https:\/\/www.moskito.cz\/sk\/wp-json\/wp\/v2\/media\/204763"}],"wp:attachment":[{"href":"https:\/\/www.moskito.cz\/sk\/wp-json\/wp\/v2\/media?parent=307872"}],"wp:term":[{"taxonomy":"pwb-brand","embeddable":true,"href":"https:\/\/www.moskito.cz\/sk\/wp-json\/wp\/v2\/pwb-brand?post=307872"},{"taxonomy":"product_brand","embeddable":true,"href":"https:\/\/www.moskito.cz\/sk\/wp-json\/wp\/v2\/product_brand?post=307872"},{"taxonomy":"product_cat","embeddable":true,"href":"https:\/\/www.moskito.cz\/sk\/wp-json\/wp\/v2\/product_cat?post=307872"},{"taxonomy":"product_tag","embeddable":true,"href":"https:\/\/www.moskito.cz\/sk\/wp-json\/wp\/v2\/product_tag?post=307872"}],"curies":[{"name":"wp","href":"https:\/\/api.w.org\/{rel}","templated":true}]}}