{"id":307882,"date":"2020-06-05T13:27:01","date_gmt":"2024-02-06T11:00:47","guid":{"rendered":"https:\/\/www.moskito.cz\/produkt\/zatvaraci-noz-victorinox-trailmaster-0-8463-mw3\/"},"modified":"2025-07-11T07:51:29","modified_gmt":"2025-07-11T06:51:29","slug":"zatvaraci-noz-victorinox-trailmaster-0-8463-mw3","status":"publish","type":"product","link":"https:\/\/www.moskito.cz\/sk\/produkt\/zatvaraci-noz-victorinox-trailmaster-0-8463-mw3\/","title":{"rendered":"Zatv\u00e1rac\u00ed N\u00f4\u017e Victorinox Trailmaster 0.8463.MW3"},"content":{"rendered":"<p>Zatv\u00e1rac\u00ed n\u00f4\u017e Victorinox Trailmaster 0.8463.MW3.<\/p>\n<p>\u0160vaj\u010diarska spolo\u010dnos\u0165 <strong>Victorinox<\/strong> je najv\u00e4\u010d\u0161\u00edm v\u00fdrobcom no\u017eov v Eur\u00f3pe. V Ibachu sa ka\u017ed\u00fd de\u0148 vyrob\u00ed a\u017e 34 000 \u201e\u0161vaj\u010diarskych d\u00f4stojn\u00edckych no\u017eov\u201c, 38 000 in\u00fdch kusov vreckov\u00e9ho n\u00e1\u010dinia a tie\u017e 30 000 no\u017eov do dom\u00e1cnost\u00ed \u010di na v\u00fdkon najr\u00f4znej\u0161\u00edch povolan\u00ed. <strong>Victorinox<\/strong> v\u0161ak nie s\u00fa len vreckov\u00e9 no\u017ee. P\u00fd\u0161i\u0165 sa m\u00f4\u017ee vysokou kvalitou cestovnej bato\u017einy, kuchynsk\u00fdch no\u017eov a \u010di parfumov. Vo svojom odvetv\u00ed m\u00e1 <strong>Victorinox<\/strong> , v\u010faka \u0161vaj\u010diarskej prec\u00edznosti a kvalite, v\u00fdsostn\u00e9 postavenie.<\/p>\n<p><span class=\"proKs\">Vreckov\u00fd n\u00f4\u017e o ve\u013ekosti 111 mm s poistkou hlavnej \u010depele. Po\u010det funkci\u00ed 12.<\/span><\/p>\n<div id=\"productDetailBottomText\" class=\"rounded\">\n<p>ve\u013ek\u00fd zatv\u00e1rac\u00ed n\u00f4\u017e s vlnkovou \u010depe\u013eou do 2\/3<br \/>\nkr\u00ed\u017eov\u00fd skrutkova\u010d<br \/>\notv\u00e1ra\u010d na konzervy s<br \/>\n&#8211; mal\u00fdm skrutkova\u010dom<br \/>\notv\u00e1ra\u010d na f\u013ea\u0161e sa<br \/>\n&#8211; skrutkova\u010dom<br \/>\n&#8211; odstra\u0148ova\u010dom izol\u00e1cie z dr\u00f4tov<br \/>\nv\u00fdstru\u017en\u00edk, priebojn\u00edk<br \/>\nnerezov\u00fd kr\u00fa\u017eok na k\u013e\u00fa\u010de<br \/>\npinzeta<br \/>\n\u0161p\u00e1radlo<br \/>\np\u00edlka na drevo<\/p>\n<\/div>\n","protected":false},"excerpt":{"rendered":"<p>Vreckov\u00fd n\u00f4\u017e <strong>Victorinox Trailmaster One Hand<\/strong> s odtla\u010dnou poistkou proti \u010depeli a \u010diernou r\u00fa\u010dkou.<\/p>\n","protected":false},"featured_media":204838,"comment_status":"open","ping_status":"closed","template":"","meta":[],"pwb-brand":[3537],"product_brand":[],"product_cat":[3233,3186],"product_tag":[],"class_list":{"0":"post-307882","1":"product","2":"type-product","3":"status-publish","4":"has-post-thumbnail","6":"pwb-brand-victorinox-sk","7":"product_cat-zatvaracie-noze","8":"product_cat-noze-sk","10":"first","11":"instock","12":"taxable","13":"shipping-taxable","14":"purchasable","15":"product-type-simple"},"brands":[{"id":3537,"name":"Victorinox","slug":"victorinox-sk"}],"_links":{"self":[{"href":"https:\/\/www.moskito.cz\/sk\/wp-json\/wp\/v2\/product\/307882","targetHints":{"allow":["GET"]}}],"collection":[{"href":"https:\/\/www.moskito.cz\/sk\/wp-json\/wp\/v2\/product"}],"about":[{"href":"https:\/\/www.moskito.cz\/sk\/wp-json\/wp\/v2\/types\/product"}],"replies":[{"embeddable":true,"href":"https:\/\/www.moskito.cz\/sk\/wp-json\/wp\/v2\/comments?post=307882"}],"wp:featuredmedia":[{"embeddable":true,"href":"https:\/\/www.moskito.cz\/sk\/wp-json\/wp\/v2\/media\/204838"}],"wp:attachment":[{"href":"https:\/\/www.moskito.cz\/sk\/wp-json\/wp\/v2\/media?parent=307882"}],"wp:term":[{"taxonomy":"pwb-brand","embeddable":true,"href":"https:\/\/www.moskito.cz\/sk\/wp-json\/wp\/v2\/pwb-brand?post=307882"},{"taxonomy":"product_brand","embeddable":true,"href":"https:\/\/www.moskito.cz\/sk\/wp-json\/wp\/v2\/product_brand?post=307882"},{"taxonomy":"product_cat","embeddable":true,"href":"https:\/\/www.moskito.cz\/sk\/wp-json\/wp\/v2\/product_cat?post=307882"},{"taxonomy":"product_tag","embeddable":true,"href":"https:\/\/www.moskito.cz\/sk\/wp-json\/wp\/v2\/product_tag?post=307882"}],"curies":[{"name":"wp","href":"https:\/\/api.w.org\/{rel}","templated":true}]}}