{"id":307900,"date":"2020-09-15T20:09:26","date_gmt":"2024-02-06T11:00:57","guid":{"rendered":"https:\/\/www.moskito.cz\/produkt\/bio-carbohydrate-400g\/"},"modified":"2025-07-11T07:52:18","modified_gmt":"2025-07-11T06:52:18","slug":"bio-carbohydrate-400g","status":"publish","type":"product","link":"https:\/\/www.moskito.cz\/sk\/produkt\/bio-carbohydrate-400g\/","title":{"rendered":"Bio Carbohydrate 400g."},"content":{"rendered":"<p>Bio Carbohydrate 400g. (Doplnok stravy)<br \/>\nV\u0161etky doplnky stravy Fights Star s\u00fa vyroben\u00e9 \u0161peci\u00e1lne pre \u0161portovcov zo starostlivo vybran\u00fdch pr\u00edrodn\u00fdch surov\u00edn v najvy\u0161\u0161ej BIO potravin\u00e1rskej kvalite. S\u00fa vyroben\u00e9 cestou tzv. \u201elisovanie za studena\u201c. Pri v\u00fdrobe v teplotnom limite do 40 \u00b0 C zost\u00e1vaj\u00fa zachovan\u00e9 v\u0161etky prirodzen\u00e9 pr\u00edrodn\u00e9 l\u00e1tky s vysokou str\u00e1vite\u013enos\u0165ou. V\u00fdrobok je plnen\u00fd v O3 atmosf\u00e9re teda neobsahuje \u017dIADNE konzervanty. V\u00fdrobok neobsahuje \u017eiadne chemicky vyroben\u00e9 l\u00e1tky, emulg\u00e1tory, stabiliz\u00e1tory, chemick\u00e9 farbiv\u00e1, adit\u00edva, plniv\u00e1, ar\u00f3my ani biely cukor.<\/p>\n<p>Vyv\u00e1\u017een\u00e1 zmes zaru\u010duje pozvo\u013en\u00e9 vstreb\u00e1vanie po dobu nieko\u013ek\u00fdch hod\u00edn, preto je mo\u017en\u00e9 vyu\u017ei\u0165 aj vo ve\u010dern\u00fdch hodin\u00e1ch.<\/p>\n<p>Nutri\u010dn\u00e9 \u200b\u200bhodnoty (v 100 g): bielkoviny 16,9 g, sacharidy (z toho cukry) 75,3 g, tuk 1,2 g, vl\u00e1knina 3,4 g<\/p>\n<p>Upozornenie: Neprekra\u010dujte odpor\u00fa\u010dan\u00e9 denn\u00e9 d\u00e1vkovanie. Nie je n\u00e1hradou pestrej stravy. V\u00fdrobok nie je ur\u010den\u00fd pre deti. Uchov\u00e1vajte mimo dosahu det\u00ed. Po otvoren\u00ed spotrebujte do 3 mesiacov.<\/p>\n<p>Uchov\u00e1vajte v suchu a chlade, nevystavujte slnku ani mrazu, minim\u00e1lna doba pou\u017eite\u013enosti pri dodr\u017ean\u00ed optim\u00e1lnych skladovac\u00edch podmienok je vyzna\u010den\u00e1 na etikete.<br \/>\nZlo\u017eenie: gluk\u00f3za, frukt\u00f3za, malt\u00f3za, dextr\u00f3za, galakt\u00f3za a \u0161krobov\u00fd cukor, srv\u00e1tkov\u00e1, vaje\u010dn\u00e1, obiln\u00e1 a s\u00f3jov\u00e1 bielkovina<\/p>\n<p>Ur\u010den\u00e9 pre: regener\u00e1ciu po tr\u00e9ningu a doplnenie z\u00e1sadn\u00fdch v\u00fd\u017eivov\u00fdch hodn\u00f4t sp\u00e1len\u00fdch po\u010das tr\u00e9ningu a proti devast\u00e1cii svalovej hmoty zapr\u00ed\u010dinenej tr\u00e9ningom; pr\u00edsun energie a v\u00fd\u017eiva pre svaly<\/p>\n<p>Charakteristika: V\u00fdrobok obsahuje v\u0161etk\u00fdch 7 druhov sacharidov \u2013 malt\u00f3zu, dextr\u00f3zu, frukt\u00f3zu, gluk\u00f3zu, galakt\u00f3zu, cukr\u00f3zu a \u0161krobov\u00fd cukor. T\u00fdmto je zaru\u010den\u00e1 komplexn\u00e1 vstrebate\u013enos\u0165 od r\u00fdchlych, cez stredn\u00e9 a\u017e po pomal\u00e9 sacharidy, \u010do je pre tr\u00e9ning nevyhnutn\u00e9 na doplnenie sacharidov\u00e9ho deficitu.<\/p>\n<p>Ako prv\u00e1 sa v tele vstreb\u00e1va dextr\u00f3za a to u\u017e po piatich sekund\u00e1ch e\u0161te na sliznici. Dextr\u00f3za je deriv\u00e1t frukt\u00f3zy a je obsiahnut\u00e1 napr. v hroznovom cukre. Druh\u00e1 sa vstreb\u00e1va v tele gluk\u00f3za, potom frukt\u00f3za, malt\u00f3za, galakt\u00f3za a nakoniec \u0161krobov\u00fd cukor.<\/p>\n<p>Druhou zlo\u017ekou substr\u00e1tu je 19% obsiahnut\u00e9ho prote\u00ednu, ktor\u00fd je k v\u00f4li rozmanitosti pohybov a v\u00fddr\u017ee v bojov\u00fdch \u0161portoch \u0161tvorzlo\u017ekov\u00fd.<\/p>\n<p>Doplnok stravy tie\u017e kv\u00f4li maxim\u00e1lnej komplexnosti obsahuje mno\u017estvo miner\u00e1lov nepostr\u00e1date\u013en\u00fdch pre organizmus so zv\u00fd\u0161enou fyzickou aktivitou, ale aj miner\u00e1lov, ktor\u00fdch sa bohu\u017eia\u013e telo zbavuje pri fyzickej z\u00e1\u0165a\u017ei: Ca, Fe, Mg, P, K, Na, Zn, Cu, Mn a Se.<\/p>\n<p>\u010eal\u0161ia formula pre vyv\u00e1\u017een\u00fa v\u00fd\u017eivu cvi\u010dencov a cvi\u010denky\u0148 bojov\u00fdch \u0161portov je komplex vitam\u00ednov:<br \/>\nA, B1, B2, B3, B6, B12, C, D, D3, E a K.<\/p>\n","protected":false},"excerpt":{"rendered":"<p>V\u0161etky doplnky stravy Fights Star s\u00fa vyroben\u00e9 \u0161peci\u00e1lne pre \u0161portovcov zo starostlivo vybran\u00fdch pr\u00edrodn\u00fdch surov\u00edn v najvy\u0161\u0161ej BIO potravin\u00e1rskej kvalite. S\u00fa vyroben\u00e9 cestou tzv. \u201elisovanie za studena\u201c. Pri v\u00fdrobe v teplotnom limite do 40 \u00b0 C zost\u00e1vaj\u00fa zachovan\u00e9 v\u0161etky prirodzen\u00e9 pr\u00edrodn\u00e9 l\u00e1tky s vysokou str\u00e1vite\u013enos\u0165ou. V\u00fdrobok je plnen\u00fd v O3 atmosf\u00e9re teda neobsahuje \u017dIADNE konzervanty. V\u00fdrobok neobsahuje \u017eiadne chemicky vyroben\u00e9 l\u00e1tky, emulg\u00e1tory, stabiliz\u00e1tory, chemick\u00e9 farbiv\u00e1, adit\u00edva, plniv\u00e1, ar\u00f3my ani biely cukor.<\/p>\n","protected":false},"featured_media":169663,"comment_status":"open","ping_status":"closed","template":"","meta":[],"pwb-brand":[3637],"product_brand":[],"product_cat":[3339],"product_tag":[],"class_list":{"0":"post-307900","1":"product","2":"type-product","3":"status-publish","4":"has-post-thumbnail","6":"pwb-brand-fights-star-sk","7":"product_cat-bio-protein-sk","9":"first","10":"outofstock","11":"taxable","12":"shipping-taxable","13":"purchasable","14":"product-type-simple"},"brands":[{"id":3637,"name":"Fights Star","slug":"fights-star-sk"}],"_links":{"self":[{"href":"https:\/\/www.moskito.cz\/sk\/wp-json\/wp\/v2\/product\/307900","targetHints":{"allow":["GET"]}}],"collection":[{"href":"https:\/\/www.moskito.cz\/sk\/wp-json\/wp\/v2\/product"}],"about":[{"href":"https:\/\/www.moskito.cz\/sk\/wp-json\/wp\/v2\/types\/product"}],"replies":[{"embeddable":true,"href":"https:\/\/www.moskito.cz\/sk\/wp-json\/wp\/v2\/comments?post=307900"}],"wp:featuredmedia":[{"embeddable":true,"href":"https:\/\/www.moskito.cz\/sk\/wp-json\/wp\/v2\/media\/169663"}],"wp:attachment":[{"href":"https:\/\/www.moskito.cz\/sk\/wp-json\/wp\/v2\/media?parent=307900"}],"wp:term":[{"taxonomy":"pwb-brand","embeddable":true,"href":"https:\/\/www.moskito.cz\/sk\/wp-json\/wp\/v2\/pwb-brand?post=307900"},{"taxonomy":"product_brand","embeddable":true,"href":"https:\/\/www.moskito.cz\/sk\/wp-json\/wp\/v2\/product_brand?post=307900"},{"taxonomy":"product_cat","embeddable":true,"href":"https:\/\/www.moskito.cz\/sk\/wp-json\/wp\/v2\/product_cat?post=307900"},{"taxonomy":"product_tag","embeddable":true,"href":"https:\/\/www.moskito.cz\/sk\/wp-json\/wp\/v2\/product_tag?post=307900"}],"curies":[{"name":"wp","href":"https:\/\/api.w.org\/{rel}","templated":true}]}}