{"id":307903,"date":"2020-09-15T20:22:21","date_gmt":"2024-02-06T11:00:57","guid":{"rendered":"https:\/\/www.moskito.cz\/produkt\/bio-protein-mix-400g\/"},"modified":"2025-08-23T12:57:37","modified_gmt":"2025-08-23T11:57:37","slug":"bio-protein-mix-400g","status":"publish","type":"product","link":"https:\/\/www.moskito.cz\/sk\/produkt\/bio-protein-mix-400g\/","title":{"rendered":"Bio Prote\u00edn MIX 400g."},"content":{"rendered":"<p>Bio Prote\u00edn MIX 400g. (doplnok stravy)<br \/>\n Ur\u010den\u00e9 pre: n\u00e1rast svalovej hmoty.<\/p>\n<p>V\u0161etky doplnky stravy Fights Star s\u00fa vyroben\u00e9 \u0161peci\u00e1lne pre \u0161portovcov zo starostlivo vybran\u00fdch pr\u00edrodn\u00fdch surov\u00edn v najvy\u0161\u0161ej BIO potravin\u00e1rskej kvalite. S\u00fa vyroben\u00e9 cestou tzv. \u201elisovanie za studena\u201c. Pri v\u00fdrobe v teplotnom limite do 40 \u00b0 C zost\u00e1vaj\u00fa zachovan\u00e9 v\u0161etky prirodzen\u00e9 pr\u00edrodn\u00e9 l\u00e1tky s vysokou str\u00e1vite\u013enos\u0165ou. V\u00fdrobok je plnen\u00fd v O3 atmosf\u00e9re teda neobsahuje \u017dIADNE konzervanty. V\u00fdrobok neobsahuje \u017eiadne chemicky vyroben\u00e9 l\u00e1tky, emulg\u00e1tory, stabiliz\u00e1tory, chemick\u00e9 farbiv\u00e1, adit\u00edva, plniv\u00e1, ar\u00f3my ani biely cukor.<\/p>\n<p>Charakteristika: V\u00fdrobok obsahuje 76% bielkov\u00edn, 14 druhov vitam\u00ednov, 10 druhov miner\u00e1lov a 18 druhov aminokysel\u00edn a je doplnen\u00fd o \u00fa\u010dinn\u00e9 zlo\u017eky pre komplexn\u00fa ochranu k\u013abov a v\u00e4zivov\u00fdch apar\u00e1tov (glukosam\u00edn sulf\u00e1t, chondroit\u00edn sulf\u00e1t, MSM). \u010eal\u0161ie neoddelite\u013en\u00e9 zlo\u017eky pre komplexn\u00fa v\u00fd\u017eivu s\u00fa vitam\u00edny a miner\u00e1ly:<\/p>\n<p>Vitam\u00edny: A, B1, B2, B3, B6, B12, C, D, D3, E, K<br \/>\n Miner\u00e1ly: Ca, Fe, Mg, P, K, Na, Zn, Cu, Mn, Se<\/p>\n<p>Pre komplexnej\u0161\u00ed obsah aminokysel\u00edn obsahuje p\u0161eno, amarant, poh\u00e1nku a \u010fal\u0161ie suroviny, ktor\u00e9 prispievaj\u00fa aj k:<\/p>\n<p>dobr\u00e9mu na pre\u010distenie \u010driev (zabra\u0148uje z\u00e1palu dvan\u00e1stnika, nad\u00favaniu, rakovine),<br \/>\n spriechodnenie ciev, ich pru\u017enosti,<br \/>\n zlep\u0161enie imunitn\u00e9ho syst\u00e9mu,<br \/>\n vylu\u010dovanie kyseliny mo\u010dovej a<br \/>\n prevenciu pred hemoroidmi.<\/p>\n<p>Vyv\u00e1\u017een\u00e1 zmes zaru\u010duje pozvo\u013en\u00e9 vstreb\u00e1vanie po dobu nieko\u013ek\u00fdch hod\u00edn, preto je mo\u017en\u00e9 vyu\u017ei\u0165 aj vo ve\u010dern\u00fdch hodin\u00e1ch.<\/p>\n<p>Nutri\u010dn\u00e9 \u200b\u200bhodnoty (v 100 g): bielkoviny 76 g, sacharidy (z toho cukry) 13 g, tuk 0,7 g<\/p>\n<p>Upozornenie: Neprekra\u010dujte odpor\u00fa\u010dan\u00e9 denn\u00e9 d\u00e1vkovanie. Nie je n\u00e1hradou pestrej stravy. V\u00fdrobok nie je ur\u010den\u00fd pre deti, tehotn\u00e9 a doj\u010diace \u017eeny. Uchov\u00e1vajte mimo dosahu det\u00ed. Po otvoren\u00ed spotrebujte do 3 mesiacov.<\/p>\n<p>Uchov\u00e1vajte v suchu a chlade, nevystavujte slnku ani mrazu, minim\u00e1lna doba pou\u017eite\u013enosti pri dodr\u017ean\u00ed optim\u00e1lnych skladovac\u00edch podmienok je vyzna\u010den\u00e1 na etikete.<\/p>\n","protected":false},"excerpt":{"rendered":"<p>V\u0161etky doplnky stravy Fights Star s\u00fa vyroben\u00e9 \u0161peci\u00e1lne pre \u0161portovcov zo starostlivo vybran\u00fdch pr\u00edrodn\u00fdch surov\u00edn v najvy\u0161\u0161ej BIO potravin\u00e1rskej kvalite. S\u00fa vyroben\u00e9 cestou tzv. \u201elisovanie za studena\u201c. Pri v\u00fdrobe v teplotnom limite do 40 \u00b0 C zost\u00e1vaj\u00fa zachovan\u00e9 v\u0161etky prirodzen\u00e9 pr\u00edrodn\u00e9 l\u00e1tky s vysokou str\u00e1vite\u013enos\u0165ou. V\u00fdrobok je plnen\u00fd v O3 atmosf\u00e9re teda neobsahuje \u017dIADNE konzervanty. V\u00fdrobok neobsahuje \u017eiadne chemicky vyroben\u00e9 l\u00e1tky, emulg\u00e1tory, stabiliz\u00e1tory, chemick\u00e9 farbiv\u00e1, adit\u00edva, plniv\u00e1, ar\u00f3my ani biely cukor.<\/p>\n","protected":false},"featured_media":169667,"comment_status":"open","ping_status":"closed","template":"","meta":[],"pwb-brand":[3637],"product_brand":[],"product_cat":[3339],"product_tag":[],"class_list":{"0":"post-307903","1":"product","2":"type-product","3":"status-publish","4":"has-post-thumbnail","6":"pwb-brand-fights-star-sk","7":"product_cat-bio-protein-sk","9":"first","10":"outofstock","11":"taxable","12":"shipping-taxable","13":"purchasable","14":"product-type-simple"},"brands":[{"id":3637,"name":"Fights Star","slug":"fights-star-sk"}],"_links":{"self":[{"href":"https:\/\/www.moskito.cz\/sk\/wp-json\/wp\/v2\/product\/307903","targetHints":{"allow":["GET"]}}],"collection":[{"href":"https:\/\/www.moskito.cz\/sk\/wp-json\/wp\/v2\/product"}],"about":[{"href":"https:\/\/www.moskito.cz\/sk\/wp-json\/wp\/v2\/types\/product"}],"replies":[{"embeddable":true,"href":"https:\/\/www.moskito.cz\/sk\/wp-json\/wp\/v2\/comments?post=307903"}],"wp:featuredmedia":[{"embeddable":true,"href":"https:\/\/www.moskito.cz\/sk\/wp-json\/wp\/v2\/media\/169667"}],"wp:attachment":[{"href":"https:\/\/www.moskito.cz\/sk\/wp-json\/wp\/v2\/media?parent=307903"}],"wp:term":[{"taxonomy":"pwb-brand","embeddable":true,"href":"https:\/\/www.moskito.cz\/sk\/wp-json\/wp\/v2\/pwb-brand?post=307903"},{"taxonomy":"product_brand","embeddable":true,"href":"https:\/\/www.moskito.cz\/sk\/wp-json\/wp\/v2\/product_brand?post=307903"},{"taxonomy":"product_cat","embeddable":true,"href":"https:\/\/www.moskito.cz\/sk\/wp-json\/wp\/v2\/product_cat?post=307903"},{"taxonomy":"product_tag","embeddable":true,"href":"https:\/\/www.moskito.cz\/sk\/wp-json\/wp\/v2\/product_tag?post=307903"}],"curies":[{"name":"wp","href":"https:\/\/api.w.org\/{rel}","templated":true}]}}