{"id":307936,"date":"2020-09-15T20:47:40","date_gmt":"2024-02-06T11:01:11","guid":{"rendered":"https:\/\/www.moskito.cz\/produkt\/bio-protein-extreme-strong-400g\/"},"modified":"2025-07-11T07:52:20","modified_gmt":"2025-07-11T06:52:20","slug":"bio-protein-extreme-strong-400g","status":"publish","type":"product","link":"https:\/\/www.moskito.cz\/sk\/produkt\/bio-protein-extreme-strong-400g\/","title":{"rendered":"Bio Prote\u00edn Extreme Strong 400g."},"content":{"rendered":"<p>Bio Protein Extreme Strong 400g. (Doplnok stravy)<br \/>\nUr\u010den\u00e9 pre: zv\u00fd\u0161enie sily, n\u00e1rast svalovej hmoty, zv\u00fd\u0161enie silovej aj r\u00fdchlostnej v\u00fddr\u017ee, priebojnos\u0165, r\u00fdchlos\u0165 a odolnos\u0165 tela, ochrana a v\u00fd\u017eiva k\u013abov a v\u00e4z\u00edv.<\/p>\n<p>Zlo\u017eenie: Meripro 500, srv\u00e1tkov\u00fd, vaje\u010dn\u00fd, obiln\u00fd a s\u00f3jov\u00fd prote\u00edn, ry\u017ea, p\u0161eno, glukosam\u00edn, gluk\u00f3za, malt\u00f3za, frukt\u00f3za, dextr\u00f3za galakt\u00f3za, poh\u00e1nka, pivovarsk\u00e9 kvasnice, spirulina, Acai, karob, kolab<\/p>\n<p>V\u0161etky doplnky stravy Fights Star s\u00fa vyroben\u00e9 \u0161peci\u00e1lne pre \u0161portovcov zo starostlivo vybran\u00fdch pr\u00edrodn\u00fdch surov\u00edn v najvy\u0161\u0161ej BIO potravin\u00e1rskej kvalite. S\u00fa vyroben\u00e9 cestou tzv. \u201elisovanie za studena\u201c. Pri v\u00fdrobe v teplotnom limite do 40 \u00b0 C zost\u00e1vaj\u00fa zachovan\u00e9 v\u0161etky prirodzen\u00e9 pr\u00edrodn\u00e9 l\u00e1tky s vysokou str\u00e1vite\u013enos\u0165ou. V\u00fdrobok je plnen\u00fd v O3 atmosf\u00e9re teda neobsahuje \u017dIADNE konzervanty. V\u00fdrobok neobsahuje \u017eiadne chemicky vyroben\u00e9 l\u00e1tky, emulg\u00e1tory, stabiliz\u00e1tory, chemick\u00e9 farbiv\u00e1, adit\u00edva, plniv\u00e1, ar\u00f3my ani biely cukor.<\/p>\n<p>Charakteristika: Doplnok stravy sa cielene zameriava na aktivitu: aer\u00f3bnu, anaer\u00f3bnu, silov\u00fa, spev\u0148ovaciu, na\u0165ahovaciu aj vysoko objemov\u00fa. Komplex sa sklad\u00e1 z 81% \u0161tvorzlo\u017ekov\u00e9ho prote\u00ednu. \u010eal\u0161ou neoddelite\u013enou s\u00fa\u010das\u0165ou pre maxim\u00e1lny energetick\u00fd pr\u00edjem pred tr\u00e9ningom aj pre doplnenie sacharidov\u00e9ho deficitu po tr\u00e9ningu je komplex sacharidov. V\u010faka \u0161irok\u00e9mu spektru pou\u017eit\u00fdch vstupn\u00fdch surov\u00edn ako je napr. kamukamu, p\u0161eno, amarant, poh\u00e1nka, p\u0161enica, spirulina at\u010f. obsahuje doplnok stravy \u0161irok\u00fd rad vitam\u00ednov a miner\u00e1lov.<\/p>\n<p>Pre komplexnej\u0161\u00ed obsah aminokysel\u00edn obsahuje p\u0161eno, amarant, poh\u00e1nku a \u010fal\u0161ie suroviny, ktor\u00e9 prispievaj\u00fa aj k dobr\u00e9mu na pre\u010distenie \u010driev (zabra\u0148uje z\u00e1palu dvan\u00e1stnika, nad\u00favaniu, rakovine), spriechodneniu ciev, ich pru\u017enosti, zlep\u0161eniu imunitn\u00e9ho syst\u00e9mu, vylu\u010dovaniu kyseliny mo\u010dovej a prevencii pred hem.<\/p>\n<p>Neoddelite\u013enou s\u00fa\u010das\u0165ou s\u00fa v\u0161etky tri druhy kolag\u00e9nnych materi\u00e1lov. Doplnok stravy je najkomplexnej\u0161ou ochranou pre k\u013abov\u00fd a v\u00e4zivov\u00fd apar\u00e1t, a to ako pri prevencii, tak aj v \u0161t\u00e1diu poranenia \u010di dlhodob\u00fdch devi\u00e1ci\u00ed k\u013abov a v\u00e4z\u00edv.<\/p>\n<p>Kolag\u00e9n typu I \u2013 ochrana \u0161liach, v\u00e4zov, kost\u00ed, \u0161k\u00e1ry, puzdra org\u00e1nov a riedkeho v\u00e4ziva.<\/p>\n<p>Kolag\u00e9n typu II \u2013 ochrana chrupaviek.<\/p>\n<p>Kolag\u00e9n typu III \u2013 poskytuje oporu m\u00e4kk\u00fdm poddajn\u00fdm tkaniv\u00e1m m \u2013 napr. hladk\u00fdm svalov\u00fdm bunk\u00e1m, nervov\u00fdm vl\u00e1knam,<br \/>\nadipocytom, hemopoetick\u00fdm tkaniv\u00e1m a retikul\u00e1rnej lamine, baz\u00e1lnych lam\u00edn epitelov (tzv. svalov\u00e1<br \/>\nhor\u00fa\u010dka)<\/p>\n<p>Na rozdiel od obdobn\u00fdch doplnkov stravy, obsahuje vy\u0161\u0161ie uveden\u00e9 kolag\u00e9ny, nie kolag\u00e9n bez ozna\u010denia typu, tzv. \u017eelat\u00ednu.<\/p>\n<p>Vybran\u00e9 pou\u017eit\u00e9 suroviny: kamu kamu (najsilnej\u0161\u00ed antioxidant z l\u00e1tok obsahuj\u00facich vitam\u00edn C, 4x silnej\u0161\u00ed ako chemick\u00fd vitam\u00edn. C\/kyselina citr\u00f3nov\u00e1\/; v\u010faka tomu, \u017ee nie je umelo chemicky vyroben\u00fd, m\u00e1 vysok\u00fa vstrebate\u013enos\u0165), plody baobabu, p\u0161eno, katamfe, amarant, poh\u00e1nka, spirulina (vodn\u00e1 riasa a ve\u013emi siln\u00fd antioxidant, z\u00e1rove\u0148 podporuje vstrebate\u013enos\u0165 kolag\u00e9nu), pap\u00e1ja, \u0161\u00edpky, pangam\u00edn, ryb\u00ed kolag\u00e9n at\u010f.<\/p>\n<p>Vyv\u00e1\u017een\u00e1 zmes zaru\u010duje pozvo\u013en\u00e9 vstreb\u00e1vanie po dobu nieko\u013ek\u00fdch hod\u00edn, preto je mo\u017en\u00e9 vyu\u017ei\u0165 aj vo ve\u010dern\u00fdch hodin\u00e1ch.<\/p>\n<p>Nutri\u010dn\u00e9 \u200b\u200bhodnoty (v 100 g): bielkoviny 80,970 g, sacharidy (z toho cukry) 4, 502 g, tuk 5,539 g<\/p>\n<p>Priemern\u00e9 hodnoty aminokysel\u00edn (v 100 g):<\/p>\n<p>Tryptophan: 0,274 g<\/p>\n<p>Threonine : 1,912 g<\/p>\n<p>Isoleucine : 2,869 g<\/p>\n<p>Leucine : 5,020 g<\/p>\n<p>Lyz\u00edn : 2,121 g<\/p>\n<p>Metion\u00edn : 1,678 g<\/p>\n<p>Cystine : 1,487 g<\/p>\n<p>Phenylalanine: 4,113 g<\/p>\n<p>Tyroxine : 2,419 g<\/p>\n<p>Valine : 3,325 g<\/p>\n<p>Argin\u00edn : 3,184 g<\/p>\n<p>Histidine : 1,340 g<\/p>\n<p>Alanine : 2,957 g<\/p>\n<p>Aspartic acid : 3,349 g<\/p>\n<p>Glutamic acid : 20,994 g<\/p>\n<p>Glyc\u00edn : 3,628 g<\/p>\n<p>Proline : 7,469 g<\/p>\n<p>Serine: 4,163 g<\/p>\n<p>Hydroxyprol\u00edn: 8,9 g<\/p>\n<p>Hydroxylyz\u00edn: 3,5 g<\/p>\n<p>\u00da\u010dinn\u00e9 l\u00e1tky v 40 g<\/p>\n<p>Glutamic acid 8,397 g<\/p>\n<p>Kolag\u00e9ny 0,75 g<\/p>\n<p>Upozornenie: Neprekra\u010dujte odpor\u00fa\u010dan\u00e9 denn\u00e9 d\u00e1vkovanie. Nie je n\u00e1hradou pestrej stravy. V\u00fdrobok nie je ur\u010den\u00fd pre deti, tehotn\u00e9 a doj\u010diace \u017eeny. Uchov\u00e1vajte mimo dosahu det\u00ed. Po otvoren\u00ed spotrebujte do 3 mesiacov.<\/p>\n<p>Uchov\u00e1vajte v suchu a chlade, nevystavujte slnku ani mrazu, minim\u00e1lna doba pou\u017eite\u013enosti pri dodr\u017ean\u00ed optim\u00e1lnych skladovac\u00edch podmienok je vyzna\u010den\u00e1 na etikete.<\/p>\n","protected":false},"excerpt":{"rendered":"<p>V\u0161etky doplnky stravy Fights Star s\u00fa vyroben\u00e9 \u0161peci\u00e1lne pre \u0161portovcov zo starostlivo vybran\u00fdch pr\u00edrodn\u00fdch surov\u00edn v najvy\u0161\u0161ej BIO potravin\u00e1rskej kvalite. S\u00fa vyroben\u00e9 cestou tzv. \u201elisovanie za studena\u201c. Pri v\u00fdrobe v teplotnom limite do 40 \u00b0 C zost\u00e1vaj\u00fa zachovan\u00e9 v\u0161etky prirodzen\u00e9 pr\u00edrodn\u00e9 l\u00e1tky s vysokou str\u00e1vite\u013enos\u0165ou. V\u00fdrobok je plnen\u00fd v O3 atmosf\u00e9re teda neobsahuje \u017dIADNE konzervanty. V\u00fdrobok neobsahuje \u017eiadne chemicky vyroben\u00e9 l\u00e1tky, emulg\u00e1tory, stabiliz\u00e1tory, chemick\u00e9 farbiv\u00e1, adit\u00edva, plniv\u00e1, ar\u00f3my ani biely cukor.<\/p>\n","protected":false},"featured_media":169671,"comment_status":"open","ping_status":"closed","template":"","meta":[],"pwb-brand":[3637],"product_brand":[],"product_cat":[3339],"product_tag":[],"class_list":{"0":"post-307936","1":"product","2":"type-product","3":"status-publish","4":"has-post-thumbnail","6":"pwb-brand-fights-star-sk","7":"product_cat-bio-protein-sk","9":"first","10":"outofstock","11":"taxable","12":"shipping-taxable","13":"purchasable","14":"product-type-simple"},"brands":[{"id":3637,"name":"Fights Star","slug":"fights-star-sk"}],"_links":{"self":[{"href":"https:\/\/www.moskito.cz\/sk\/wp-json\/wp\/v2\/product\/307936","targetHints":{"allow":["GET"]}}],"collection":[{"href":"https:\/\/www.moskito.cz\/sk\/wp-json\/wp\/v2\/product"}],"about":[{"href":"https:\/\/www.moskito.cz\/sk\/wp-json\/wp\/v2\/types\/product"}],"replies":[{"embeddable":true,"href":"https:\/\/www.moskito.cz\/sk\/wp-json\/wp\/v2\/comments?post=307936"}],"wp:featuredmedia":[{"embeddable":true,"href":"https:\/\/www.moskito.cz\/sk\/wp-json\/wp\/v2\/media\/169671"}],"wp:attachment":[{"href":"https:\/\/www.moskito.cz\/sk\/wp-json\/wp\/v2\/media?parent=307936"}],"wp:term":[{"taxonomy":"pwb-brand","embeddable":true,"href":"https:\/\/www.moskito.cz\/sk\/wp-json\/wp\/v2\/pwb-brand?post=307936"},{"taxonomy":"product_brand","embeddable":true,"href":"https:\/\/www.moskito.cz\/sk\/wp-json\/wp\/v2\/product_brand?post=307936"},{"taxonomy":"product_cat","embeddable":true,"href":"https:\/\/www.moskito.cz\/sk\/wp-json\/wp\/v2\/product_cat?post=307936"},{"taxonomy":"product_tag","embeddable":true,"href":"https:\/\/www.moskito.cz\/sk\/wp-json\/wp\/v2\/product_tag?post=307936"}],"curies":[{"name":"wp","href":"https:\/\/api.w.org\/{rel}","templated":true}]}}