{"id":307960,"date":"2020-09-22T10:50:17","date_gmt":"2024-02-06T11:01:27","guid":{"rendered":"https:\/\/www.moskito.cz\/produkt\/boker-arbolito-manikura-set-classic\/"},"modified":"2025-07-11T07:52:22","modified_gmt":"2025-07-11T06:52:22","slug":"boker-arbolito-manikura-set-classic","status":"publish","type":"product","link":"https:\/\/www.moskito.cz\/sk\/produkt\/boker-arbolito-manikura-set-classic\/","title":{"rendered":"B\u00f6ker Arbolito Manik\u00fara Set Classic"},"content":{"rendered":"<p>B\u00f6ker Arbolito Manik\u00fara Set Classic.<br \/>\nTento 5 dielny set obsahuje no\u017enice na nechty, klie\u0161tiky na nechty, rovn\u00fa pinzetu, piln\u00edk na nechty a kombinovan\u00fd n\u00e1stroj ktor\u00fd sa d\u00e1 pou\u017ei\u0165 ako zatla\u010dova\u010d ko\u017ee a nechtov\u00fd n\u00f4\u017e. Sada sa dod\u00e1va v ko\u017eenom p\u00fazdre.<\/p>\n<p>Hmotnos\u0165 113 g.<\/p>\n","protected":false},"excerpt":{"rendered":"<p>P\u00e4\u0165dielny set.<\/p>\n","protected":false},"featured_media":174234,"comment_status":"open","ping_status":"closed","template":"","meta":[],"pwb-brand":[3419],"product_brand":[],"product_cat":[3644],"product_tag":[],"class_list":{"0":"post-307960","1":"product","2":"type-product","3":"status-publish","4":"has-post-thumbnail","6":"pwb-brand-boker-sk","7":"product_cat-manikury-sk","9":"first","10":"outofstock","11":"taxable","12":"shipping-taxable","13":"purchasable","14":"product-type-simple"},"brands":[{"id":3419,"name":"Boker","slug":"boker-sk"}],"_links":{"self":[{"href":"https:\/\/www.moskito.cz\/sk\/wp-json\/wp\/v2\/product\/307960","targetHints":{"allow":["GET"]}}],"collection":[{"href":"https:\/\/www.moskito.cz\/sk\/wp-json\/wp\/v2\/product"}],"about":[{"href":"https:\/\/www.moskito.cz\/sk\/wp-json\/wp\/v2\/types\/product"}],"replies":[{"embeddable":true,"href":"https:\/\/www.moskito.cz\/sk\/wp-json\/wp\/v2\/comments?post=307960"}],"wp:featuredmedia":[{"embeddable":true,"href":"https:\/\/www.moskito.cz\/sk\/wp-json\/wp\/v2\/media\/174234"}],"wp:attachment":[{"href":"https:\/\/www.moskito.cz\/sk\/wp-json\/wp\/v2\/media?parent=307960"}],"wp:term":[{"taxonomy":"pwb-brand","embeddable":true,"href":"https:\/\/www.moskito.cz\/sk\/wp-json\/wp\/v2\/pwb-brand?post=307960"},{"taxonomy":"product_brand","embeddable":true,"href":"https:\/\/www.moskito.cz\/sk\/wp-json\/wp\/v2\/product_brand?post=307960"},{"taxonomy":"product_cat","embeddable":true,"href":"https:\/\/www.moskito.cz\/sk\/wp-json\/wp\/v2\/product_cat?post=307960"},{"taxonomy":"product_tag","embeddable":true,"href":"https:\/\/www.moskito.cz\/sk\/wp-json\/wp\/v2\/product_tag?post=307960"}],"curies":[{"name":"wp","href":"https:\/\/api.w.org\/{rel}","templated":true}]}}