{"id":307966,"date":"2020-09-26T19:59:25","date_gmt":"2024-02-06T11:01:29","guid":{"rendered":"https:\/\/www.moskito.cz\/produkt\/stojan-na-katany\/"},"modified":"2025-07-11T07:52:27","modified_gmt":"2025-07-11T06:52:27","slug":"stojan-na-katany","status":"publish","type":"product","link":"https:\/\/www.moskito.cz\/sk\/produkt\/stojan-na-katany\/","title":{"rendered":"Stojan na katany"},"content":{"rendered":"<p>Stojan na katany.<br \/>\nStojan na katane je skladac\u00ed &#8211; pomocou nieko\u013ek\u00fdch dreven\u00fdch prvkov ho jednoducho zlo\u017e\u00edte \u010di rozlo\u017e\u00edte.<\/p>\n","protected":false},"excerpt":{"rendered":"<p>Stojan na katany.<\/p>\n","protected":false},"featured_media":169819,"comment_status":"open","ping_status":"closed","template":"","meta":[],"pwb-brand":[3647],"product_brand":[],"product_cat":[3386,3392],"product_tag":[],"class_list":{"0":"post-307966","1":"product","2":"type-product","3":"status-publish","4":"has-post-thumbnail","6":"pwb-brand-miscellaneous-sk","7":"product_cat-katany-a-mece-sk","8":"product_cat-mece-dyky-repliky-sk","10":"first","11":"outofstock","12":"taxable","13":"shipping-taxable","14":"purchasable","15":"product-type-simple"},"brands":[{"id":3647,"name":"Miscellaneous","slug":"miscellaneous-sk"}],"_links":{"self":[{"href":"https:\/\/www.moskito.cz\/sk\/wp-json\/wp\/v2\/product\/307966","targetHints":{"allow":["GET"]}}],"collection":[{"href":"https:\/\/www.moskito.cz\/sk\/wp-json\/wp\/v2\/product"}],"about":[{"href":"https:\/\/www.moskito.cz\/sk\/wp-json\/wp\/v2\/types\/product"}],"replies":[{"embeddable":true,"href":"https:\/\/www.moskito.cz\/sk\/wp-json\/wp\/v2\/comments?post=307966"}],"wp:featuredmedia":[{"embeddable":true,"href":"https:\/\/www.moskito.cz\/sk\/wp-json\/wp\/v2\/media\/169819"}],"wp:attachment":[{"href":"https:\/\/www.moskito.cz\/sk\/wp-json\/wp\/v2\/media?parent=307966"}],"wp:term":[{"taxonomy":"pwb-brand","embeddable":true,"href":"https:\/\/www.moskito.cz\/sk\/wp-json\/wp\/v2\/pwb-brand?post=307966"},{"taxonomy":"product_brand","embeddable":true,"href":"https:\/\/www.moskito.cz\/sk\/wp-json\/wp\/v2\/product_brand?post=307966"},{"taxonomy":"product_cat","embeddable":true,"href":"https:\/\/www.moskito.cz\/sk\/wp-json\/wp\/v2\/product_cat?post=307966"},{"taxonomy":"product_tag","embeddable":true,"href":"https:\/\/www.moskito.cz\/sk\/wp-json\/wp\/v2\/product_tag?post=307966"}],"curies":[{"name":"wp","href":"https:\/\/api.w.org\/{rel}","templated":true}]}}