{"id":307975,"date":"2020-09-16T19:43:47","date_gmt":"2024-02-06T11:01:38","guid":{"rendered":"https:\/\/www.moskito.cz\/produkt\/bio-protein-women-1kg\/"},"modified":"2025-07-11T07:52:21","modified_gmt":"2025-07-11T06:52:21","slug":"bio-protein-women-1kg","status":"publish","type":"product","link":"https:\/\/www.moskito.cz\/sk\/produkt\/bio-protein-women-1kg\/","title":{"rendered":"Bio Prote\u00edn Women 1kg."},"content":{"rendered":"<p>Bio Prote\u00edn Women 1kg. (doplnok stravy)<\/p>\n<p>Ur\u010den\u00e9 pre: n\u00e1rast svalovej hmoty, v\u00fddr\u017e v sile, zv\u00fd\u0161enie fyzickej kond\u00edcie a r\u00fdchlosti<\/p>\n<p>Charakteristika: 100% pr\u00edrodn\u00fd doplnok stravy ur\u010den\u00fd pre \u017eeny a diev\u010dat\u00e1, ktor\u00e9 sa zaoberaj\u00fa bojov\u00fdmi \u0161portmi. \u0160peci\u00e1lne navrhnut\u00e1 zmes obsahuje 4 zlo\u017ekov\u00fd prote\u00edn (bielkovinov\u00fd, srv\u00e1tkov\u00fd, s\u00f3jov\u00fd a obiln\u00fd), 5 karbohydr\u00e1tov (gluk\u00f3zy, frukt\u00f3zy, malt\u00f3zy, dextr\u00f3zy a galakt\u00f3zy) d\u00f4le\u017eit\u00fdch pre svalov\u00fa regener\u00e1ciu po tr\u00e9ningu a cel\u00fd rad vitam\u00ednov a miner\u00e1lov. V\u010faka koenz\u00fdmom, miner\u00e1lom a cielene pridan\u00fdm aminokyselin\u00e1m ovplyv\u0148uje a takmer zastavuje tvorbu vr\u00e1sok. Blahod\u00e1rne p\u00f4sob\u00ed na poko\u017eku a jej prv\u00e9 vrstvy podko\u017en\u00e9ho tuku a takmer zastavuje proces tvorby celulit\u00eddy. Vzh\u013eadom na siln\u00fd pomer v\u00e1pnika, hor\u010d\u00edka, drasl\u00edka a esenci\u00e1lnych olejov podporuje rast nechtov a vlasov. V neposlednom rade obsahuje siln\u00e9 antioxidanty ako je napr. sel\u00e9n, kamu kamu ai. Je doplnen\u00fd o pr\u00edrodn\u00e9 l\u00e1tky ako pap\u00e1je, spirulinu a katmafe. Pomer zlo\u017eiek v\u00fdrobku zoh\u013ead\u0148uje menopauzu a pozit\u00edvne ovplyv\u0148uje tvorbu estrog\u00e9nu (estrog\u00e9n ovplyv\u0148uje redukciu podko\u017en\u00e9ho tuku).<\/p>\n<p>Zlo\u017eenie: 81% prote\u00ednu (bielkovinov\u00fd, srv\u00e1tkov\u00fd, s\u00f3jov\u00fd a obiln\u00fd), gluk\u00f3za, frukt\u00f3za, malt\u00f3za, dextr\u00f3za a galakt\u00f3za, kamu kamu, katamfe, &#8230;<\/p>\n<p>Vitam\u00edny: A, B1, B2, B3, B6, B12, C, D, D3, E, K<\/p>\n<p>Miner\u00e1ly: Ca, Fe, Mg, P, K, Na, Zn, Cu, Mn, Se<\/p>\n<p>Vybran\u00e9 pou\u017eit\u00e9 suroviny: kamu kamu (najsilnej\u0161\u00ed antioxidant z l\u00e1tok obsahuj\u00facich vitam\u00edn C, 4x silnej\u0161\u00ed ako chemick\u00fd vitam\u00edn. C\/kyselina citr\u00f3nov\u00e1\/; v\u010faka tomu, \u017ee nie je umelo chemicky vyroben\u00fd, m\u00e1 vysok\u00fa vstrebate\u013enos\u0165), plody baobabu, p\u0161eno, katamfe, amarant, poh\u00e1nka, spirulina (vodn\u00e1 riasa a ve\u013emi siln\u00fd antioxidant, z\u00e1rove\u0148 podporuje vstrebate\u013enos\u0165 kolag\u00e9nu), pap\u00e1ja, \u0161\u00edpky, pangam\u00edn, ryb\u00ed kolag\u00e9n at\u010f.<\/p>\n<p>\u010eal\u0161ia formula n\u00e1\u0161ho v\u00fdrobku je komplexn\u00e1 ochrana k\u013abov\u00e9ho a v\u00e4zivov\u00e9ho apar\u00e1tu, ktor\u00fa zabezpe\u010duj\u00fa kolag\u00e9ny I, II, a III:<br \/>\n&#8211; kolag\u00e9n I &#8211; ochrana \u0161liach, v\u00e4zov, kost\u00ed, \u0161k\u00e1ry, puzdier org\u00e1nov a riedkeho v\u00e4ziva<br \/>\n&#8211; kolag\u00e9n II &#8211; ochrana chrupaviek<br \/>\n&#8211; kolag\u00e9n III &#8211; poskytuje oporu m\u00e4kk\u00fdm poddajn\u00fdm tkaniv\u00e1m &#8211; napr. hladk\u00fdm svalov\u00fdm bunk\u00e1m, nervov\u00fdm vl\u00e1knam, &#8230;<\/p>\n<p>Kolag\u00e9ny tie\u017e blahod\u00e1rne p\u00f4sobia na srdce, na zab\u00fadan\u00e9 vn\u00fatorn\u00e9 svalstvo a zabra\u0148uj\u00fa vzniku svalovej hor\u00fa\u010dky.<\/p>\n<p>\u010eal\u0161\u00ed z \u00fa\u010dinkov Womenu:<br \/>\n&#8211; dobr\u00fd na pre\u010distenie \u010driev (zabra\u0148uje z\u00e1palom dvan\u00e1storn\u00edka)<br \/>\n&#8211; proti nad\u00favaniu a rakovine<br \/>\n&#8211; pom\u00e1haj\u00fa k spriechodneniu ciev a ich pru\u017enosti<br \/>\n&#8211; v\u00fdrazne zlep\u0161uje imunitn\u00fd syst\u00e9m<br \/>\n&#8211; pom\u00e1ha vylu\u010dova\u0165 kyselinu mo\u010dov\u00fa<br \/>\n&#8211; proti hemoroidom<br \/>\n&#8211; neobsahuj\u00fa lepok, nezan\u00e1\u0161a \u010drev\u00e1<\/p>\n<p>V\u0161etky doplnky stravy Fights Star s\u00fa vyroben\u00e9 \u0161peci\u00e1lne pre \u0161portovcov zo starostlivo vybran\u00fdch pr\u00edrodn\u00fdch surov\u00edn v najvy\u0161\u0161ej BIO potravin\u00e1rskej kvalite. S\u00fa vyroben\u00e9 cestou tzv. \u201elisovanie za studena\u201c. Pri v\u00fdrobe v teplotnom limite do 40 \u00b0 C zost\u00e1vaj\u00fa zachovan\u00e9 v\u0161etky prirodzen\u00e9 pr\u00edrodn\u00e9 l\u00e1tky s vysokou str\u00e1vite\u013enos\u0165ou. V\u00fdrobok je plnen\u00fd v O3 atmosf\u00e9re teda neobsahuje \u017dIADNE konzervanty. V\u00fdrobok neobsahuje \u017eiadne chemicky vyroben\u00e9 l\u00e1tky, emulg\u00e1tory, stabiliz\u00e1tory, chemick\u00e9 farbiv\u00e1, adit\u00edva, plniv\u00e1, ar\u00f3my ani biely cukor.<\/p>\n<p>Vyv\u00e1\u017een\u00e1 zmes zaru\u010duje pozvo\u013en\u00e9 vstreb\u00e1vanie po dobu nieko\u013ek\u00fdch hod\u00edn, preto je mo\u017en\u00e9 vyu\u017ei\u0165 aj vo ve\u010dern\u00fdch hodin\u00e1ch.<\/p>\n<p>Nutri\u010dn\u00e9 \u200b\u200bhodnoty (v 100 g): bielkoviny 70,6 g, sacharidy (z toho cukry) 19,2 g, tuk 2,2 g, voda 6,4 g<\/p>\n<p>Upozornenie: Neprekra\u010dujte odpor\u00fa\u010dan\u00e9 denn\u00e9 d\u00e1vkovanie. Nie je n\u00e1hradou pestrej stravy. V\u00fdrobok nie je ur\u010den\u00fd pre deti. Uchov\u00e1vajte mimo dosahu det\u00ed. Po otvoren\u00ed spotrebujte do 3 mesiacov.<\/p>\n<p>Uchov\u00e1vajte v suchu a chlade, nevystavujte slnku ani mrazu, minim\u00e1lna doba pou\u017eite\u013enosti pri dodr\u017ean\u00ed optim\u00e1lnych skladovac\u00edch podmienok je vyzna\u010den\u00e1 na etikete.<\/p>\n","protected":false},"excerpt":{"rendered":"<p>V\u0161etky doplnky stravy Fights Star s\u00fa vyroben\u00e9 \u0161peci\u00e1lne pre \u0161portovcov zo starostlivo vybran\u00fdch pr\u00edrodn\u00fdch surov\u00edn v najvy\u0161\u0161ej BIO potravin\u00e1rskej kvalite. S\u00fa vyroben\u00e9 cestou tzv. \u201elisovanie za studena\u201c. Pri v\u00fdrobe v teplotnom limite do 40 \u00b0 C zost\u00e1vaj\u00fa zachovan\u00e9 v\u0161etky prirodzen\u00e9 pr\u00edrodn\u00e9 l\u00e1tky s vysokou str\u00e1vite\u013enos\u0165ou. V\u00fdrobok je plnen\u00fd v O3 atmosf\u00e9re teda neobsahuje \u017dIADNE konzervanty. V\u00fdrobok neobsahuje \u017eiadne chemicky vyroben\u00e9 l\u00e1tky, emulg\u00e1tory, stabiliz\u00e1tory, chemick\u00e9 farbiv\u00e1, adit\u00edva, plniv\u00e1, ar\u00f3my ani biely cukor.<\/p>\n","protected":false},"featured_media":169679,"comment_status":"open","ping_status":"closed","template":"","meta":[],"pwb-brand":[3637],"product_brand":[],"product_cat":[3339],"product_tag":[],"class_list":{"0":"post-307975","1":"product","2":"type-product","3":"status-publish","4":"has-post-thumbnail","6":"pwb-brand-fights-star-sk","7":"product_cat-bio-protein-sk","9":"first","10":"instock","11":"taxable","12":"shipping-taxable","13":"purchasable","14":"product-type-simple"},"brands":[{"id":3637,"name":"Fights Star","slug":"fights-star-sk"}],"_links":{"self":[{"href":"https:\/\/www.moskito.cz\/sk\/wp-json\/wp\/v2\/product\/307975","targetHints":{"allow":["GET"]}}],"collection":[{"href":"https:\/\/www.moskito.cz\/sk\/wp-json\/wp\/v2\/product"}],"about":[{"href":"https:\/\/www.moskito.cz\/sk\/wp-json\/wp\/v2\/types\/product"}],"replies":[{"embeddable":true,"href":"https:\/\/www.moskito.cz\/sk\/wp-json\/wp\/v2\/comments?post=307975"}],"wp:featuredmedia":[{"embeddable":true,"href":"https:\/\/www.moskito.cz\/sk\/wp-json\/wp\/v2\/media\/169679"}],"wp:attachment":[{"href":"https:\/\/www.moskito.cz\/sk\/wp-json\/wp\/v2\/media?parent=307975"}],"wp:term":[{"taxonomy":"pwb-brand","embeddable":true,"href":"https:\/\/www.moskito.cz\/sk\/wp-json\/wp\/v2\/pwb-brand?post=307975"},{"taxonomy":"product_brand","embeddable":true,"href":"https:\/\/www.moskito.cz\/sk\/wp-json\/wp\/v2\/product_brand?post=307975"},{"taxonomy":"product_cat","embeddable":true,"href":"https:\/\/www.moskito.cz\/sk\/wp-json\/wp\/v2\/product_cat?post=307975"},{"taxonomy":"product_tag","embeddable":true,"href":"https:\/\/www.moskito.cz\/sk\/wp-json\/wp\/v2\/product_tag?post=307975"}],"curies":[{"name":"wp","href":"https:\/\/api.w.org\/{rel}","templated":true}]}}