{"id":307983,"date":"2020-09-24T09:12:49","date_gmt":"2024-02-06T11:01:41","guid":{"rendered":"https:\/\/www.moskito.cz\/produkt\/maceta-outdoor-edge-saberback-bowie\/"},"modified":"2025-07-11T07:52:25","modified_gmt":"2025-07-11T06:52:25","slug":"maceta-outdoor-edge-saberback-bowie","status":"publish","type":"product","link":"https:\/\/www.moskito.cz\/sk\/produkt\/maceta-outdoor-edge-saberback-bowie\/","title":{"rendered":"Ma\u010deta Outdoor Edge SABERBACK BOWIE"},"content":{"rendered":"<p>Ma\u010deta Outdoor Edge SABERBACK BOWIE.<br \/>\nRukov\u00e4\u0165 je potiahnut\u00e1 gumou pre maxim\u00e1lnu bezpe\u010dnos\u0165 pri\u013enavosti a pohodlia pri za\u0165a\u017een\u00ed. \u010cepe\u013e 65Mn z uhl\u00edkovej ocele je mimoriadne odoln\u00e1 a pevn\u00e1. S\u00fa\u010das\u0165ou je praktick\u00e9 nylonov\u00e9 p\u00fazdro. Celkov\u00e1 d\u013a\u017eka je 44.2 cm. D\u013a\u017eka \u010depele je 26 cm. Hmotnos\u0165 ma\u010dety je 390 g.<\/p>\n","protected":false},"excerpt":{"rendered":"<p>Ma\u010deta s puzdrom.<\/p>\n","protected":false},"featured_media":169766,"comment_status":"open","ping_status":"closed","template":"","meta":[],"pwb-brand":[3651],"product_brand":[],"product_cat":[3654],"product_tag":[],"class_list":{"0":"post-307983","1":"product","2":"type-product","3":"status-publish","4":"has-post-thumbnail","6":"pwb-brand-outdoor-edge-sk","7":"product_cat-macety-sk","9":"first","10":"outofstock","11":"taxable","12":"shipping-taxable","13":"purchasable","14":"product-type-simple"},"brands":[{"id":3651,"name":"Outdoor Edge","slug":"outdoor-edge-sk"}],"_links":{"self":[{"href":"https:\/\/www.moskito.cz\/sk\/wp-json\/wp\/v2\/product\/307983","targetHints":{"allow":["GET"]}}],"collection":[{"href":"https:\/\/www.moskito.cz\/sk\/wp-json\/wp\/v2\/product"}],"about":[{"href":"https:\/\/www.moskito.cz\/sk\/wp-json\/wp\/v2\/types\/product"}],"replies":[{"embeddable":true,"href":"https:\/\/www.moskito.cz\/sk\/wp-json\/wp\/v2\/comments?post=307983"}],"wp:featuredmedia":[{"embeddable":true,"href":"https:\/\/www.moskito.cz\/sk\/wp-json\/wp\/v2\/media\/169766"}],"wp:attachment":[{"href":"https:\/\/www.moskito.cz\/sk\/wp-json\/wp\/v2\/media?parent=307983"}],"wp:term":[{"taxonomy":"pwb-brand","embeddable":true,"href":"https:\/\/www.moskito.cz\/sk\/wp-json\/wp\/v2\/pwb-brand?post=307983"},{"taxonomy":"product_brand","embeddable":true,"href":"https:\/\/www.moskito.cz\/sk\/wp-json\/wp\/v2\/product_brand?post=307983"},{"taxonomy":"product_cat","embeddable":true,"href":"https:\/\/www.moskito.cz\/sk\/wp-json\/wp\/v2\/product_cat?post=307983"},{"taxonomy":"product_tag","embeddable":true,"href":"https:\/\/www.moskito.cz\/sk\/wp-json\/wp\/v2\/product_tag?post=307983"}],"curies":[{"name":"wp","href":"https:\/\/api.w.org\/{rel}","templated":true}]}}