{"id":307984,"date":"2020-09-26T19:51:28","date_gmt":"2024-02-06T11:01:41","guid":{"rendered":"https:\/\/www.moskito.cz\/produkt\/lansky-super-c-clamp\/"},"modified":"2025-07-11T07:52:27","modified_gmt":"2025-07-11T06:52:27","slug":"lansky-super-c-clamp","status":"publish","type":"product","link":"https:\/\/www.moskito.cz\/sk\/produkt\/lansky-super-c-clamp\/","title":{"rendered":"LANSKY Super C Clamp"},"content":{"rendered":"<p>LANSKY Super C Clamp.<br \/>\nstojan pre v\u0161etky sady Lansky.<br \/>\nmateri\u00e1l: superdural.<br \/>\numo\u017e\u0148uje horizont\u00e1lne aj vertik\u00e1lne upnutie.<\/p>\n","protected":false},"excerpt":{"rendered":"<p>Zvierka so stojanom k \u200b\u200bbr\u00fasnym sad\u00e1m <strong>Lansky<\/strong> .<\/p>\n","protected":false},"featured_media":176054,"comment_status":"open","ping_status":"closed","template":"","meta":[],"pwb-brand":[3484],"product_brand":[],"product_cat":[3205],"product_tag":[],"class_list":{"0":"post-307984","1":"product","2":"type-product","3":"status-publish","4":"has-post-thumbnail","6":"pwb-brand-lansky-sk","7":"product_cat-brusky-a-ocielky","9":"first","10":"outofstock","11":"taxable","12":"shipping-taxable","13":"purchasable","14":"product-type-simple"},"brands":[{"id":3484,"name":"Lansky","slug":"lansky-sk"}],"_links":{"self":[{"href":"https:\/\/www.moskito.cz\/sk\/wp-json\/wp\/v2\/product\/307984","targetHints":{"allow":["GET"]}}],"collection":[{"href":"https:\/\/www.moskito.cz\/sk\/wp-json\/wp\/v2\/product"}],"about":[{"href":"https:\/\/www.moskito.cz\/sk\/wp-json\/wp\/v2\/types\/product"}],"replies":[{"embeddable":true,"href":"https:\/\/www.moskito.cz\/sk\/wp-json\/wp\/v2\/comments?post=307984"}],"wp:featuredmedia":[{"embeddable":true,"href":"https:\/\/www.moskito.cz\/sk\/wp-json\/wp\/v2\/media\/176054"}],"wp:attachment":[{"href":"https:\/\/www.moskito.cz\/sk\/wp-json\/wp\/v2\/media?parent=307984"}],"wp:term":[{"taxonomy":"pwb-brand","embeddable":true,"href":"https:\/\/www.moskito.cz\/sk\/wp-json\/wp\/v2\/pwb-brand?post=307984"},{"taxonomy":"product_brand","embeddable":true,"href":"https:\/\/www.moskito.cz\/sk\/wp-json\/wp\/v2\/product_brand?post=307984"},{"taxonomy":"product_cat","embeddable":true,"href":"https:\/\/www.moskito.cz\/sk\/wp-json\/wp\/v2\/product_cat?post=307984"},{"taxonomy":"product_tag","embeddable":true,"href":"https:\/\/www.moskito.cz\/sk\/wp-json\/wp\/v2\/product_tag?post=307984"}],"curies":[{"name":"wp","href":"https:\/\/api.w.org\/{rel}","templated":true}]}}