{"id":307992,"date":"2020-09-24T11:18:18","date_gmt":"2024-02-06T11:01:43","guid":{"rendered":"https:\/\/www.moskito.cz\/produkt\/miguel-nieto-zatvaraci-noz-artesanal-art-8\/"},"modified":"2025-07-11T07:52:26","modified_gmt":"2025-07-11T06:52:26","slug":"miguel-nieto-zatvaraci-noz-artesanal-art-8","status":"publish","type":"product","link":"https:\/\/www.moskito.cz\/sk\/produkt\/miguel-nieto-zatvaraci-noz-artesanal-art-8\/","title":{"rendered":"Miguel Nieto zatv\u00e1rac\u00ed n\u00f4\u017e ARTESANAL ART-8"},"content":{"rendered":"<p>Zatv\u00e1rac\u00ed n\u00f4\u017e Miguel Nieto ARTESANAL ART-8.<br \/>\nRu\u010dne vyroben\u00fd po\u013eovn\u00fd n\u00f4\u017e.<br \/>\nIde o \u00faplne ru\u010dne vyroben\u00fd n\u00f4\u017e s poistkou.<br \/>\nDvojfarebn\u00e1 rukov\u00e4\u0165 z jelenia kosti s rozperkami, ktor\u00e9 maj\u00fa vlo\u017eku zo zirk\u00f3nu a stabilizovan\u00e9 ku\u010derav\u00e9ho brezov\u00e9ho dreva.<br \/>\n\u010cepe\u013e je ru\u010dne zdoben\u00e1 plevelom a je zdoben\u00e1 limetkou.<\/p>\n<p>Oce\u013e AN-58<br \/>\nRukov\u00e4\u0165 je zo stabilizovan\u00e9ho ku\u010derav\u00e9ho brezov\u00e9ho dreva<br \/>\nVe\u013ekos\u0165 \u010depele 8 cm<br \/>\nVe\u013ekos\u0165 18 cm<br \/>\nHmotnos\u0165 127 gr<br \/>\njelenie kos\u0165<\/p>\n","protected":false},"excerpt":{"rendered":"<p>Z\u00e1kladom Spolo\u010dnosti Miguel Nieto je dosiahnutie spo\u013eahlivej kvality, ktor\u00e1 sp\u00e1ja technologick\u00fd pokrok s trad\u00edciami.<br \/>\n<strong>Vyroben\u00e9 v \u0160panielsku.<\/strong><\/p>\n","protected":false},"featured_media":174851,"comment_status":"open","ping_status":"closed","template":"","meta":[],"pwb-brand":[3456],"product_brand":[],"product_cat":[3186,3233],"product_tag":[],"class_list":{"0":"post-307992","1":"product","2":"type-product","3":"status-publish","4":"has-post-thumbnail","6":"pwb-brand-nieto-sk","7":"product_cat-noze-sk","8":"product_cat-zatvaracie-noze","10":"first","11":"outofstock","12":"taxable","13":"shipping-taxable","14":"purchasable","15":"product-type-simple"},"brands":[{"id":3456,"name":"Nieto","slug":"nieto-sk"}],"_links":{"self":[{"href":"https:\/\/www.moskito.cz\/sk\/wp-json\/wp\/v2\/product\/307992","targetHints":{"allow":["GET"]}}],"collection":[{"href":"https:\/\/www.moskito.cz\/sk\/wp-json\/wp\/v2\/product"}],"about":[{"href":"https:\/\/www.moskito.cz\/sk\/wp-json\/wp\/v2\/types\/product"}],"replies":[{"embeddable":true,"href":"https:\/\/www.moskito.cz\/sk\/wp-json\/wp\/v2\/comments?post=307992"}],"wp:featuredmedia":[{"embeddable":true,"href":"https:\/\/www.moskito.cz\/sk\/wp-json\/wp\/v2\/media\/174851"}],"wp:attachment":[{"href":"https:\/\/www.moskito.cz\/sk\/wp-json\/wp\/v2\/media?parent=307992"}],"wp:term":[{"taxonomy":"pwb-brand","embeddable":true,"href":"https:\/\/www.moskito.cz\/sk\/wp-json\/wp\/v2\/pwb-brand?post=307992"},{"taxonomy":"product_brand","embeddable":true,"href":"https:\/\/www.moskito.cz\/sk\/wp-json\/wp\/v2\/product_brand?post=307992"},{"taxonomy":"product_cat","embeddable":true,"href":"https:\/\/www.moskito.cz\/sk\/wp-json\/wp\/v2\/product_cat?post=307992"},{"taxonomy":"product_tag","embeddable":true,"href":"https:\/\/www.moskito.cz\/sk\/wp-json\/wp\/v2\/product_tag?post=307992"}],"curies":[{"name":"wp","href":"https:\/\/api.w.org\/{rel}","templated":true}]}}