{"id":307994,"date":"2020-09-22T13:15:35","date_gmt":"2024-02-06T11:01:44","guid":{"rendered":"https:\/\/www.moskito.cz\/produkt\/nunchaku-akrylatove\/"},"modified":"2025-07-11T07:52:23","modified_gmt":"2025-07-11T06:52:23","slug":"nunchaku-akrylatove","status":"publish","type":"product","link":"https:\/\/www.moskito.cz\/sk\/produkt\/nunchaku-akrylatove\/","title":{"rendered":"Nunchaku Akryl\u00e1tov\u00e9"},"content":{"rendered":"<p>Nunchaku Akryl\u00e1tov\u00e9.<br \/>\nNunchaku maj\u00fa re\u0165az a lo\u017eisk\u00e1. D\u013a\u017eka nunchaku je 28cm, s\u00fa ur\u010den\u00e9 na bezpe\u010dn\u00fd tr\u00e9ning. Nunchaku s\u00fa jedn\u00fdm z najpopul\u00e1rnej\u0161\u00edch bojov\u00fdch zbran\u00ed.<\/p>\n<p>Vezmite pros\u00edm na vedomie, \u017ee tento produkt nie je na predaj osob\u00e1m mlad\u0161\u00edm 18 .<\/p>\n","protected":false},"excerpt":{"rendered":"<p>Tieto tradi\u010dn\u00e9 <strong>nunchaku<\/strong> maj\u00fa d\u013a\u017eku 28cm. Rukov\u00e4te s\u00fa dr\u017ean\u00e9 pohromade pomocou oto\u010dn\u00fdch \u010dapov s guli\u010dkov\u00fdmi lo\u017eiskami pre plynul\u00fd pohyb.<\/p>\n","protected":false},"featured_media":181698,"comment_status":"open","ping_status":"closed","template":"","meta":[],"pwb-brand":[3525],"product_brand":[],"product_cat":[3500],"product_tag":[3668],"class_list":{"0":"post-307994","1":"product","2":"type-product","3":"status-publish","4":"has-post-thumbnail","6":"pwb-brand-china-made-sk","7":"product_cat-teleskopicke-obusky-sk","8":"product_tag-b2b-sk","10":"first","11":"instock","12":"taxable","13":"shipping-taxable","14":"purchasable","15":"product-type-simple"},"brands":[{"id":3525,"name":"China Made","slug":"china-made-sk"}],"_links":{"self":[{"href":"https:\/\/www.moskito.cz\/sk\/wp-json\/wp\/v2\/product\/307994","targetHints":{"allow":["GET"]}}],"collection":[{"href":"https:\/\/www.moskito.cz\/sk\/wp-json\/wp\/v2\/product"}],"about":[{"href":"https:\/\/www.moskito.cz\/sk\/wp-json\/wp\/v2\/types\/product"}],"replies":[{"embeddable":true,"href":"https:\/\/www.moskito.cz\/sk\/wp-json\/wp\/v2\/comments?post=307994"}],"wp:featuredmedia":[{"embeddable":true,"href":"https:\/\/www.moskito.cz\/sk\/wp-json\/wp\/v2\/media\/181698"}],"wp:attachment":[{"href":"https:\/\/www.moskito.cz\/sk\/wp-json\/wp\/v2\/media?parent=307994"}],"wp:term":[{"taxonomy":"pwb-brand","embeddable":true,"href":"https:\/\/www.moskito.cz\/sk\/wp-json\/wp\/v2\/pwb-brand?post=307994"},{"taxonomy":"product_brand","embeddable":true,"href":"https:\/\/www.moskito.cz\/sk\/wp-json\/wp\/v2\/product_brand?post=307994"},{"taxonomy":"product_cat","embeddable":true,"href":"https:\/\/www.moskito.cz\/sk\/wp-json\/wp\/v2\/product_cat?post=307994"},{"taxonomy":"product_tag","embeddable":true,"href":"https:\/\/www.moskito.cz\/sk\/wp-json\/wp\/v2\/product_tag?post=307994"}],"curies":[{"name":"wp","href":"https:\/\/api.w.org\/{rel}","templated":true}]}}