{"id":307999,"date":"2020-09-24T08:38:55","date_gmt":"2024-02-06T11:01:46","guid":{"rendered":"https:\/\/www.moskito.cz\/produkt\/ninja-kubotan\/"},"modified":"2025-07-11T07:52:24","modified_gmt":"2025-07-11T06:52:24","slug":"ninja-kubotan","status":"publish","type":"product","link":"https:\/\/www.moskito.cz\/sk\/produkt\/ninja-kubotan\/","title":{"rendered":"Ninja Kubotan"},"content":{"rendered":"<p>Ninja Kubotan.<br \/>\nIde o japonsk\u00fd boxer oce\u013eovej kon\u0161trukcie. D\u013a\u017eka boxera 150 mm, priemer 13 mm, v\u00fd\u0161ka t\u0155\u0148ov 48 mm.<\/p>\n","protected":false},"excerpt":{"rendered":"<p>Boxer Ninja Kubotan.<\/p>\n","protected":false},"featured_media":169761,"comment_status":"open","ping_status":"closed","template":"","meta":[],"pwb-brand":[3525],"product_brand":[],"product_cat":[3386,3392],"product_tag":[],"class_list":{"0":"post-307999","1":"product","2":"type-product","3":"status-publish","4":"has-post-thumbnail","6":"pwb-brand-china-made-sk","7":"product_cat-katany-a-mece-sk","8":"product_cat-mece-dyky-repliky-sk","10":"first","11":"outofstock","12":"taxable","13":"shipping-taxable","14":"purchasable","15":"product-type-simple"},"brands":[{"id":3525,"name":"China Made","slug":"china-made-sk"}],"_links":{"self":[{"href":"https:\/\/www.moskito.cz\/sk\/wp-json\/wp\/v2\/product\/307999","targetHints":{"allow":["GET"]}}],"collection":[{"href":"https:\/\/www.moskito.cz\/sk\/wp-json\/wp\/v2\/product"}],"about":[{"href":"https:\/\/www.moskito.cz\/sk\/wp-json\/wp\/v2\/types\/product"}],"replies":[{"embeddable":true,"href":"https:\/\/www.moskito.cz\/sk\/wp-json\/wp\/v2\/comments?post=307999"}],"wp:featuredmedia":[{"embeddable":true,"href":"https:\/\/www.moskito.cz\/sk\/wp-json\/wp\/v2\/media\/169761"}],"wp:attachment":[{"href":"https:\/\/www.moskito.cz\/sk\/wp-json\/wp\/v2\/media?parent=307999"}],"wp:term":[{"taxonomy":"pwb-brand","embeddable":true,"href":"https:\/\/www.moskito.cz\/sk\/wp-json\/wp\/v2\/pwb-brand?post=307999"},{"taxonomy":"product_brand","embeddable":true,"href":"https:\/\/www.moskito.cz\/sk\/wp-json\/wp\/v2\/product_brand?post=307999"},{"taxonomy":"product_cat","embeddable":true,"href":"https:\/\/www.moskito.cz\/sk\/wp-json\/wp\/v2\/product_cat?post=307999"},{"taxonomy":"product_tag","embeddable":true,"href":"https:\/\/www.moskito.cz\/sk\/wp-json\/wp\/v2\/product_tag?post=307999"}],"curies":[{"name":"wp","href":"https:\/\/api.w.org\/{rel}","templated":true}]}}