{"id":308020,"date":"2020-09-29T20:37:10","date_gmt":"2024-02-06T11:02:02","guid":{"rendered":"https:\/\/www.moskito.cz\/produkt\/bio-protein-egg-white-1-kg\/"},"modified":"2025-07-11T07:52:31","modified_gmt":"2025-07-11T06:52:31","slug":"bio-protein-egg-white-1-kg","status":"publish","type":"product","link":"https:\/\/www.moskito.cz\/sk\/produkt\/bio-protein-egg-white-1-kg\/","title":{"rendered":"Bio Prote\u00edn EGG White 1 kg."},"content":{"rendered":"<p>Bio Protein EGG White 1 kg. (doplnok stravy)<br \/>\nZlo\u017eenie: vaje\u010dn\u00e1 bielkovina<\/p>\n<p>Ur\u010den\u00e9 pre: v\u00fd\u017eiva pre svalov\u00fa hmotu s najr\u00fdchlej\u0161\u00edm indexom vstreb\u00e1vania<\/p>\n<p>Charakteristika: EGG White 100% je \u010dist\u00fd prote\u00edn zo su\u0161en\u00fdch bielkov, vhodn\u00fd pre silov\u00fdch v\u00fdkonnostn\u00fdch \u0161portovcov za\u0165a\u017een\u00fdch dlhodob\u00fdm silov\u00fdm tr\u00e9ningom.<\/p>\n<p>Vaje\u010dn\u00e1 bielkovina je jedna z biologicky najhodnotnej\u0161\u00edch bielkov\u00edn v\u00f4bec. Mimo maxim\u00e1lnu \u0161k\u00e1lu hodnotn\u00fdch aminokysel\u00edn obsahuje cel\u00fd rad vitam\u00ednov, miner\u00e1lov a prakticky v\u0161etk\u00fdch pre \u013eudsk\u00fd organizmus biologick\u00fdch akt\u00edv &#8211; nie je divu z vajec poch\u00e1dza \u017eivot.<\/p>\n<p>Za studena extrahovan\u00e1 vaje\u010dn\u00e1 bielkovina je nielen jedna z najkvalitnej\u0161\u00edch bielkov\u00edn, ale m\u00e1 aj index ve\u013emi r\u00fdchleho vstreb\u00e1vania na rozdiel napr\u00edklad od bielkoviny mlie\u010dnej, ktor\u00e1 m\u00e1 ve\u013emi dlh\u00fd pol\u010das vstreb\u00e1vania. Preto je ve\u013emi vhodn\u00e1 ihne\u010f po tr\u00e9ningu, na rozdiel od ostatn\u00fdch bielkov\u00edn. Vzh\u013eadom na bezprobl\u00e9mov\u00fa vstrebate\u013enos\u0165 je ve\u013emi \u010dasto pou\u017e\u00edvan\u00e1 nielen v\u00fdkonnostn\u00fdmi \u0161portovcami, ale aj cvi\u010dencami trpiacimi probl\u00e9mami za\u017e\u00edvacieho traktu.<\/p>\n<p>V\u0161etky doplnky stravy Fights Star s\u00fa vyroben\u00e9 \u0161peci\u00e1lne pre \u0161portovcov zo starostlivo vybran\u00fdch pr\u00edrodn\u00fdch surov\u00edn v najvy\u0161\u0161ej BIO potravin\u00e1rskej kvalite. S\u00fa vyroben\u00e9 cestou tzv. \u201elisovanie za studena\u201c. Pri v\u00fdrobe v teplotnom limite do 40 \u00b0 C zost\u00e1vaj\u00fa zachovan\u00e9 v\u0161etky prirodzen\u00e9 pr\u00edrodn\u00e9 l\u00e1tky s vysokou str\u00e1vite\u013enos\u0165ou. V\u00fdrobok je plnen\u00fd v O3 atmosf\u00e9re teda neobsahuje \u017dIADNE konzervanty. V\u00fdrobok neobsahuje \u017eiadne chemicky vyroben\u00e9 l\u00e1tky, emulg\u00e1tory, stabiliz\u00e1tory, chemick\u00e9 farbiv\u00e1, adit\u00edva, plniv\u00e1, ar\u00f3my ani biely cukor.<\/p>\n<p>Vyv\u00e1\u017een\u00e1 zmes zaru\u010duje pozvo\u013en\u00e9 vstreb\u00e1vanie po dobu nieko\u013ek\u00fdch hod\u00edn, preto je mo\u017en\u00e9 vyu\u017ei\u0165 aj vo ve\u010dern\u00fdch hodin\u00e1ch.<\/p>\n<p>Nutri\u010dn\u00e9 \u200b\u200bhodnoty (v 100 g): bielkoviny 84, 4 g, sacharidy (z toho cukry) 6, 5 g, tuk 0,1 g, voda 8,5 g<\/p>\n<p>Upozornenie: Neprekra\u010dujte odpor\u00fa\u010dan\u00e9 denn\u00e9 d\u00e1vkovanie. Nie je n\u00e1hradou pestrej stravy. V\u00fdrobok nie je ur\u010den\u00fd pre deti, tehotn\u00e9 a doj\u010diace \u017eeny. Uchov\u00e1vajte mimo dosahu det\u00ed. Po otvoren\u00ed spotrebujte do 3 mesiacov.<\/p>\n<p>Uchov\u00e1vajte v suchu a chlade, nevystavujte slnku ani mrazu, minim\u00e1lna doba pou\u017eite\u013enosti pri dodr\u017ean\u00ed optim\u00e1lnych skladovac\u00edch podmienok je vyzna\u010den\u00e1 na etikete.<\/p>\n","protected":false},"excerpt":{"rendered":"<p>V\u0161etky doplnky stravy Fights Star s\u00fa vyroben\u00e9 \u0161peci\u00e1lne pre \u0161portovcov zo starostlivo vybran\u00fdch pr\u00edrodn\u00fdch surov\u00edn v najvy\u0161\u0161ej BIO potravin\u00e1rskej kvalite. S\u00fa vyroben\u00e9 cestou tzv. \u201elisovanie za studena\u201c. Pri v\u00fdrobe v teplotnom limite do 40 \u00b0 C zost\u00e1vaj\u00fa zachovan\u00e9 v\u0161etky prirodzen\u00e9 pr\u00edrodn\u00e9 l\u00e1tky s vysokou str\u00e1vite\u013enos\u0165ou. V\u00fdrobok je plnen\u00fd v O3 atmosf\u00e9re teda neobsahuje \u017dIADNE konzervanty. V\u00fdrobok neobsahuje \u017eiadne chemicky vyroben\u00e9 l\u00e1tky, emulg\u00e1tory, stabiliz\u00e1tory, chemick\u00e9 farbiv\u00e1, adit\u00edva, plniv\u00e1, ar\u00f3my ani biely cukor.<\/p>\n","protected":false},"featured_media":169895,"comment_status":"open","ping_status":"closed","template":"","meta":[],"pwb-brand":[3637],"product_brand":[],"product_cat":[3339],"product_tag":[],"class_list":{"0":"post-308020","1":"product","2":"type-product","3":"status-publish","4":"has-post-thumbnail","6":"pwb-brand-fights-star-sk","7":"product_cat-bio-protein-sk","9":"first","10":"instock","11":"taxable","12":"shipping-taxable","13":"purchasable","14":"product-type-simple"},"brands":[{"id":3637,"name":"Fights Star","slug":"fights-star-sk"}],"_links":{"self":[{"href":"https:\/\/www.moskito.cz\/sk\/wp-json\/wp\/v2\/product\/308020","targetHints":{"allow":["GET"]}}],"collection":[{"href":"https:\/\/www.moskito.cz\/sk\/wp-json\/wp\/v2\/product"}],"about":[{"href":"https:\/\/www.moskito.cz\/sk\/wp-json\/wp\/v2\/types\/product"}],"replies":[{"embeddable":true,"href":"https:\/\/www.moskito.cz\/sk\/wp-json\/wp\/v2\/comments?post=308020"}],"wp:featuredmedia":[{"embeddable":true,"href":"https:\/\/www.moskito.cz\/sk\/wp-json\/wp\/v2\/media\/169895"}],"wp:attachment":[{"href":"https:\/\/www.moskito.cz\/sk\/wp-json\/wp\/v2\/media?parent=308020"}],"wp:term":[{"taxonomy":"pwb-brand","embeddable":true,"href":"https:\/\/www.moskito.cz\/sk\/wp-json\/wp\/v2\/pwb-brand?post=308020"},{"taxonomy":"product_brand","embeddable":true,"href":"https:\/\/www.moskito.cz\/sk\/wp-json\/wp\/v2\/product_brand?post=308020"},{"taxonomy":"product_cat","embeddable":true,"href":"https:\/\/www.moskito.cz\/sk\/wp-json\/wp\/v2\/product_cat?post=308020"},{"taxonomy":"product_tag","embeddable":true,"href":"https:\/\/www.moskito.cz\/sk\/wp-json\/wp\/v2\/product_tag?post=308020"}],"curies":[{"name":"wp","href":"https:\/\/api.w.org\/{rel}","templated":true}]}}