{"id":308022,"date":"2020-09-29T20:32:01","date_gmt":"2024-02-06T11:02:14","guid":{"rendered":"https:\/\/www.moskito.cz\/produkt\/bio-protein-whey-1-kg\/"},"modified":"2025-07-11T07:52:30","modified_gmt":"2025-07-11T06:52:30","slug":"bio-protein-whey-1-kg","status":"publish","type":"product","link":"https:\/\/www.moskito.cz\/sk\/produkt\/bio-protein-whey-1-kg\/","title":{"rendered":"Bio Prote\u00edn Whey 1 kg."},"content":{"rendered":"<p>Bio Protein Whey 1 kg..(doplnok stravy)<br \/>\nZlo\u017eenie: za studena extrahovan\u00e1 srv\u00e1tkov\u00e1 bielkovina<\/p>\n<p>Ur\u010den\u00e9 pre: n\u00e1rast svalovej hmoty.<\/p>\n<p>Charakteristika: Mlie\u010dna (srv\u00e1tkov\u00e1) bielkovina je pre \u017eal\u00fadok a vstreb\u00e1vanie druh\u00e1 naj\u0165a\u017e\u0161ia a preto sa rozklad\u00e1 dlh\u00fa dobu, m\u00e1 teda dlh\u00fd re\u0165azec vstreb\u00e1vania. Tento prote\u00edn sa preto odpor\u00fa\u010da bra\u0165 ve\u010der, ke\u010f telo odpo\u010d\u00edva a m\u00e1 ve\u013ea \u010dasu ho metabolizova\u0165 a zaisti\u0165 si tak n\u00e1rast svalovej hmoty.<\/p>\n<p>V\u0161etky doplnky stravy Fights Star s\u00fa vyroben\u00e9 \u0161peci\u00e1lne pre \u0161portovcov zo starostlivo vybran\u00fdch pr\u00edrodn\u00fdch surov\u00edn v najvy\u0161\u0161ej BIO potravin\u00e1rskej kvalite. S\u00fa vyroben\u00e9 cestou tzv. \u201elisovanie za studena\u201c. Pri v\u00fdrobe v teplotnom limite do 40 \u00b0 C zost\u00e1vaj\u00fa zachovan\u00e9 v\u0161etky prirodzen\u00e9 pr\u00edrodn\u00e9 l\u00e1tky s vysokou str\u00e1vite\u013enos\u0165ou. V\u00fdrobok je plnen\u00fd v O3 atmosf\u00e9re teda neobsahuje \u017dIADNE konzervanty. V\u00fdrobok neobsahuje \u017eiadne chemicky vyroben\u00e9 l\u00e1tky, emulg\u00e1tory, stabiliz\u00e1tory, chemick\u00e9 farbiv\u00e1, adit\u00edva, plniv\u00e1, ar\u00f3my ani biely cukor.<\/p>\n<p>Vyv\u00e1\u017een\u00e1 zmes zaru\u010duje pozvo\u013en\u00e9 vstreb\u00e1vanie po dobu nieko\u013ek\u00fdch hod\u00edn, preto je mo\u017en\u00e9 vyu\u017ei\u0165 aj vo ve\u010dern\u00fdch hodin\u00e1ch.<\/p>\n<p>Nutri\u010dn\u00e9 \u200b\u200bhodnoty (v 100 g): bielkoviny 80 g, sacharidy (z toho cukry) 7 g, tuk 7 g, voda 5 g<\/p>\n<p>Upozornenie: Neprekra\u010dujte odpor\u00fa\u010dan\u00e9 denn\u00e9 d\u00e1vkovanie. Nie je n\u00e1hradou pestrej stravy. V\u00fdrobok nie je ur\u010den\u00fd pre deti, tehotn\u00e9 a doj\u010diace \u017eeny. Uchov\u00e1vajte mimo dosahu det\u00ed. Po otvoren\u00ed spotrebujte do 3 mesiacov.<\/p>\n<p>Uchov\u00e1vajte v suchu a chlade, nevystavujte slnku ani mrazu, minim\u00e1lna doba pou\u017eite\u013enosti pri dodr\u017ean\u00ed optim\u00e1lnych skladovac\u00edch podmienok je vyzna\u010den\u00e1 na etikete.<\/p>\n","protected":false},"excerpt":{"rendered":"<p>V\u0161etky doplnky stravy Fights Star s\u00fa vyroben\u00e9 \u0161peci\u00e1lne pre \u0161portovcov zo starostlivo vybran\u00fdch pr\u00edrodn\u00fdch surov\u00edn v najvy\u0161\u0161ej BIO potravin\u00e1rskej kvalite. S\u00fa vyroben\u00e9 cestou tzv. \u201elisovanie za studena\u201c. Pri v\u00fdrobe v teplotnom limite do 40 \u00b0 C zost\u00e1vaj\u00fa zachovan\u00e9 v\u0161etky prirodzen\u00e9 pr\u00edrodn\u00e9 l\u00e1tky s vysokou str\u00e1vite\u013enos\u0165ou. V\u00fdrobok je plnen\u00fd v O3 atmosf\u00e9re teda neobsahuje \u017dIADNE konzervanty. V\u00fdrobok neobsahuje \u017eiadne chemicky vyroben\u00e9 l\u00e1tky, emulg\u00e1tory, stabiliz\u00e1tory, chemick\u00e9 farbiv\u00e1, adit\u00edva, plniv\u00e1, ar\u00f3my ani biely cukor.<\/p>\n","protected":false},"featured_media":169893,"comment_status":"open","ping_status":"closed","template":"","meta":[],"pwb-brand":[3637],"product_brand":[],"product_cat":[3339],"product_tag":[],"class_list":{"0":"post-308022","1":"product","2":"type-product","3":"status-publish","4":"has-post-thumbnail","6":"pwb-brand-fights-star-sk","7":"product_cat-bio-protein-sk","9":"first","10":"instock","11":"taxable","12":"shipping-taxable","13":"purchasable","14":"product-type-simple"},"brands":[{"id":3637,"name":"Fights Star","slug":"fights-star-sk"}],"_links":{"self":[{"href":"https:\/\/www.moskito.cz\/sk\/wp-json\/wp\/v2\/product\/308022","targetHints":{"allow":["GET"]}}],"collection":[{"href":"https:\/\/www.moskito.cz\/sk\/wp-json\/wp\/v2\/product"}],"about":[{"href":"https:\/\/www.moskito.cz\/sk\/wp-json\/wp\/v2\/types\/product"}],"replies":[{"embeddable":true,"href":"https:\/\/www.moskito.cz\/sk\/wp-json\/wp\/v2\/comments?post=308022"}],"wp:featuredmedia":[{"embeddable":true,"href":"https:\/\/www.moskito.cz\/sk\/wp-json\/wp\/v2\/media\/169893"}],"wp:attachment":[{"href":"https:\/\/www.moskito.cz\/sk\/wp-json\/wp\/v2\/media?parent=308022"}],"wp:term":[{"taxonomy":"pwb-brand","embeddable":true,"href":"https:\/\/www.moskito.cz\/sk\/wp-json\/wp\/v2\/pwb-brand?post=308022"},{"taxonomy":"product_brand","embeddable":true,"href":"https:\/\/www.moskito.cz\/sk\/wp-json\/wp\/v2\/product_brand?post=308022"},{"taxonomy":"product_cat","embeddable":true,"href":"https:\/\/www.moskito.cz\/sk\/wp-json\/wp\/v2\/product_cat?post=308022"},{"taxonomy":"product_tag","embeddable":true,"href":"https:\/\/www.moskito.cz\/sk\/wp-json\/wp\/v2\/product_tag?post=308022"}],"curies":[{"name":"wp","href":"https:\/\/api.w.org\/{rel}","templated":true}]}}