{"id":308028,"date":"2020-09-29T20:23:48","date_gmt":"2024-02-06T11:02:17","guid":{"rendered":"https:\/\/www.moskito.cz\/produkt\/bio-protein-l-glutamin-1kg\/"},"modified":"2025-07-11T07:52:30","modified_gmt":"2025-07-11T06:52:30","slug":"bio-protein-l-glutamin-1kg","status":"publish","type":"product","link":"https:\/\/www.moskito.cz\/sk\/produkt\/bio-protein-l-glutamin-1kg\/","title":{"rendered":"Bio Prote\u00edn L-Glutam\u00edn 1kg."},"content":{"rendered":"<p>Bio Prote\u00edn L-Glutam\u00edn 1kg.<br \/>\n\u010cist\u00fd L-Glutam\u00edn zvy\u0161uje imunitu, vyplavuje rastov\u00fd horm\u00f3n a testoster\u00f3n po cvi\u010den\u00ed. P\u00f4sob\u00ed podobn\u00fdm mechanizmom ako anabolik\u00e1.<\/p>\n<p>Ur\u010den\u00e9 pre: ur\u00fdch\u013eova\u010d rastu a regener\u00e1cie svalovej hmoty.<\/p>\n<p>Charakteristika: Najv\u00fdraznej\u0161\u00edm prvkom tohto substr\u00e1tu je extr\u00e9mne nav\u00fd\u0161en\u00e1 hodnota Glutam\u00ednu (na 100 g\/18 g). T\u00e1to aminokyselina je okrem BCAA, jedna z najd\u00f4le\u017eitej\u0161\u00edch pre telo. V\u010faka ve\u013emi markantn\u00e9mu mno\u017estvu tejto aminokyseliny si m\u00f4\u017eete dovoli\u0165 extr\u00e9mne tvrd\u00fd a vy\u010derp\u00e1vaj\u00faci tr\u00e9ning. Dod\u00e1va svalov\u00fdm bunk\u00e1m energiu, ur\u00fdch\u013euje regener\u00e1ciu svalov\u00fdch tkan\u00edv, zvy\u0161uje n\u00e1rast sily aj r\u00fdchlosti a podporuje n\u00e1rast svalovej hmoty. Prote\u00edn Glutam\u00edn Nativ je neoddelite\u013enou s\u00fa\u010das\u0165ou v\u00e4\u010d\u0161iny v\u00fdkonnostn\u00fdch \u0161portovcov, ktor\u00ed sa potrebuj\u00fa spo\u013eahn\u00fa\u0165 na pr\u00edsun ve\u013ek\u00e9ho mno\u017estva Glutam\u00ednu pre regener\u00e1ciu prakticky ihne\u010f po tr\u00e9ningu, ktor\u00e1 je zaru\u010den\u00e1 exponovan\u00fdm v\u00fdrobkom celkom 18 ve\u013emi kvalitn\u00fdch aminokysel\u00edn s prim\u00e1rnym mno\u017estvom Glutam\u00ednu.<\/p>\n<p>V\u0161etky doplnky stravy Fights Star s\u00fa vyroben\u00e9 \u0161peci\u00e1lne pre \u0161portovcov zo starostlivo vybran\u00fdch pr\u00edrodn\u00fdch surov\u00edn v najvy\u0161\u0161ej BIO potravin\u00e1rskej kvalite. S\u00fa vyroben\u00e9 cestou tzv. \u201elisovanie za studena\u201c. Pri v\u00fdrobe v teplotnom limite do 40 \u00b0 C zost\u00e1vaj\u00fa zachovan\u00e9 v\u0161etky prirodzen\u00e9 pr\u00edrodn\u00e9 l\u00e1tky s vysokou str\u00e1vite\u013enos\u0165ou. V\u00fdrobok je plnen\u00fd v O3 atmosf\u00e9re teda neobsahuje \u017dIADNE konzervanty. V\u00fdrobok neobsahuje \u017eiadne chemicky vyroben\u00e9 l\u00e1tky, emulg\u00e1tory, stabiliz\u00e1tory, chemick\u00e9 farbiv\u00e1, adit\u00edva, plniv\u00e1, ar\u00f3my ani biely cukor.<\/p>\n<p>Nutri\u010dn\u00e9 \u200b\u200bhodnoty (v 100 g): bielkoviny 77,2 g, sacharidy (z toho cukry) 9,9 g, tuk 5,4 g, voda 6,3 g<\/p>\n<p>Odpor\u00fa\u010dan\u00e9 d\u00e1vkovanie:<\/p>\n<p>Odpor\u00fa\u010dan\u00e1 denn\u00e1 d\u00e1vka: 2x\u20133x denne 40 g pre cca 80 kg \u0161portovcov (dodr\u017eujte max. 120g denne)<\/p>\n<p>40g\/ r\u00e1no na la\u010dno<\/p>\n<p>40g\/ po tr\u00e9ningu<\/p>\n<p>40g\/ pred sp\u00e1nkom<\/p>\n<p>Upozornenie: Neprekra\u010dujte odpor\u00fa\u010dan\u00e9 denn\u00e9 d\u00e1vkovanie. Nie je n\u00e1hradou pestrej stravy. V\u00fdrobok nie je ur\u010den\u00fd pre deti, tehotn\u00e9 a doj\u010diace \u017eeny. Uchov\u00e1vajte mimo dosahu det\u00ed. Po otvoren\u00ed spotrebujte do 3 mesiacov.<\/p>\n<p>Uchov\u00e1vajte v suchu a chlade, nevystavujte slnku ani mrazu, minim\u00e1lna doba pou\u017eite\u013enosti pri dodr\u017ean\u00ed optim\u00e1lnych skladovac\u00edch podmienok je vyzna\u010den\u00e1 na etikete.<\/p>\n","protected":false},"excerpt":{"rendered":"<p>V\u0161etky doplnky stravy Fights Star s\u00fa vyroben\u00e9 \u0161peci\u00e1lne pre \u0161portovcov zo starostlivo vybran\u00fdch pr\u00edrodn\u00fdch surov\u00edn v najvy\u0161\u0161ej BIO potravin\u00e1rskej kvalite. S\u00fa vyroben\u00e9 cestou tzv. \u201elisovanie za studena\u201c. Pri v\u00fdrobe v teplotnom limite do 40 \u00b0 C zost\u00e1vaj\u00fa zachovan\u00e9 v\u0161etky prirodzen\u00e9 pr\u00edrodn\u00e9 l\u00e1tky s vysokou str\u00e1vite\u013enos\u0165ou. V\u00fdrobok je plnen\u00fd v O3 atmosf\u00e9re teda neobsahuje \u017dIADNE konzervanty. V\u00fdrobok neobsahuje \u017eiadne chemicky vyroben\u00e9 l\u00e1tky, emulg\u00e1tory, stabiliz\u00e1tory, chemick\u00e9 farbiv\u00e1, adit\u00edva, plniv\u00e1, ar\u00f3my ani biely cukor.<\/p>\n","protected":false},"featured_media":169889,"comment_status":"open","ping_status":"closed","template":"","meta":[],"pwb-brand":[3637],"product_brand":[],"product_cat":[3339],"product_tag":[],"class_list":{"0":"post-308028","1":"product","2":"type-product","3":"status-publish","4":"has-post-thumbnail","6":"pwb-brand-fights-star-sk","7":"product_cat-bio-protein-sk","9":"first","10":"instock","11":"taxable","12":"shipping-taxable","13":"purchasable","14":"product-type-simple"},"brands":[{"id":3637,"name":"Fights Star","slug":"fights-star-sk"}],"_links":{"self":[{"href":"https:\/\/www.moskito.cz\/sk\/wp-json\/wp\/v2\/product\/308028","targetHints":{"allow":["GET"]}}],"collection":[{"href":"https:\/\/www.moskito.cz\/sk\/wp-json\/wp\/v2\/product"}],"about":[{"href":"https:\/\/www.moskito.cz\/sk\/wp-json\/wp\/v2\/types\/product"}],"replies":[{"embeddable":true,"href":"https:\/\/www.moskito.cz\/sk\/wp-json\/wp\/v2\/comments?post=308028"}],"wp:featuredmedia":[{"embeddable":true,"href":"https:\/\/www.moskito.cz\/sk\/wp-json\/wp\/v2\/media\/169889"}],"wp:attachment":[{"href":"https:\/\/www.moskito.cz\/sk\/wp-json\/wp\/v2\/media?parent=308028"}],"wp:term":[{"taxonomy":"pwb-brand","embeddable":true,"href":"https:\/\/www.moskito.cz\/sk\/wp-json\/wp\/v2\/pwb-brand?post=308028"},{"taxonomy":"product_brand","embeddable":true,"href":"https:\/\/www.moskito.cz\/sk\/wp-json\/wp\/v2\/product_brand?post=308028"},{"taxonomy":"product_cat","embeddable":true,"href":"https:\/\/www.moskito.cz\/sk\/wp-json\/wp\/v2\/product_cat?post=308028"},{"taxonomy":"product_tag","embeddable":true,"href":"https:\/\/www.moskito.cz\/sk\/wp-json\/wp\/v2\/product_tag?post=308028"}],"curies":[{"name":"wp","href":"https:\/\/api.w.org\/{rel}","templated":true}]}}