{"id":308043,"date":"2020-05-18T16:03:57","date_gmt":"2024-02-06T11:10:01","guid":{"rendered":"https:\/\/www.moskito.cz\/produkt\/zatvaraci-noz-cold-steel-black-talon-ii\/"},"modified":"2025-07-11T07:51:23","modified_gmt":"2025-07-11T06:51:23","slug":"zatvaraci-noz-cold-steel-black-talon-ii","status":"publish","type":"product","link":"https:\/\/www.moskito.cz\/sk\/produkt\/zatvaraci-noz-cold-steel-black-talon-ii\/","title":{"rendered":"Zatv\u00e1rac\u00ed N\u00f4\u017e Cold Steel Black Talon II"},"content":{"rendered":"<p>Zatv\u00e1rac\u00ed N\u00f4\u017e Cold Steel Black Talon II.<\/p>\n<p>Americk\u00e1 firma Cold Steel spoch\u00e1dza z Ventury v Kalifornii. Zna\u010dka bola zalo\u017een\u00e1 v roku 1980 so zameran\u00edm na v\u00fdrobu najsilnej\u0161\u00edch a najostrej\u0161\u00edch no\u017eov na svete. V priebehu posledn\u00fdch troch desa\u0165ro\u010d\u00ed bola spolo\u010dnos\u0165 Cold Steel na \u010dele mnoh\u00fdch inov\u00e1ci\u00ed, ktor\u00e9 pomohli definova\u0165 komer\u010dn\u00fd n\u00f4\u017e ako celok. V\u00fdrobca udr\u017euje vysok\u00fa kvalitu spracovania a neust\u00e1le pracuje na tom, aby si plnil svoj cie\u013e, pon\u00faka\u0165 najsilnej\u0161ie a najostrej\u0161ie no\u017ee na svete. Rozsiahly sortiment taktick\u00fdch \u010di loveck\u00fdch no\u017eov zais\u0165uje \u0161irok\u00fa z\u00e1klad\u0148u u\u017e\u00edvate\u013eov a vern\u00fdch fan\u00fa\u0161ikov.<\/p>\n<p>\u010cepe\u013e je vyroben\u00e1 zo \u0161pi\u010dkovej nerezovej ocele CTS XHP s ve\u013emi vysok\u00fdm obsahom uhl\u00edka (1,6%), ktor\u00e1 skvele dr\u017e\u00ed ostrie, je extra odoln\u00e1 proti opotrebovaniu a dosahuje vysok\u00fa tvrdos\u0165. T\u00e1to zliatinov\u00e1 oce\u013e sa svojimi vlastnos\u0165ami pribli\u017euje pr\u00e1\u0161kov\u00fdm oceliam. Rukov\u00e4\u0165 je vyroben\u00e1 z odoln\u00e9ho materi\u00e1lu G10 s proti\u0161mykov\u00fdm povrchom. N\u00f4\u017e je opatren\u00fd vylep\u0161enou chrbtovou poistkou Tri-Ad Lock, ktor\u00e1 je maxim\u00e1lne spo\u013eahliv\u00e1 a bezpe\u010dn\u00e1. Vreckov\u00fd klips je mo\u017en\u00e9 umiestni\u0165 na obe strany rukov\u00e4te.<\/p>\n<p>Hr\u00fabka \u010depele: 3,5 mm<br \/>\n Materi\u00e1l rukov\u00e4te: Long G-10<br \/>\n Oce\u013e: S35VN<br \/>\n Celkov\u00e1 ve\u013ekos\u0165: 24 cm<br \/>\n D\u013a\u017eka \u010depele: 10 cm<br \/>\n Farba: \u010cierna\/Strieborn\u00e1<br \/>\n Hmotnos\u0165: 136,07 g<\/p>\n<p>&nbsp;<\/p>\n","protected":false},"excerpt":{"rendered":"<p><strong>Black Talon II Plain Edge zna\u010dky Cold Steel je zatv\u00e1rac\u00ed n\u00f4\u017e s hladk\u00fdm ostr\u00edm. \u010cepe\u013e svojim tvarom pripom\u00edna zvierac\u00ed paz\u00far. Tento tvar \u010depele rob\u00ed zno\u017ea ve\u013emi nebezpe\u010dn\u00fa zbra\u0148.<\/strong><\/p>\n","protected":false},"featured_media":168336,"comment_status":"open","ping_status":"closed","template":"","meta":[],"pwb-brand":[3598],"product_brand":[],"product_cat":[3186,3233],"product_tag":[3668],"class_list":{"0":"post-308043","1":"product","2":"type-product","3":"status-publish","4":"has-post-thumbnail","6":"pwb-brand-cold-steel-sk","7":"product_cat-noze-sk","8":"product_cat-zatvaracie-noze","9":"product_tag-b2b-sk","11":"first","12":"instock","13":"taxable","14":"shipping-taxable","15":"purchasable","16":"product-type-simple"},"brands":[{"id":3598,"name":"Cold Steel","slug":"cold-steel-sk"}],"_links":{"self":[{"href":"https:\/\/www.moskito.cz\/sk\/wp-json\/wp\/v2\/product\/308043","targetHints":{"allow":["GET"]}}],"collection":[{"href":"https:\/\/www.moskito.cz\/sk\/wp-json\/wp\/v2\/product"}],"about":[{"href":"https:\/\/www.moskito.cz\/sk\/wp-json\/wp\/v2\/types\/product"}],"replies":[{"embeddable":true,"href":"https:\/\/www.moskito.cz\/sk\/wp-json\/wp\/v2\/comments?post=308043"}],"wp:featuredmedia":[{"embeddable":true,"href":"https:\/\/www.moskito.cz\/sk\/wp-json\/wp\/v2\/media\/168336"}],"wp:attachment":[{"href":"https:\/\/www.moskito.cz\/sk\/wp-json\/wp\/v2\/media?parent=308043"}],"wp:term":[{"taxonomy":"pwb-brand","embeddable":true,"href":"https:\/\/www.moskito.cz\/sk\/wp-json\/wp\/v2\/pwb-brand?post=308043"},{"taxonomy":"product_brand","embeddable":true,"href":"https:\/\/www.moskito.cz\/sk\/wp-json\/wp\/v2\/product_brand?post=308043"},{"taxonomy":"product_cat","embeddable":true,"href":"https:\/\/www.moskito.cz\/sk\/wp-json\/wp\/v2\/product_cat?post=308043"},{"taxonomy":"product_tag","embeddable":true,"href":"https:\/\/www.moskito.cz\/sk\/wp-json\/wp\/v2\/product_tag?post=308043"}],"curies":[{"name":"wp","href":"https:\/\/api.w.org\/{rel}","templated":true}]}}