{"id":308294,"date":"2023-11-10T11:47:00","date_gmt":"2024-02-06T14:37:59","guid":{"rendered":"https:\/\/www.moskito.cz\/produkt\/vystrelovaci-noz-microtech-signature-series-combat-troodon-delta-shadow-142-1ct-dsh\/"},"modified":"2025-05-07T11:00:06","modified_gmt":"2025-05-07T10:00:06","slug":"vystrelovaci-noz-microtech-signature-series-combat-troodon-delta-shadow-142-1ct-dsh","status":"publish","type":"product","link":"https:\/\/www.moskito.cz\/sk\/produkt\/vystrelovaci-noz-microtech-signature-series-combat-troodon-delta-shadow-142-1ct-dsh\/","title":{"rendered":"Vystre\u013eovac\u00ed N\u00f4\u017e Microtech Signature Series Combat Troodon Delta Shadow 142-1CT-DSH"},"content":{"rendered":"<p>Vystre\u013eovac\u00ed N\u00f4\u017e <strong>Microtech<\/strong> Signature Series Combat Troodon Delta Shadow 142-1CT-DSH<\/p>\n<p>Combat Troodon je prec\u00edzne vyroben\u00fd taktick\u00fd n\u00f4\u017e spredu. Je o 25 % v\u00e4\u010d\u0161ia ako vlajkov\u00e1 lo\u010f Troodon. Prin\u00e1\u0161a \u0161t\u00edhlu rukov\u00e4\u0165, tvarovan\u00fd tvar, radik\u00e1lne dizajnov\u00e9 prvky a sofistikovan\u00fd vn\u00fatorn\u00fd mechanizmus, ktor\u00fd zlep\u0161uje prev\u00e1dzkov\u00fa funk\u010dnos\u0165 a spo\u013eahlivos\u0165 vo v\u00e4\u010d\u0161om meradle. Combat Troodon je navrhnut\u00fd pre \u0161irok\u00e9 spektrum u\u017eito\u010dn\u00fdch a bojov\u00fdch aplik\u00e1ci\u00ed na bl\u00edzko.<\/p>\n<p>Text\u00farovan\u00e9 rukov\u00e4te pre lep\u0161ie uchopenie<br \/>\nDr\u00e1\u017ekovan\u00e1 \u010depe\u013e a portovan\u00e9 \u0161asi na odstr\u00e1nenie ne\u010dist\u00f4t a ne\u010dist\u00f4t<br \/>\n\u010cepe\u013e a hardv\u00e9r DLC pre lep\u0161iu odolnos\u0165 proti opotrebovaniu a oderu<br \/>\nVn\u00fatro pokovovan\u00e9 niklom a b\u00f3rom pre extra odolnos\u0165 proti kor\u00f3zii<\/p>\n<p>\u0160pecifik\u00e1cia<\/p>\n<p>Dvoj\u010dinn\u00e9 automatick\u00e9 vystrelenie a zatiahnutie<br \/>\nOce\u013e: M390<br \/>\n\u0160t\u00fdl \u010depele: D\u00fdka s dvojitou hranou<br \/>\nPovrchov\u00e1 \u00faprava \u010depele: Black DLC<br \/>\nRozbitie skla: Rozbitie skla volfr\u00e1mov\u00e9ho hrotu<br \/>\nRukov\u00e4\u0165: UTD fr\u00e9zovan\u00fd hlin\u00edk 6061-T6 s \u010diernym eloxovan\u00edm tvrd\u00fdm povlakom Mil-Spec<br \/>\nD\u013a\u017eka v otvorenom stave: 23 cm<br \/>\nD\u013a\u017eka v zatvorenom stave: 13 cm<br \/>\nVreckov\u00fd klip: 301 Spring Tempered, obojruk\u00fd<br \/>\nHmotnos\u0165: 5,3 oz.<\/p>\n<p>&nbsp;<\/p>\n<p><iframe title=\"Microtech Combat Troodon Torture Test\" width=\"800\" height=\"450\" src=\"https:\/\/www.youtube.com\/embed\/xE9TeOFYEjg?feature=oembed\" frameborder=\"0\" allow=\"accelerometer; autoplay; clipboard-write; encrypted-media; gyroscope; picture-in-picture; web-share\" allowfullscreen><\/iframe><\/p>\n<p>&nbsp;<\/p>\n<p>&nbsp;<\/p>\n","protected":false},"excerpt":{"rendered":"<div class=\"elementor-element elementor-element-bbb542b elementor-widget elementor-widget-woocommerce-product-short-description\" data-id=\"bbb542b\" data-element_type=\"widget\" data-widget_type=\"woocommerce-product-short-description.default\">\n<div class=\"elementor-widget-container\">\n<div class=\"woocommerce-product-details__short-description\">\n<p><strong>V priebehu rokov Microtech\u00ae Knives naplnil v\u00e1\u0161\u0148ou a zru\u010dnos\u0165ou v\u00fdrobu no\u017eov, a\u017e z nich vytvoril takmer umeleck\u00e9 diela, ktor\u00e9 s\u00fa vrcholom funk\u010dnosti. V\u0161etky diely s\u00fa vyroben\u00e9 v USA.<\/strong><br \/>\n<strong>Na v\u0161etky no\u017ee Microtech je do\u017eivotn\u00e1 z\u00e1ruka.<\/strong><\/p>\n<p><strong>Doprava zadarmo.<\/strong><\/p>\n<\/div>\n<\/div>\n<\/div>\n","protected":false},"featured_media":259554,"comment_status":"open","ping_status":"closed","template":"","meta":[],"pwb-brand":[3200],"product_brand":[],"product_cat":[3186,3197],"product_tag":[3668],"class_list":{"0":"post-308294","1":"product","2":"type-product","3":"status-publish","4":"has-post-thumbnail","6":"pwb-brand-microtech-sk","7":"product_cat-noze-sk","8":"product_cat-vystrelovacie-noze-sk","9":"product_tag-b2b-sk","11":"first","12":"instock","13":"taxable","14":"shipping-taxable","15":"purchasable","16":"product-type-simple"},"brands":[{"id":3200,"name":"Microtech","slug":"microtech-sk"}],"_links":{"self":[{"href":"https:\/\/www.moskito.cz\/sk\/wp-json\/wp\/v2\/product\/308294","targetHints":{"allow":["GET"]}}],"collection":[{"href":"https:\/\/www.moskito.cz\/sk\/wp-json\/wp\/v2\/product"}],"about":[{"href":"https:\/\/www.moskito.cz\/sk\/wp-json\/wp\/v2\/types\/product"}],"replies":[{"embeddable":true,"href":"https:\/\/www.moskito.cz\/sk\/wp-json\/wp\/v2\/comments?post=308294"}],"wp:featuredmedia":[{"embeddable":true,"href":"https:\/\/www.moskito.cz\/sk\/wp-json\/wp\/v2\/media\/259554"}],"wp:attachment":[{"href":"https:\/\/www.moskito.cz\/sk\/wp-json\/wp\/v2\/media?parent=308294"}],"wp:term":[{"taxonomy":"pwb-brand","embeddable":true,"href":"https:\/\/www.moskito.cz\/sk\/wp-json\/wp\/v2\/pwb-brand?post=308294"},{"taxonomy":"product_brand","embeddable":true,"href":"https:\/\/www.moskito.cz\/sk\/wp-json\/wp\/v2\/product_brand?post=308294"},{"taxonomy":"product_cat","embeddable":true,"href":"https:\/\/www.moskito.cz\/sk\/wp-json\/wp\/v2\/product_cat?post=308294"},{"taxonomy":"product_tag","embeddable":true,"href":"https:\/\/www.moskito.cz\/sk\/wp-json\/wp\/v2\/product_tag?post=308294"}],"curies":[{"name":"wp","href":"https:\/\/api.w.org\/{rel}","templated":true}]}}