{"id":308359,"date":"2023-11-10T15:22:55","date_gmt":"2024-02-06T14:38:13","guid":{"rendered":"https:\/\/www.moskito.cz\/produkt\/vystrelovaci-noz-microtech-utx-85-halloween-series-231-1hws\/"},"modified":"2025-05-07T11:00:09","modified_gmt":"2025-05-07T10:00:09","slug":"vystrelovaci-noz-microtech-utx-85-halloween-series-231-1hws","status":"publish","type":"product","link":"https:\/\/www.moskito.cz\/sk\/produkt\/vystrelovaci-noz-microtech-utx-85-halloween-series-231-1hws\/","title":{"rendered":"Vystre\u013eovac\u00ed N\u00f4\u017e Microtech UTX-85 HALLOWEEN SERIES 231-1HWS"},"content":{"rendered":"<p>Vystre\u013eovac\u00ed N\u00f4\u017e <strong>Microtech<\/strong> UTX-85 HALLOWEEN SERIES 231-1HWS<\/p>\n<p>Microtech UTX-85 je o 15% men\u0161ia verzia milovan\u00e9ho Ultratech . M\u00f4\u017ee sa pochv\u00e1li\u0165 rovnako svi\u017enou, spo\u013eahlivou akciou, pr\u00e9miov\u00fdmi materi\u00e1lmi a celkovou estetikou ako jeho ve\u013ek\u00fd brat, ale v krat\u0161om balen\u00ed. Microtech si vyber\u00e1 materi\u00e1ly \u010depele, ktor\u00e9 pon\u00fakaj\u00fa najlep\u0161ie zachovanie ostria, h\u00fa\u017eevnatos\u0165 a odolnos\u0165 proti kor\u00f3zii, tak\u017ee s t\u00fdmto dvoj\u010dinn\u00fdm automatick\u00fdm no\u017eom OTF je rados\u0165 pracova\u0165. M\u00f4\u017eete sa na\u0148 spo\u013eahn\u00fa\u0165 v situ\u00e1ci\u00e1ch sebaobrany a pri tvrdom pou\u017e\u00edvan\u00ed EDC. Nech sa stane \u010doko\u013evek, UTX-85 v\u00e1m kryje chrb\u00e1t.<\/p>\n<p>Microtech UTX-85 je k dispoz\u00edcii v r\u00f4znych farb\u00e1ch, tvaroch \u010depel\u00ed a povrchov\u00fdch \u00faprav\u00e1ch.<\/p>\n<p>Akcia: Dvojit\u00e1 akcia &#8211; Automatick\u00fd v\u00fdstrel\/Automatick\u00e9 zatiahnutie<br \/>\nCelkov\u00e1 d\u013a\u017eka: 18.75 cm<br \/>\nD\u013a\u017eka \u010depele: 7.81 cm<br \/>\nRezn\u00e1 hrana: 7.17 cm<br \/>\nHr\u00fabka \u010depele: 0.32cm<br \/>\nMateri\u00e1l \u010depele: Bohler M390<br \/>\n\u0160t\u00fdl \u010depele: Drop Point &#8211; \u010cIERNA POVRCHOV\u00c1 \u00daPRAVA<br \/>\nPodvozok: 6061-T6 AL Alloy, oran\u017eov\u00fd Mil-Spec Hard Coat eloxovan\u00fd &#8211; GRAVINY BAT<br \/>\nMateri\u00e1l rukov\u00e4te: hlin\u00edk<br \/>\nVreckov\u00e1 spona: 301 Nerezov\u00e1 oce\u013e &#8211; GRAV\u00cdROVANIE JACK-O-LANTERN<br \/>\n\u0160tandardn\u00e9 horn\u00e9: 6061-T6 AL zliatina<br \/>\nSp\u00fa\u0161\u0165: 303 Nerezov\u00e1 oce\u013e<br \/>\nHmotnos\u0165: 2,8 oz.<br \/>\nVyroben\u00e9 v USA<\/p>\n<p><iframe title=\"Microtech Combat Troodon Torture Test\" width=\"800\" height=\"450\" src=\"https:\/\/www.youtube.com\/embed\/xE9TeOFYEjg?feature=oembed\" frameborder=\"0\" allow=\"accelerometer; autoplay; clipboard-write; encrypted-media; gyroscope; picture-in-picture; web-share\" allowfullscreen><\/iframe><\/p>\n<p>&nbsp;<\/p>\n<p>&nbsp;<\/p>\n<p>&nbsp;<\/p>\n","protected":false},"excerpt":{"rendered":"<p><strong>V priebehu rokov Microtech\u00ae Knives naplnil v\u00e1\u0161\u0148ou a zru\u010dnos\u0165ou v\u00fdrobu no\u017eov, a\u017e z nich vytvoril takmer umeleck\u00e9 diela, ktor\u00e9 s\u00fa vrcholom funk\u010dnosti. V\u0161etky diely s\u00fa vyroben\u00e9 v USA.<\/strong><br \/>\n<strong>Na v\u0161etky no\u017ee Microtech je do\u017eivotn\u00e1 z\u00e1ruka.<\/strong><\/p>\n<p><strong>Doprava zadarmo.<\/strong><\/p>\n","protected":false},"featured_media":259633,"comment_status":"open","ping_status":"closed","template":"","meta":[],"pwb-brand":[3200],"product_brand":[],"product_cat":[3186,3197],"product_tag":[3668],"class_list":{"0":"post-308359","1":"product","2":"type-product","3":"status-publish","4":"has-post-thumbnail","6":"pwb-brand-microtech-sk","7":"product_cat-noze-sk","8":"product_cat-vystrelovacie-noze-sk","9":"product_tag-b2b-sk","11":"first","12":"outofstock","13":"taxable","14":"shipping-taxable","15":"purchasable","16":"product-type-simple"},"brands":[{"id":3200,"name":"Microtech","slug":"microtech-sk"}],"_links":{"self":[{"href":"https:\/\/www.moskito.cz\/sk\/wp-json\/wp\/v2\/product\/308359","targetHints":{"allow":["GET"]}}],"collection":[{"href":"https:\/\/www.moskito.cz\/sk\/wp-json\/wp\/v2\/product"}],"about":[{"href":"https:\/\/www.moskito.cz\/sk\/wp-json\/wp\/v2\/types\/product"}],"replies":[{"embeddable":true,"href":"https:\/\/www.moskito.cz\/sk\/wp-json\/wp\/v2\/comments?post=308359"}],"wp:featuredmedia":[{"embeddable":true,"href":"https:\/\/www.moskito.cz\/sk\/wp-json\/wp\/v2\/media\/259633"}],"wp:attachment":[{"href":"https:\/\/www.moskito.cz\/sk\/wp-json\/wp\/v2\/media?parent=308359"}],"wp:term":[{"taxonomy":"pwb-brand","embeddable":true,"href":"https:\/\/www.moskito.cz\/sk\/wp-json\/wp\/v2\/pwb-brand?post=308359"},{"taxonomy":"product_brand","embeddable":true,"href":"https:\/\/www.moskito.cz\/sk\/wp-json\/wp\/v2\/product_brand?post=308359"},{"taxonomy":"product_cat","embeddable":true,"href":"https:\/\/www.moskito.cz\/sk\/wp-json\/wp\/v2\/product_cat?post=308359"},{"taxonomy":"product_tag","embeddable":true,"href":"https:\/\/www.moskito.cz\/sk\/wp-json\/wp\/v2\/product_tag?post=308359"}],"curies":[{"name":"wp","href":"https:\/\/api.w.org\/{rel}","templated":true}]}}