{"id":308392,"date":"2023-11-13T17:42:53","date_gmt":"2024-02-06T14:38:17","guid":{"rendered":"https:\/\/www.moskito.cz\/produkt\/vystrelovaci-noz-microtech-daytona-weathered-signature-series-blade-show-west-2023-126-1biwors\/"},"modified":"2025-05-07T11:00:11","modified_gmt":"2025-05-07T10:00:11","slug":"vystrelovaci-noz-microtech-daytona-weathered-signature-series-blade-show-west-2023-126-1biwors","status":"publish","type":"product","link":"https:\/\/www.moskito.cz\/sk\/produkt\/vystrelovaci-noz-microtech-daytona-weathered-signature-series-blade-show-west-2023-126-1biwors\/","title":{"rendered":"Vystre\u013eovac\u00ed N\u00f4\u017e Microtech Daytona Weathered Signature Series Blade Show West 2023 126-1BIWORS"},"content":{"rendered":"<p>Vystre\u013eovac\u00ed N\u00f4\u017e <strong>Microtech<\/strong> Daytona Weathered Signature Series Blade Show West 2023 126-1BIWORS<\/p>\n<p>Microtech Daytona Blade Show West &#8217;23 Special D\/E Weathered Orange Bubble Inlay Weathered Orange Standard Signature Series 126-1BIWORS<\/p>\n<p>Zd\u00e1 sa v\u00e1m t\u00e1to Daytona povedom\u00e1? Microtech aktualizoval a vylep\u0161il model UTX-85. Vlo\u017eky z karonov\u00fdch vl\u00e1kien s\u00fa t\u00fdm, \u010do odli\u0161uje Daytona od 85. Karb\u00f3nov\u00e9 vl\u00e1kno pom\u00e1ha, aby bol tento n\u00f4\u017e \u013eah\u0161\u00ed a z\u00e1rove\u0148 mu dod\u00e1va \u0161mrnc. Ako v\u017edy u Microtech je dvoj\u010dinnos\u0165 a ergon\u00f3mia bezkonkuren\u010dn\u00e1. Skvel\u00fd strih a povrchov\u00e1 \u00faprava pom\u00e1haj\u00fa k tomu, aby sa tento n\u00f4\u017e stal va\u0161im \u010fal\u0161\u00edm ob\u013e\u00faben\u00fdm vreckov\u00fdm no\u017eom.<\/p>\n<p>Tento model radu Signature sa vyzna\u010duje \u010diernou hlin\u00edkovou rukov\u00e4\u0165ou so zvetranou oran\u017eovou bublinkovou vlo\u017ekou. Zvetral\u00e1 oran\u017eov\u00e1 \u010depe\u013e M390 z nerezovej ocele s dvojit\u00fdm ostr\u00edm so \u0161tandardn\u00fdmi ostriami. \u010cierne prevedenie, vreckov\u00fd klip a hrot rozb\u00edja\u010da skla.<\/p>\n<p>\u0160pecifik\u00e1cia<\/p>\n<p>Krajina p\u00f4vodu: USA<br \/>\nD\u00e1tum p\u00f4vodu: 2023<br \/>\nMateri\u00e1l rukov\u00e4te: Bublinov\u00e1 vlo\u017eka a hlin\u00edk<br \/>\nMateri\u00e1l \u010depele: M390<br \/>\n\u0160t\u00fdl \u010depele: D\u00fdka s dvojit\u00fdm ostr\u00edm<br \/>\nPovrchov\u00e1 \u00faprava \u010depele: Zvetran\u00fd pomaran\u010d<br \/>\nTyp okraja: \u0160tandard<br \/>\nModel\/Vzor: Daytona<br \/>\nTyp no\u017ea: Dvoj\u010dinn\u00e9 automatick\u00e9 OTF<br \/>\nTyp z\u00e1mku: Vpredu<br \/>\nCelkov\u00e1 d\u013a\u017eka: 22 cm<br \/>\nD\u013a\u017eka \u010depele: 8.6 cm<br \/>\nHmotnos\u0165: 3,1 unca<\/p>\n<p><iframe title=\"Microtech Combat Troodon Torture Test\" width=\"800\" height=\"450\" src=\"https:\/\/www.youtube.com\/embed\/xE9TeOFYEjg?feature=oembed\" frameborder=\"0\" allow=\"accelerometer; autoplay; clipboard-write; encrypted-media; gyroscope; picture-in-picture; web-share\" allowfullscreen><\/iframe><\/p>\n<p>&nbsp;<\/p>\n<p>&nbsp;<\/p>\n<p>&nbsp;<\/p>\n","protected":false},"excerpt":{"rendered":"<div class=\"elementor-element elementor-element-bbb542b elementor-widget elementor-widget-woocommerce-product-short-description\" data-id=\"bbb542b\" data-element_type=\"widget\" data-widget_type=\"woocommerce-product-short-description.default\">\n<div class=\"elementor-widget-container\">\n<div class=\"woocommerce-product-details__short-description\">\n<p><strong>V priebehu rokov Microtech\u00ae Knives naplnil v\u00e1\u0161\u0148ou a zru\u010dnos\u0165ou v\u00fdrobu no\u017eov, a\u017e z nich vytvoril takmer umeleck\u00e9 diela, ktor\u00e9 s\u00fa vrcholom funk\u010dnosti. V\u0161etky diely s\u00fa vyroben\u00e9 v USA.<\/strong><br \/>\n<strong>Na v\u0161etky no\u017ee Microtech je do\u017eivotn\u00e1 z\u00e1ruka.<\/strong><\/p>\n<p><strong>Doprava zadarmo.<\/strong><\/p>\n<\/div>\n<\/div>\n<\/div>\n","protected":false},"featured_media":259739,"comment_status":"open","ping_status":"closed","template":"","meta":[],"pwb-brand":[3200],"product_brand":[],"product_cat":[3186,3197],"product_tag":[3668],"class_list":{"0":"post-308392","1":"product","2":"type-product","3":"status-publish","4":"has-post-thumbnail","6":"pwb-brand-microtech-sk","7":"product_cat-noze-sk","8":"product_cat-vystrelovacie-noze-sk","9":"product_tag-b2b-sk","11":"first","12":"instock","13":"taxable","14":"shipping-taxable","15":"purchasable","16":"product-type-simple"},"brands":[{"id":3200,"name":"Microtech","slug":"microtech-sk"}],"_links":{"self":[{"href":"https:\/\/www.moskito.cz\/sk\/wp-json\/wp\/v2\/product\/308392","targetHints":{"allow":["GET"]}}],"collection":[{"href":"https:\/\/www.moskito.cz\/sk\/wp-json\/wp\/v2\/product"}],"about":[{"href":"https:\/\/www.moskito.cz\/sk\/wp-json\/wp\/v2\/types\/product"}],"replies":[{"embeddable":true,"href":"https:\/\/www.moskito.cz\/sk\/wp-json\/wp\/v2\/comments?post=308392"}],"wp:featuredmedia":[{"embeddable":true,"href":"https:\/\/www.moskito.cz\/sk\/wp-json\/wp\/v2\/media\/259739"}],"wp:attachment":[{"href":"https:\/\/www.moskito.cz\/sk\/wp-json\/wp\/v2\/media?parent=308392"}],"wp:term":[{"taxonomy":"pwb-brand","embeddable":true,"href":"https:\/\/www.moskito.cz\/sk\/wp-json\/wp\/v2\/pwb-brand?post=308392"},{"taxonomy":"product_brand","embeddable":true,"href":"https:\/\/www.moskito.cz\/sk\/wp-json\/wp\/v2\/product_brand?post=308392"},{"taxonomy":"product_cat","embeddable":true,"href":"https:\/\/www.moskito.cz\/sk\/wp-json\/wp\/v2\/product_cat?post=308392"},{"taxonomy":"product_tag","embeddable":true,"href":"https:\/\/www.moskito.cz\/sk\/wp-json\/wp\/v2\/product_tag?post=308392"}],"curies":[{"name":"wp","href":"https:\/\/api.w.org\/{rel}","templated":true}]}}