{"id":308509,"date":"2023-11-08T16:12:51","date_gmt":"2024-02-06T14:54:03","guid":{"rendered":"https:\/\/www.moskito.cz\/produkt\/vystrelovaci-noz-microtech-utx-85-clone-trooper-232-1co\/"},"modified":"2025-05-07T11:00:14","modified_gmt":"2025-05-07T10:00:14","slug":"vystrelovaci-noz-microtech-utx-85-clone-trooper-232-1co","status":"publish","type":"product","link":"https:\/\/www.moskito.cz\/sk\/produkt\/vystrelovaci-noz-microtech-utx-85-clone-trooper-232-1co\/","title":{"rendered":"Vystre\u013eovac\u00ed N\u00f4\u017e Microtech UTX-85 Clone Trooper 232-1CO"},"content":{"rendered":"<p>Vystre\u013eovac\u00ed N\u00f4\u017e <strong>Microtech<\/strong> UTX-85 Clone Trooper 232-1CO<\/p>\n<p>Microtech UTX-85 je stredne ve\u013ek\u00fd n\u00f4\u017e v rade Ultratech. Tento model je navrhnut\u00fd s tvarovan\u00fdm podvozkom pre maxim\u00e1lnu pri\u013enavos\u0165, pou\u017eite\u013enos\u0165 a pohodlie. Obsahuje \u0161kvrny text\u00fary pozd\u013a\u017e chrbtice na v\u0161etk\u00fdch spr\u00e1vnych miestach, aby bola zaisten\u00e1 maxim\u00e1lna pri\u013enavos\u0165, ke\u010f ju potrebujete. Tieto no\u017ee Microtech s\u00fa tie\u017e vybaven\u00e9 pohodln\u00fdm sp\u00edna\u010dom stre\u013eby a bitke testovan\u00fdm rozb\u00edja\u010dom skla z karbidu volfr\u00e1mu.<\/p>\n<p>Microtech UTX-85 pon\u00faka rovnako skvel\u00fd v\u00fdkon ako Ultratech, ale bol zmen\u0161en\u00fd o 85% pre t\u00fdch, ktor\u00ed preferuj\u00fa men\u0161\u00ed a skrytej\u0161\u00ed n\u00f4\u017e. Toto je skvel\u00e1 vo\u013eba pre u\u017e\u00edvate\u013eov, ktor\u00ed h\u013eadaj\u00fa \u013eah\u0161\u00ed men\u0161\u00ed dvoj\u010dinn\u00fd OTF s rovnako skvel\u00fdm v\u00fdkonom ako Ultratech v plnej ve\u013ekosti.<\/p>\n<p>Celkov\u00e1 d\u013a\u017eka: 19.1 cm<br \/>\nD\u013a\u017eka v zatvorenom stave: 11.1 cm<br \/>\nD\u013a\u017eka \u010depele: 7.9 cm<br \/>\nHr\u00fabka \u010depele: 0,32 cm<br \/>\n\u0160t\u00fdl okraja: Oby\u010dajn\u00fd<br \/>\nMateri\u00e1l rukov\u00e4te: Clone Trooper Aluminium<br \/>\nHr\u00fabka rukov\u00e4te: 1.2 cm<br \/>\nVreckov\u00fd klip: Tip-Down<br \/>\nHmotnos\u0165: 82,22 g<br \/>\nV\u00fdrobca Ref. #: 232-1CO<br \/>\nKrajina p\u00f4vodu: USA<\/p>\n<p><iframe title=\"Microtech Combat Troodon Torture Test\" width=\"800\" height=\"450\" src=\"https:\/\/www.youtube.com\/embed\/xE9TeOFYEjg?feature=oembed\" frameborder=\"0\" allow=\"accelerometer; autoplay; clipboard-write; encrypted-media; gyroscope; picture-in-picture; web-share\" allowfullscreen><\/iframe><\/p>\n<p>&nbsp;<\/p>\n","protected":false},"excerpt":{"rendered":"<div class=\"elementor-element elementor-element-bbb542b elementor-widget elementor-widget-woocommerce-product-short-description\" data-id=\"bbb542b\" data-element_type=\"widget\" data-widget_type=\"woocommerce-product-short-description.default\">\n<div class=\"elementor-widget-container\">\n<div class=\"woocommerce-product-details__short-description\">\n<p><strong>Ultratech od Microtechu je jedn\u00fdm z ich najob\u013e\u00fabenej\u0161\u00edch modelov, rozhodne poskytuje najv\u00e4\u010d\u0161iu ranu za peniaze \u010do stoja.<\/strong><\/p>\n<p><strong>Na v\u0161etky no\u017ee Microtech je do\u017eivotn\u00e1 z\u00e1ruka. <\/strong><\/p>\n<p><strong>Doprava zadarmo.<\/strong><\/p>\n<\/div>\n<\/div>\n<\/div>\n","protected":false},"featured_media":259433,"comment_status":"open","ping_status":"closed","template":"","meta":[],"pwb-brand":[3200],"product_brand":[],"product_cat":[3186,3197],"product_tag":[3668],"class_list":{"0":"post-308509","1":"product","2":"type-product","3":"status-publish","4":"has-post-thumbnail","6":"pwb-brand-microtech-sk","7":"product_cat-noze-sk","8":"product_cat-vystrelovacie-noze-sk","9":"product_tag-b2b-sk","11":"first","12":"instock","13":"taxable","14":"shipping-taxable","15":"purchasable","16":"product-type-simple"},"brands":[{"id":3200,"name":"Microtech","slug":"microtech-sk"}],"_links":{"self":[{"href":"https:\/\/www.moskito.cz\/sk\/wp-json\/wp\/v2\/product\/308509","targetHints":{"allow":["GET"]}}],"collection":[{"href":"https:\/\/www.moskito.cz\/sk\/wp-json\/wp\/v2\/product"}],"about":[{"href":"https:\/\/www.moskito.cz\/sk\/wp-json\/wp\/v2\/types\/product"}],"replies":[{"embeddable":true,"href":"https:\/\/www.moskito.cz\/sk\/wp-json\/wp\/v2\/comments?post=308509"}],"wp:featuredmedia":[{"embeddable":true,"href":"https:\/\/www.moskito.cz\/sk\/wp-json\/wp\/v2\/media\/259433"}],"wp:attachment":[{"href":"https:\/\/www.moskito.cz\/sk\/wp-json\/wp\/v2\/media?parent=308509"}],"wp:term":[{"taxonomy":"pwb-brand","embeddable":true,"href":"https:\/\/www.moskito.cz\/sk\/wp-json\/wp\/v2\/pwb-brand?post=308509"},{"taxonomy":"product_brand","embeddable":true,"href":"https:\/\/www.moskito.cz\/sk\/wp-json\/wp\/v2\/product_brand?post=308509"},{"taxonomy":"product_cat","embeddable":true,"href":"https:\/\/www.moskito.cz\/sk\/wp-json\/wp\/v2\/product_cat?post=308509"},{"taxonomy":"product_tag","embeddable":true,"href":"https:\/\/www.moskito.cz\/sk\/wp-json\/wp\/v2\/product_tag?post=308509"}],"curies":[{"name":"wp","href":"https:\/\/api.w.org\/{rel}","templated":true}]}}