{"id":308528,"date":"2023-10-16T15:46:53","date_gmt":"2024-02-06T14:54:26","guid":{"rendered":"https:\/\/www.moskito.cz\/produkt\/vystrelovaci-noz-microtech-ultratech-hellhound-signature-series-119-1ods\/"},"modified":"2025-05-07T11:00:17","modified_gmt":"2025-05-07T10:00:17","slug":"vystrelovaci-noz-microtech-ultratech-hellhound-signature-series-119-1ods","status":"publish","type":"product","link":"https:\/\/www.moskito.cz\/sk\/produkt\/vystrelovaci-noz-microtech-ultratech-hellhound-signature-series-119-1ods\/","title":{"rendered":"Vystre\u013eovac\u00ed N\u00f4\u017e Microtech Ultratech Hellhound Signature Series 119-1ODS"},"content":{"rendered":"<p>Vystre\u013eovac\u00ed N\u00f4\u017e <strong>Microtech<\/strong> Ultratech Hellhound Signature Series 119-1ODS<\/p>\n<p><strong>Ultratech<\/strong> nav\u017edy nastav\u00ed \u0161tandard pre v\u0161etky predn\u00e9 no\u017ee. <strong>Ultratech<\/strong> je origin\u00e1lny dvoj\u010dinn\u00fd predn\u00fd n\u00f4\u017e Microtech a bol z\u00e1kladom cel\u00e9ho radu OTF. V priebehu rokov pre\u0161iel nieko\u013ek\u00fdmi \u00fapravami, zaka\u017ed\u00fdm sa stal \u00fa\u010dinnej\u0161\u00edm a spo\u013eahlivej\u0161\u00edm. T\u00e1to verzia m\u00e1 vylep\u0161en\u00fa tvarovan\u00fa rukov\u00e4\u0165 s text\u00farovan\u00fdm posuvn\u00fdm palcom. Pru\u017eina Ultratechu zost\u00e1va v \u201ek\u013eudovej\u201c polohe po cel\u00fa dobu, s v\u00fdnimkou roztiahnutia. T\u00fdm je zaisten\u00e9, \u017ee sa stla\u010den\u00e1 pru\u017eina neunav\u00ed, \u010do pou\u017e\u00edvate\u013eom zais\u0165uje, \u017ee ke\u010f je n\u00f4\u017e vystrelen\u00fd, bude fungova\u0165 efekt\u00edvne. Ultratech m\u00f4\u017ee ma\u0165 mnoho r\u00f4znych pod\u00f4b; m\u00f4\u017ee by\u0165 zakon\u010den\u00e1 \u0161tandardnou opracovanou hlin\u00edkovou rukov\u00e4\u0165ou alebo k\u00faskom z uhl\u00edkov\u00fdch vl\u00e1kien. \u013dahk\u00fd n\u00f4\u017e Ultratech s mo\u017enos\u0165ou otv\u00e1rania a zatv\u00e1rania jednou rukou, \u0161t\u00edhly tvar a ostr\u00e1 \u010depe\u013e na skalpel z neho robia jedine\u010dn\u00fd n\u00f4\u017e, ktor\u00fd je dostupn\u00fd iba pri Microtech. Tento n\u00f4\u017e znova a znova preuk\u00e1zal, \u017ee odol\u00e1 akejko\u013evek prek\u00e1\u017eke. A\u017e \u010das uk\u00e1\u017ee, ak\u00fd bude \u010fal\u0161\u00ed krok pre rad <strong>Ultratech<\/strong> .<\/p>\n<p>Celkov\u00e1 d\u013a\u017eka: 21.2 cm<br \/>\nD\u013a\u017eka v zatvorenom stave: 12.7 cm<br \/>\nD\u013a\u017eka \u010depele: 8.5 cm<br \/>\nHr\u00fabka \u010depele: 0,32 cm<br \/>\nPovrchov\u00e1 \u00faprava \u010depele: \u010dierna<br \/>\n\u0160t\u00fdl \u010depele: Hellhound<br \/>\nOce\u013e: M390<br \/>\nMateri\u00e1l rukov\u00e4te: OD Zelen\u00fd hlin\u00edk<br \/>\nHr\u00fabka rukov\u00e4te: 1.2 cm<br \/>\nVreckov\u00fd klip: Tip-Down<br \/>\nHmotnos\u0165: 3,5 oz (99,23 g)<br \/>\nV\u00fdrobca Ref. #: 119-1ODS<br \/>\nKrajina p\u00f4vodu: USA<\/p>\n<p><iframe title=\"Microtech Combat Troodon Torture Test\" width=\"800\" height=\"450\" src=\"https:\/\/www.youtube.com\/embed\/xE9TeOFYEjg?feature=oembed\" frameborder=\"0\" allow=\"accelerometer; autoplay; clipboard-write; encrypted-media; gyroscope; picture-in-picture; web-share\" allowfullscreen><\/iframe><\/p>\n<p>&nbsp;<\/p>\n<p>&nbsp;<\/p>\n<p>&nbsp;<\/p>\n<p>&nbsp;<\/p>\n","protected":false},"excerpt":{"rendered":"<div class=\"elementor-element elementor-element-bbb542b elementor-widget elementor-widget-woocommerce-product-short-description\" data-id=\"bbb542b\" data-element_type=\"widget\" data-widget_type=\"woocommerce-product-short-description.default\">\n<div class=\"elementor-widget-container\">\n<div class=\"woocommerce-product-details__short-description\">\n<p><strong>V priebehu rokov Microtech\u00ae Knives naplnil v\u00e1\u0161\u0148ou a zru\u010dnos\u0165ou v\u00fdrobu no\u017eov, a\u017e z nich vytvoril takmer umeleck\u00e9 diela, ktor\u00e9 s\u00fa vrcholom funk\u010dnosti. V\u0161etky diely s\u00fa vyroben\u00e9 v USA.<\/strong><br \/>\n<strong>Na v\u0161etky no\u017ee Microtech je do\u017eivotn\u00e1 z\u00e1ruka.<\/strong><\/p>\n<p><strong>Doprava zadarmo.<\/strong><\/p>\n<\/div>\n<\/div>\n<\/div>\n","protected":false},"featured_media":258057,"comment_status":"open","ping_status":"closed","template":"","meta":[],"pwb-brand":[3200],"product_brand":[],"product_cat":[3186,3197],"product_tag":[3668],"class_list":{"0":"post-308528","1":"product","2":"type-product","3":"status-publish","4":"has-post-thumbnail","6":"pwb-brand-microtech-sk","7":"product_cat-noze-sk","8":"product_cat-vystrelovacie-noze-sk","9":"product_tag-b2b-sk","11":"first","12":"instock","13":"taxable","14":"shipping-taxable","15":"purchasable","16":"product-type-simple"},"brands":[{"id":3200,"name":"Microtech","slug":"microtech-sk"}],"_links":{"self":[{"href":"https:\/\/www.moskito.cz\/sk\/wp-json\/wp\/v2\/product\/308528","targetHints":{"allow":["GET"]}}],"collection":[{"href":"https:\/\/www.moskito.cz\/sk\/wp-json\/wp\/v2\/product"}],"about":[{"href":"https:\/\/www.moskito.cz\/sk\/wp-json\/wp\/v2\/types\/product"}],"replies":[{"embeddable":true,"href":"https:\/\/www.moskito.cz\/sk\/wp-json\/wp\/v2\/comments?post=308528"}],"wp:featuredmedia":[{"embeddable":true,"href":"https:\/\/www.moskito.cz\/sk\/wp-json\/wp\/v2\/media\/258057"}],"wp:attachment":[{"href":"https:\/\/www.moskito.cz\/sk\/wp-json\/wp\/v2\/media?parent=308528"}],"wp:term":[{"taxonomy":"pwb-brand","embeddable":true,"href":"https:\/\/www.moskito.cz\/sk\/wp-json\/wp\/v2\/pwb-brand?post=308528"},{"taxonomy":"product_brand","embeddable":true,"href":"https:\/\/www.moskito.cz\/sk\/wp-json\/wp\/v2\/product_brand?post=308528"},{"taxonomy":"product_cat","embeddable":true,"href":"https:\/\/www.moskito.cz\/sk\/wp-json\/wp\/v2\/product_cat?post=308528"},{"taxonomy":"product_tag","embeddable":true,"href":"https:\/\/www.moskito.cz\/sk\/wp-json\/wp\/v2\/product_tag?post=308528"}],"curies":[{"name":"wp","href":"https:\/\/api.w.org\/{rel}","templated":true}]}}