{"id":308564,"date":"2023-10-17T14:59:11","date_gmt":"2024-02-06T14:54:40","guid":{"rendered":"https:\/\/www.moskito.cz\/produkt\/vystrelovaci-noz-microtech-combat-troodon-turquoise-stonewash-143-10tq\/"},"modified":"2025-05-07T11:00:18","modified_gmt":"2025-05-07T10:00:18","slug":"vystrelovaci-noz-microtech-combat-troodon-turquoise-stonewash-143-10tq","status":"publish","type":"product","link":"https:\/\/www.moskito.cz\/sk\/produkt\/vystrelovaci-noz-microtech-combat-troodon-turquoise-stonewash-143-10tq\/","title":{"rendered":"Vystre\u013eovac\u00ed N\u00f4\u017e Microtech Combat Troodon Turquoise Stonewash 143-10TQ"},"content":{"rendered":"<p>Vystre\u013eovac\u00ed N\u00f4\u017e <strong>Microtech<\/strong> Combat Troodon Turquoise Stonewash 143-10TQ<\/p>\n<p><strong>Microtech<\/strong> knives najv\u00e4\u010d\u0161\u00ed produk\u010dn\u00fd n\u00f4\u017e OTF je pomenovan\u00fd po dinosaurovi Troodonovi. <strong>Combat Troodon<\/strong> je skuto\u010dne ve\u013ek\u00e1 verzia popul\u00e1rneho Troodona. Napriek ve\u013ekosti p\u00f4sob\u00ed rukov\u00e4\u0165 \u0161t\u00edhle a pohodlne. Akcia je samozrejme Microtech vynikaj\u00faca, ako by ste o\u010dak\u00e1vali. Ve\u013ek\u00fd a zl\u00fd!<\/p>\n<p>Tento model je vybaven\u00fd tyrkysovou eloxovanou hlin\u00edkovou rukov\u00e4\u0165ou 6061-T6 s dr\u00e1\u017ekami a dr\u00e1\u017ekovan\u00edm pre lep\u0161ie uchopenie. Jednobrit\u00e1 \u010depe\u013e z nerezovej ocele M390 s povrchovou \u00fapravou Stonewash so \u0161tandardn\u00fdm ostr\u00edm. Rozb\u00edja\u010d skla z nerezovej ocele otryskan\u00fd perli\u010dkami, obojstrann\u00fd vreckov\u00fd klip a hardv\u00e9r. Vreckov\u00fd klip m\u00e1 logo Microtech. \u010cepe\u013e m\u00e1 inform\u00e1cie o modeli. Na rukov\u00e4ti je logo Microtech Claw, s\u00e9riov\u00e9 \u010d\u00edslo a d\u00e1tum v\u00fdroby.<\/p>\n<p>Celkov\u00e1 d\u013a\u017eka: 24.2 cm<br \/>\nD\u013a\u017eka v zatvorenom stave: 14.6 cm<br \/>\nD\u013a\u017eka \u010depele: 9.7 cm<br \/>\nHr\u00fabka \u010depele: 0.32 cm<br \/>\nPovrchov\u00e1 \u00faprava \u010depele: Stonewashed<br \/>\n\u0160t\u00fdl \u010depele: Drop Point<br \/>\n\u0160t\u00fdl okraja: Oby\u010dajn\u00fd<\/p>\n<p>Materi\u00e1l \u010depele: M390<br \/>\nMateri\u00e1l rukov\u00e4te: Hlin\u00edk<br \/>\nPovrchov\u00e1 \u00faprava \u010depele: Stonewash<br \/>\nTyp okraja: \u0160tandard<br \/>\nModel\/Vzor: Bojov\u00fd Troodon<br \/>\nTyp no\u017ea: Dvoj\u010dinn\u00e9 automatick\u00e9 OTF<br \/>\nTyp z\u00e1mku: Vpredu<\/p>\n<p><iframe title=\"Microtech Combat Troodon Torture Test\" width=\"800\" height=\"450\" src=\"https:\/\/www.youtube.com\/embed\/xE9TeOFYEjg?feature=oembed\" frameborder=\"0\" allow=\"accelerometer; autoplay; clipboard-write; encrypted-media; gyroscope; picture-in-picture; web-share\" allowfullscreen><\/iframe><\/p>\n<p>&nbsp;<\/p>\n<p>&nbsp;<\/p>\n<p>&nbsp;<\/p>\n","protected":false},"excerpt":{"rendered":"<div class=\"elementor-element elementor-element-bbb542b elementor-widget elementor-widget-woocommerce-product-short-description\" data-id=\"bbb542b\" data-element_type=\"widget\" data-widget_type=\"woocommerce-product-short-description.default\">\n<div class=\"elementor-widget-container\">\n<div class=\"woocommerce-product-details__short-description\">\n<p><strong>V priebehu rokov Microtech\u00ae Knives naplnil v\u00e1\u0161\u0148ou a zru\u010dnos\u0165ou v\u00fdrobu no\u017eov, a\u017e z nich vytvoril takmer umeleck\u00e9 diela, ktor\u00e9 s\u00fa vrcholom funk\u010dnosti. V\u0161etky diely s\u00fa vyroben\u00e9 v USA.<\/strong><br \/>\n<strong>Na v\u0161etky no\u017ee Microtech je do\u017eivotn\u00e1 z\u00e1ruka.<\/strong><\/p>\n<p><strong>Doprava zadarmo.<\/strong><\/p>\n<\/div>\n<\/div>\n<\/div>\n","protected":false},"featured_media":258147,"comment_status":"open","ping_status":"closed","template":"","meta":[],"pwb-brand":[3200],"product_brand":[],"product_cat":[3186,3197],"product_tag":[3668],"class_list":{"0":"post-308564","1":"product","2":"type-product","3":"status-publish","4":"has-post-thumbnail","6":"pwb-brand-microtech-sk","7":"product_cat-noze-sk","8":"product_cat-vystrelovacie-noze-sk","9":"product_tag-b2b-sk","11":"first","12":"outofstock","13":"taxable","14":"shipping-taxable","15":"purchasable","16":"product-type-simple"},"brands":[{"id":3200,"name":"Microtech","slug":"microtech-sk"}],"_links":{"self":[{"href":"https:\/\/www.moskito.cz\/sk\/wp-json\/wp\/v2\/product\/308564","targetHints":{"allow":["GET"]}}],"collection":[{"href":"https:\/\/www.moskito.cz\/sk\/wp-json\/wp\/v2\/product"}],"about":[{"href":"https:\/\/www.moskito.cz\/sk\/wp-json\/wp\/v2\/types\/product"}],"replies":[{"embeddable":true,"href":"https:\/\/www.moskito.cz\/sk\/wp-json\/wp\/v2\/comments?post=308564"}],"wp:featuredmedia":[{"embeddable":true,"href":"https:\/\/www.moskito.cz\/sk\/wp-json\/wp\/v2\/media\/258147"}],"wp:attachment":[{"href":"https:\/\/www.moskito.cz\/sk\/wp-json\/wp\/v2\/media?parent=308564"}],"wp:term":[{"taxonomy":"pwb-brand","embeddable":true,"href":"https:\/\/www.moskito.cz\/sk\/wp-json\/wp\/v2\/pwb-brand?post=308564"},{"taxonomy":"product_brand","embeddable":true,"href":"https:\/\/www.moskito.cz\/sk\/wp-json\/wp\/v2\/product_brand?post=308564"},{"taxonomy":"product_cat","embeddable":true,"href":"https:\/\/www.moskito.cz\/sk\/wp-json\/wp\/v2\/product_cat?post=308564"},{"taxonomy":"product_tag","embeddable":true,"href":"https:\/\/www.moskito.cz\/sk\/wp-json\/wp\/v2\/product_tag?post=308564"}],"curies":[{"name":"wp","href":"https:\/\/api.w.org\/{rel}","templated":true}]}}