{"id":308626,"date":"2023-10-19T18:49:57","date_gmt":"2024-02-06T14:54:45","guid":{"rendered":"https:\/\/www.moskito.cz\/produkt\/pevny-noz-microtech-borka-blades-apocalyptic-201-10ap\/"},"modified":"2025-05-07T11:00:21","modified_gmt":"2025-05-07T10:00:21","slug":"pevny-noz-microtech-borka-blades-apocalyptic-201-10ap","status":"publish","type":"product","link":"https:\/\/www.moskito.cz\/sk\/produkt\/pevny-noz-microtech-borka-blades-apocalyptic-201-10ap\/","title":{"rendered":"Pevn\u00fd N\u00f4\u017e Microtech\/Borka Blades Apocalyptic 201-10AP"},"content":{"rendered":"<p>Pevn\u00fd N\u00f4\u017e <strong>Microtech<\/strong> \/Borka Blades Apocalyptic 201-10AP<\/p>\n<p>Pevn\u00e1 \u010depe\u013e SBD je hroziv\u00fd kus od z\u00e1kazkov\u00e9ho no\u017eiara Sebastijana Berenjiho, AKA Borka, pod\u013ea jeho designu SBK. Je to evol\u00facia SBK, ktor\u00e1 mala vyv\u00fd\u0161en\u00fd tvar perzskej \u010depele a nahradila ju \u0161irokou dvojhrannou d\u00fdkou, odtia\u013e D v n\u00e1zve. Vyzna\u010duje sa \u0161tyrmi n\u00e1dhern\u00fdmi \u00fakosmi, ktor\u00e9 vyvrcholia perfektnou \u0161pi\u010dkou, pekn\u00fdm chr\u00e1ni\u010dom prstov a krvav\u00fdm \u017eliabkom so zosvet\u013euj\u00facimi otvormi. Rukov\u00e4\u0165 je vyroben\u00e1 z kr\u00e1sne vyfr\u00e9zovan\u00e9ho G10 pre pr\u00edjemn\u00fd ergonomick\u00fd \u00fachop a vytv\u00e1ra dokonal\u00fa harm\u00f3niu medzi u\u017e\u00edvate\u013eom a n\u00e1strojom. Je tvarovan\u00fd na spr\u00e1vnych miestach, aby v\u00e1m umo\u017enil indexova\u0165 n\u00f4\u017e vo viacer\u00fdch \u00fachopoch. Kompaktn\u00fd SBD vy\u017earuje taktick\u00fa zdatnos\u0165 so \u0161t\u00fdlom, ktor\u00fd je z\u00e1kladn\u00fdm kame\u0148om \u010depe\u013eou Borka, a je dod\u00e1van\u00fd s trec\u00edm povrchom z uhl\u00edkov\u00fdch vl\u00e1kien Kydex a Tek-Lok. Vyroben\u00e9 v USA firmou Microtech Knives .<\/p>\n<p>\u0160pecifik\u00e1cia<br \/>\nD\u013a\u017eka \u010depele: 11 cm<br \/>\nCelkov\u00e1 d\u013a\u017eka: 22.5 cm<br \/>\nMateri\u00e1l \u010depele: M390<br \/>\nHr\u00fabka \u010depele: 0.4875 cm<br \/>\n\u0160t\u00fdl \u010depele: D\u00fdka s dvojitou hranou<br \/>\nBr\u00fasenie \u010depele: Ploch\u00e9<br \/>\nPovrchov\u00e1 \u00faprava \u010depele: Apokalyptick\u00e1<br \/>\nMateri\u00e1l rukov\u00e4te: Fr\u00e9zovan\u00e1 \u010dierna G10<br \/>\nMateri\u00e1l pl\u00e1\u0161\u0165a: Carbon Fiber Finish Kydex<br \/>\nHmotnos\u0165: 6,4 oz.<br \/>\nHmotnos\u0165 s puzdrom: 10,1 oz.<br \/>\nDizajn\u00e9r: Sebastijan Berenji<br \/>\nVyroben\u00e9 v USA<\/p>\n<p><iframe title=\"Microtech Combat Troodon Torture Test\" width=\"800\" height=\"450\" src=\"https:\/\/www.youtube.com\/embed\/xE9TeOFYEjg?feature=oembed\" frameborder=\"0\" allow=\"accelerometer; autoplay; clipboard-write; encrypted-media; gyroscope; picture-in-picture; web-share\" allowfullscreen><\/iframe><\/p>\n<p>&nbsp;<\/p>\n","protected":false},"excerpt":{"rendered":"<p><strong>V priebehu rokov Microtech\u00ae Knives naplnil v\u00e1\u0161\u0148ou a zru\u010dnos\u0165ou v\u00fdrobu no\u017eov, a\u017e z nich vytvoril takmer umeleck\u00e9 diela, ktor\u00e9 s\u00fa vrcholom funk\u010dnosti. V\u0161etky diely s\u00fa vyroben\u00e9 v USA.<\/strong><\/p>\n<p><strong>Do\u017eivotn\u00e1 z\u00e1ruka na no\u017ee Microtech.<\/strong><\/p>\n<p><strong>Doprava zadarmo.<\/strong><\/p>\n","protected":false},"featured_media":258333,"comment_status":"open","ping_status":"closed","template":"","meta":[],"pwb-brand":[3200],"product_brand":[],"product_cat":[3186,3187],"product_tag":[3668],"class_list":{"0":"post-308626","1":"product","2":"type-product","3":"status-publish","4":"has-post-thumbnail","6":"pwb-brand-microtech-sk","7":"product_cat-noze-sk","8":"product_cat-pevne-noze-sk","9":"product_tag-b2b-sk","11":"first","12":"outofstock","13":"taxable","14":"shipping-taxable","15":"purchasable","16":"product-type-simple"},"brands":[{"id":3200,"name":"Microtech","slug":"microtech-sk"}],"_links":{"self":[{"href":"https:\/\/www.moskito.cz\/sk\/wp-json\/wp\/v2\/product\/308626","targetHints":{"allow":["GET"]}}],"collection":[{"href":"https:\/\/www.moskito.cz\/sk\/wp-json\/wp\/v2\/product"}],"about":[{"href":"https:\/\/www.moskito.cz\/sk\/wp-json\/wp\/v2\/types\/product"}],"replies":[{"embeddable":true,"href":"https:\/\/www.moskito.cz\/sk\/wp-json\/wp\/v2\/comments?post=308626"}],"wp:featuredmedia":[{"embeddable":true,"href":"https:\/\/www.moskito.cz\/sk\/wp-json\/wp\/v2\/media\/258333"}],"wp:attachment":[{"href":"https:\/\/www.moskito.cz\/sk\/wp-json\/wp\/v2\/media?parent=308626"}],"wp:term":[{"taxonomy":"pwb-brand","embeddable":true,"href":"https:\/\/www.moskito.cz\/sk\/wp-json\/wp\/v2\/pwb-brand?post=308626"},{"taxonomy":"product_brand","embeddable":true,"href":"https:\/\/www.moskito.cz\/sk\/wp-json\/wp\/v2\/product_brand?post=308626"},{"taxonomy":"product_cat","embeddable":true,"href":"https:\/\/www.moskito.cz\/sk\/wp-json\/wp\/v2\/product_cat?post=308626"},{"taxonomy":"product_tag","embeddable":true,"href":"https:\/\/www.moskito.cz\/sk\/wp-json\/wp\/v2\/product_tag?post=308626"}],"curies":[{"name":"wp","href":"https:\/\/api.w.org\/{rel}","templated":true}]}}