{"id":308713,"date":"2023-10-11T13:15:50","date_gmt":"2024-02-06T14:57:50","guid":{"rendered":"https:\/\/www.moskito.cz\/produkt\/vystrelovaci-noz-microtech-makora-206-1tbis\/"},"modified":"2025-05-07T11:00:26","modified_gmt":"2025-05-07T10:00:26","slug":"vystrelovaci-noz-microtech-makora-206-1tbis","status":"publish","type":"product","link":"https:\/\/www.moskito.cz\/sk\/produkt\/vystrelovaci-noz-microtech-makora-206-1tbis\/","title":{"rendered":"Vystre\u013eovac\u00ed N\u00f4\u017e Microtech Makora 206-1TBIS"},"content":{"rendered":"<p>Vystre\u013eovac\u00ed N\u00f4\u017e <strong>Microtech<\/strong> Makora 206-1TBIS<\/p>\n<p>Koncept <strong>Makory<\/strong> sa vyvinul zo sl\u00e1vneho designu <strong>Microtech<\/strong> Ultratech. Bol testovan\u00fd v praxi a osved\u010den\u00fd po dobu nieko\u013ek\u00fdch rokov. Tento dizajn obsahuje mnoho funkci\u00ed, ktor\u00e9 boli po\u017eadovan\u00e9 a \u0161pecifikovan\u00e9 pou\u017e\u00edvate\u013emi, ktor\u00ed preferuj\u00fa tento vysoko \u00fa\u010dinn\u00fd n\u00e1stroj pred ak\u00fdmko\u013evek in\u00fdm. Pru\u017eina Makory zost\u00e1va v \u201ek\u013eudovej\u201c polohe po cel\u00fa dobu, s v\u00fdnimkou vysunutia. Bez \u00fanavy na stla\u010denej pru\u017eine, ke\u010f n\u00f4\u017e nie je pou\u017e\u00edvan\u00fd, to d\u00e1va pou\u017e\u00edvate\u013eom spo\u013eahlivos\u0165 a istotu, \u017ee ke\u010f sa stla\u010d\u00ed uvo\u013enenie, n\u00f4\u017e bude fungova\u0165. Medzi \u010fal\u0161ie vlastnosti patr\u00ed r\u00fdchle a efekt\u00edvne otv\u00e1ranie a zatv\u00e1ranie jednou rukou, \u010depe\u013e z pr\u00e9miovej ocele, obojstrann\u00e1 spona na vrecko a skrutky odoln\u00e9 proti neopr\u00e1vnenej manipul\u00e1cii.<\/p>\n<p>\u0160pecifik\u00e1cia<br \/>\nD\u013a\u017eka \u010depele: 8.25 cm<br \/>\nRezn\u00e1 hrana: 7.81 cm<br \/>\nD\u013a\u017eka v zatvorenom stave: 12.81 cm<br \/>\nCelkov\u00e1 d\u013a\u017eka: 21.3 cm<br \/>\nOce\u013e: M390<br \/>\nHr\u00fabka \u010depele: 0.31 cm<br \/>\n\u0160t\u00fdl \u010depele: D\u00fdka s dvojitou hranou<br \/>\nBr\u00fasenie \u010depele: Ploch\u00e9<br \/>\nPovrchov\u00e1 \u00faprava \u010depele: \u010dierna<br \/>\nMateri\u00e1l rukov\u00e4te: \u010cierny leteck\u00fd hlin\u00edk s \u010diernymi trak\u010dn\u00fdmi vlo\u017ekami<br \/>\nHr\u00fabka rukov\u00e4te: 1.38 cm<br \/>\nUzamykac\u00ed mechanizmus: Posuvn\u00fd<br \/>\nVreckov\u00e1 spona: Titan (skl\u00e1pacie, prav\u00e9\/\u013eav\u00e9 nosenie)<br \/>\nHmotnos\u0165: 3,32 oz.<br \/>\nDizajn\u00e9r: Tony Marfione<br \/>\nVn\u00fatorn\u00fd nikel-bor<br \/>\nVyroben\u00e9 v USA<\/p>\n<p><iframe title=\"Microtech Combat Troodon Torture Test\" width=\"800\" height=\"450\" src=\"https:\/\/www.youtube.com\/embed\/xE9TeOFYEjg?feature=oembed\" frameborder=\"0\" allow=\"accelerometer; autoplay; clipboard-write; encrypted-media; gyroscope; picture-in-picture; web-share\" allowfullscreen><\/iframe><\/p>\n<p>&nbsp;<\/p>\n","protected":false},"excerpt":{"rendered":"<div class=\"elementor-element elementor-element-bbb542b elementor-widget elementor-widget-woocommerce-product-short-description\" data-id=\"bbb542b\" data-element_type=\"widget\" data-widget_type=\"woocommerce-product-short-description.default\">\n<div class=\"elementor-widget-container\">\n<div class=\"woocommerce-product-details__short-description\">\n<p><strong>V priebehu rokov Microtech\u00ae Knives naplnil v\u00e1\u0161\u0148ou a zru\u010dnos\u0165ou v\u00fdrobu no\u017eov, a\u017e z nich vytvoril takmer umeleck\u00e9 diela, ktor\u00e9 s\u00fa vrcholom funk\u010dnosti. V\u0161etky diely s\u00fa vyroben\u00e9 v USA.<\/strong><br \/>\n<strong>Na v\u0161etky no\u017ee Microtech je do\u017eivotn\u00e1 z\u00e1ruka (min. 80 000 cyklov, otvorenie a zatvorenie)<\/strong><\/p>\n<p><strong>Doprava zadarmo.<\/strong><\/p>\n<\/div>\n<\/div>\n<\/div>\n","protected":false},"featured_media":257818,"comment_status":"open","ping_status":"closed","template":"","meta":[],"pwb-brand":[3200],"product_brand":[],"product_cat":[3186,3197],"product_tag":[3668],"class_list":{"0":"post-308713","1":"product","2":"type-product","3":"status-publish","4":"has-post-thumbnail","6":"pwb-brand-microtech-sk","7":"product_cat-noze-sk","8":"product_cat-vystrelovacie-noze-sk","9":"product_tag-b2b-sk","11":"first","12":"instock","13":"taxable","14":"shipping-taxable","15":"purchasable","16":"product-type-simple"},"brands":[{"id":3200,"name":"Microtech","slug":"microtech-sk"}],"_links":{"self":[{"href":"https:\/\/www.moskito.cz\/sk\/wp-json\/wp\/v2\/product\/308713","targetHints":{"allow":["GET"]}}],"collection":[{"href":"https:\/\/www.moskito.cz\/sk\/wp-json\/wp\/v2\/product"}],"about":[{"href":"https:\/\/www.moskito.cz\/sk\/wp-json\/wp\/v2\/types\/product"}],"replies":[{"embeddable":true,"href":"https:\/\/www.moskito.cz\/sk\/wp-json\/wp\/v2\/comments?post=308713"}],"wp:featuredmedia":[{"embeddable":true,"href":"https:\/\/www.moskito.cz\/sk\/wp-json\/wp\/v2\/media\/257818"}],"wp:attachment":[{"href":"https:\/\/www.moskito.cz\/sk\/wp-json\/wp\/v2\/media?parent=308713"}],"wp:term":[{"taxonomy":"pwb-brand","embeddable":true,"href":"https:\/\/www.moskito.cz\/sk\/wp-json\/wp\/v2\/pwb-brand?post=308713"},{"taxonomy":"product_brand","embeddable":true,"href":"https:\/\/www.moskito.cz\/sk\/wp-json\/wp\/v2\/product_brand?post=308713"},{"taxonomy":"product_cat","embeddable":true,"href":"https:\/\/www.moskito.cz\/sk\/wp-json\/wp\/v2\/product_cat?post=308713"},{"taxonomy":"product_tag","embeddable":true,"href":"https:\/\/www.moskito.cz\/sk\/wp-json\/wp\/v2\/product_tag?post=308713"}],"curies":[{"name":"wp","href":"https:\/\/api.w.org\/{rel}","templated":true}]}}