{"id":308716,"date":"2023-10-10T15:27:49","date_gmt":"2024-02-06T14:57:50","guid":{"rendered":"https:\/\/www.moskito.cz\/produkt\/vystrelovaci-noz-microtech-glykon-apocalyptic-184-10ap\/"},"modified":"2025-05-07T11:00:27","modified_gmt":"2025-05-07T10:00:27","slug":"vystrelovaci-noz-microtech-glykon-apocalyptic-184-10ap","status":"publish","type":"product","link":"https:\/\/www.moskito.cz\/sk\/produkt\/vystrelovaci-noz-microtech-glykon-apocalyptic-184-10ap\/","title":{"rendered":"Vystre\u013eovac\u00ed N\u00f4\u017e Microtech Glykon Apocalyptic 184-10AP"},"content":{"rendered":"<p>Vystre\u013eovac\u00ed N\u00f4\u017e <strong>Microtech<\/strong> Glykon Apocalyptic 184-10AP<\/p>\n<p>Glyk\u00f3n, pomenovan\u00fd po starovekom gr\u00e9ckom had\u00edm bohu, je prv\u00fd Microtech s trojstrann\u00fdm tla\u010didlom. To z neho rob\u00ed OTF s horn\u00fdm posuvom a tie\u017e model s bo\u010dn\u00fdm vystre\u013eovan\u00edm, ktor\u00fd je \u00faplne obojstrann\u00fd. V\u0161etko, \u010do mus\u00edte urobi\u0165, je prepn\u00fa\u0165 vreckov\u00fd klip na druh\u00fa stranu pomocou obrovsk\u00e9ho Torx bitu a m\u00f4\u017eete \u00eds\u0165. Je to jeden z m\u00e1la Microtechs, ktor\u00fd pou\u017e\u00edva kon\u0161trukciu Torx skrutiek umo\u017e\u0148uj\u00faci \u00fapravy doma. Obsahuje tie\u017e tit\u00e1nov\u00e9 akcenty a prekrytia na r\u00e1me, ktor\u00e9 mo\u017eno \u013eahko odstr\u00e1ni\u0165 a upravi\u0165, ak je to va\u0161a vec. Spolo\u010dnos\u0165 Microtech, ktor\u00e1 neust\u00e1le inovuje, tu m\u00e1 s Glykonom jasn\u00e9ho v\u00ed\u0165aza.<\/p>\n<p>\u0160pecifik\u00e1cia<br \/>\nD\u013a\u017eka \u010depele: 9.37 cm<br \/>\nD\u013a\u017eka v zatvorenom stave: 13.12 cm<br \/>\nCelkov\u00e1 d\u013a\u017eka: 22.5 cm<br \/>\nOce\u013e: M390<\/p>\n<p>\u0160t\u00fdl \u010depele: Bajonet s dvojit\u00fdm ostr\u00edm<br \/>\nBr\u00fasenie \u010depele: Ploch\u00e9<br \/>\nPovrchov\u00e1 \u00faprava \u010depele: Apokalyptick\u00e1<br \/>\nMateri\u00e1l rukov\u00e4te: \u010dierny hlin\u00edk 6061-T6 s tit\u00e1nov\u00fdmi prekrytiami<br \/>\nHr\u00fabka rukov\u00e4te: 0,500&#8243;<br \/>\nUzamykac\u00ed mechanizmus: Tri-Slide<br \/>\nVreckov\u00e1 spona: Titan (sklopn\u00e1)<br \/>\nHmotnos\u0165: 5,01 unca<br \/>\nDizajn\u00e9ri: Tony a Sean Marfione<br \/>\nVyroben\u00e9 v USA<\/p>\n<p><iframe title=\"Microtech Combat Troodon Torture Test\" width=\"800\" height=\"450\" src=\"https:\/\/www.youtube.com\/embed\/xE9TeOFYEjg?feature=oembed\" frameborder=\"0\" allow=\"accelerometer; autoplay; clipboard-write; encrypted-media; gyroscope; picture-in-picture; web-share\" allowfullscreen><\/iframe><\/p>\n<p>&nbsp;<\/p>\n","protected":false},"excerpt":{"rendered":"<p><strong>V priebehu rokov Microtech\u00ae Knives naplnil v\u00e1\u0161\u0148ou a zru\u010dnos\u0165ou v\u00fdrobu no\u017eov, a\u017e z nich vytvoril takmer umeleck\u00e9 diela, ktor\u00e9 s\u00fa vrcholom funk\u010dnosti. V\u0161etky diely s\u00fa vyroben\u00e9 v USA.<\/strong><br \/>\n<strong>Na v\u0161etky no\u017ee Microtech je do\u017eivotn\u00e1 z\u00e1ruka.<\/strong><\/p>\n<p><strong>Doprava zadarmo.<\/strong><\/p>\n","protected":false},"featured_media":257776,"comment_status":"open","ping_status":"closed","template":"","meta":[],"pwb-brand":[3200],"product_brand":[],"product_cat":[3186,3197],"product_tag":[3668],"class_list":{"0":"post-308716","1":"product","2":"type-product","3":"status-publish","4":"has-post-thumbnail","6":"pwb-brand-microtech-sk","7":"product_cat-noze-sk","8":"product_cat-vystrelovacie-noze-sk","9":"product_tag-b2b-sk","11":"first","12":"outofstock","13":"taxable","14":"shipping-taxable","15":"purchasable","16":"product-type-simple"},"brands":[{"id":3200,"name":"Microtech","slug":"microtech-sk"}],"_links":{"self":[{"href":"https:\/\/www.moskito.cz\/sk\/wp-json\/wp\/v2\/product\/308716","targetHints":{"allow":["GET"]}}],"collection":[{"href":"https:\/\/www.moskito.cz\/sk\/wp-json\/wp\/v2\/product"}],"about":[{"href":"https:\/\/www.moskito.cz\/sk\/wp-json\/wp\/v2\/types\/product"}],"replies":[{"embeddable":true,"href":"https:\/\/www.moskito.cz\/sk\/wp-json\/wp\/v2\/comments?post=308716"}],"wp:featuredmedia":[{"embeddable":true,"href":"https:\/\/www.moskito.cz\/sk\/wp-json\/wp\/v2\/media\/257776"}],"wp:attachment":[{"href":"https:\/\/www.moskito.cz\/sk\/wp-json\/wp\/v2\/media?parent=308716"}],"wp:term":[{"taxonomy":"pwb-brand","embeddable":true,"href":"https:\/\/www.moskito.cz\/sk\/wp-json\/wp\/v2\/pwb-brand?post=308716"},{"taxonomy":"product_brand","embeddable":true,"href":"https:\/\/www.moskito.cz\/sk\/wp-json\/wp\/v2\/product_brand?post=308716"},{"taxonomy":"product_cat","embeddable":true,"href":"https:\/\/www.moskito.cz\/sk\/wp-json\/wp\/v2\/product_cat?post=308716"},{"taxonomy":"product_tag","embeddable":true,"href":"https:\/\/www.moskito.cz\/sk\/wp-json\/wp\/v2\/product_tag?post=308716"}],"curies":[{"name":"wp","href":"https:\/\/api.w.org\/{rel}","templated":true}]}}