{"id":308749,"date":"2023-10-11T14:35:57","date_gmt":"2024-02-06T14:58:05","guid":{"rendered":"https:\/\/www.moskito.cz\/produkt\/vystrelovaci-noz-microtech-ultratech-od-green-123-3od\/"},"modified":"2025-05-07T11:00:28","modified_gmt":"2025-05-07T10:00:28","slug":"vystrelovaci-noz-microtech-ultratech-od-green-123-3od","status":"publish","type":"product","link":"https:\/\/www.moskito.cz\/sk\/produkt\/vystrelovaci-noz-microtech-ultratech-od-green-123-3od\/","title":{"rendered":"Vystre\u013eovac\u00ed N\u00f4\u017e Microtech Ultratech OD Green 123-3OD"},"content":{"rendered":"<p>Vystre\u013eovac\u00ed N\u00f4\u017e <strong>Microtech<\/strong> Ultratech OD Green 123-3OD<\/p>\n<p>Ako vlajkov\u00fd model radu OTF spolo\u010dnosti Microtech nastavuje Ultratech\u00ae \u0161tandard pre technol\u00f3giu OTF. Patentovan\u00e1 technol\u00f3gia umo\u017e\u0148uje, aby sp\u00fa\u0161\u0165acia pru\u017eina bola v k\u013eude v otvorenej aj zatvorenej polohe, \u010d\u00edm sa drasticky zni\u017euje opotrebenie vn\u00fatorn\u00fdch vystre\u013eovac\u00edch mechanizmov. Tvarovan\u00e1 rukov\u00e4\u0165 podvozku poskytuje \u013eah\u0161\u00ed a ergonomickej\u0161\u00ed pocit a je dod\u00e1van\u00e1 s hladk\u00fdm, ploch\u00fdm povrchom. Microtech Ultratech je v\u00f4bec prv\u00fd OTF (z prednej strany) automatick\u00fd n\u00f4\u017e vyroben\u00fd spolo\u010dnos\u0165ou Microtech Knives. Vyzna\u010duje sa 3,4&#8243; \u010depe\u013eou s r\u00f4znymi povrchov\u00fdmi \u00fapravami a \u0161t\u00fdlmi \u010depele. Ultratech sa vyzna\u010duje 5&#8243; eloxovanou hlin\u00edkovou hladkou rukov\u00e4\u0165ou 6061-T6 s vreckovou sponou, rozb\u00edja\u010dom skla a nerezov\u00fdm hardv\u00e9rom. Dvoj\u010dinn\u00fd posuvn\u00fd palec pre automatick\u00e9 vystrelenie a zatiahnutie.<\/p>\n<p>Celkov\u00e1 d\u013a\u017eka: <span id=\"cwos\" class=\"qv3Wpe\">21<\/span> cm<br \/>\n\u010cepe\u013e: <span id=\"cwos\" class=\"qv3Wpe\">8.5<\/span> cm, \u010dierna, Tanto, Plne vr\u00fabkovan\u00e1<br \/>\nRukov\u00e4\u0165: OD zelen\u00fd hlin\u00edk<br \/>\nHmotnos\u0165: 3,6 oz<\/p>\n<p>Oce\u013e: M390<br \/>\nOtv\u00e1ra\u010d: Thumb Slider<br \/>\nTyp: OTF Double Action, Automatic<br \/>\nVyroben\u00e9 v USA<br \/>\nModel: 123-3OD<\/p>\n<p>&nbsp;<\/p>\n<p><iframe title=\"Microtech Combat Troodon Torture Test\" width=\"800\" height=\"450\" src=\"https:\/\/www.youtube.com\/embed\/xE9TeOFYEjg?feature=oembed\" frameborder=\"0\" allow=\"accelerometer; autoplay; clipboard-write; encrypted-media; gyroscope; picture-in-picture; web-share\" allowfullscreen><\/iframe><\/p>\n<p>&nbsp;<\/p>\n","protected":false},"excerpt":{"rendered":"<div class=\"elementor-element elementor-element-bbb542b elementor-widget elementor-widget-woocommerce-product-short-description\" data-id=\"bbb542b\" data-element_type=\"widget\" data-widget_type=\"woocommerce-product-short-description.default\">\n<div class=\"elementor-widget-container\">\n<div class=\"woocommerce-product-details__short-description\">\n<p><strong>V priebehu rokov Microtech\u00ae Knives naplnil v\u00e1\u0161\u0148ou a zru\u010dnos\u0165ou v\u00fdrobu no\u017eov, a\u017e z nich vytvoril takmer umeleck\u00e9 diela, ktor\u00e9 s\u00fa vrcholom funk\u010dnosti. V\u0161etky diely s\u00fa vyroben\u00e9 v USA.<\/strong><br \/>\n<strong>Na v\u0161etky no\u017ee Microtech je do\u017eivotn\u00e1 z\u00e1ruka.<\/strong><\/p>\n<p><strong>Doprava zadarmo.<\/strong><\/p>\n<\/div>\n<\/div>\n<\/div>\n","protected":false},"featured_media":257857,"comment_status":"open","ping_status":"closed","template":"","meta":[],"pwb-brand":[3200],"product_brand":[],"product_cat":[3186,3197],"product_tag":[3668],"class_list":{"0":"post-308749","1":"product","2":"type-product","3":"status-publish","4":"has-post-thumbnail","6":"pwb-brand-microtech-sk","7":"product_cat-noze-sk","8":"product_cat-vystrelovacie-noze-sk","9":"product_tag-b2b-sk","11":"first","12":"instock","13":"taxable","14":"shipping-taxable","15":"purchasable","16":"product-type-simple"},"brands":[{"id":3200,"name":"Microtech","slug":"microtech-sk"}],"_links":{"self":[{"href":"https:\/\/www.moskito.cz\/sk\/wp-json\/wp\/v2\/product\/308749","targetHints":{"allow":["GET"]}}],"collection":[{"href":"https:\/\/www.moskito.cz\/sk\/wp-json\/wp\/v2\/product"}],"about":[{"href":"https:\/\/www.moskito.cz\/sk\/wp-json\/wp\/v2\/types\/product"}],"replies":[{"embeddable":true,"href":"https:\/\/www.moskito.cz\/sk\/wp-json\/wp\/v2\/comments?post=308749"}],"wp:featuredmedia":[{"embeddable":true,"href":"https:\/\/www.moskito.cz\/sk\/wp-json\/wp\/v2\/media\/257857"}],"wp:attachment":[{"href":"https:\/\/www.moskito.cz\/sk\/wp-json\/wp\/v2\/media?parent=308749"}],"wp:term":[{"taxonomy":"pwb-brand","embeddable":true,"href":"https:\/\/www.moskito.cz\/sk\/wp-json\/wp\/v2\/pwb-brand?post=308749"},{"taxonomy":"product_brand","embeddable":true,"href":"https:\/\/www.moskito.cz\/sk\/wp-json\/wp\/v2\/product_brand?post=308749"},{"taxonomy":"product_cat","embeddable":true,"href":"https:\/\/www.moskito.cz\/sk\/wp-json\/wp\/v2\/product_cat?post=308749"},{"taxonomy":"product_tag","embeddable":true,"href":"https:\/\/www.moskito.cz\/sk\/wp-json\/wp\/v2\/product_tag?post=308749"}],"curies":[{"name":"wp","href":"https:\/\/api.w.org\/{rel}","templated":true}]}}