{"id":309466,"date":"2023-07-06T16:14:05","date_gmt":"2024-02-06T15:04:05","guid":{"rendered":"https:\/\/www.moskito.cz\/produkt\/pevny-noz-microtech-arbiter-apocalyptic-double-edge-104-10\/"},"modified":"2025-05-07T11:00:51","modified_gmt":"2025-05-07T10:00:51","slug":"pevny-noz-microtech-arbiter-apocalyptic-double-edge-104-10","status":"publish","type":"product","link":"https:\/\/www.moskito.cz\/sk\/produkt\/pevny-noz-microtech-arbiter-apocalyptic-double-edge-104-10\/","title":{"rendered":"Pevn\u00fd N\u00f4\u017e Microtech Arbiter Apocalyptic Double Edge 104-10"},"content":{"rendered":"<p>Pevn\u00fd N\u00f4\u017e <strong>Microtech<\/strong> Arbiter Apocalyptic Double Edge 104-10<\/p>\n<p>Koncept pre Arbiter p\u00f4vodne navrhol Adam Marfione v roku 2012. Microtech je nad\u0161en\u00fd, \u017ee m\u00f4\u017ee uvies\u0165 tento kus do v\u00fdroby, preto\u017ee Adam za\u010d\u00edna vystupova\u0165 ako integr\u00e1lnej\u0161iu s\u00fa\u010das\u0165 ich t\u00edmu. Predt\u00fdm k dispoz\u00edcii iba ako z\u00e1kazkov\u00fd n\u00f4\u017e, Arbiter je vybaven\u00fd 23 cm \u010depe\u013eou typu bowie s klipsom s elegantn\u00fdm zakriven\u00fdm prim\u00e1rnym ostr\u00edm a sekund\u00e1rnym horn\u00fdm ostr\u00edm. Obaja sa zbiehaj\u00fa do zdvihnut\u00e9ho hrotu s ni\u010divou penetra\u010dnou silou. V\u00e1hy G10 sa vyzna\u010duj\u00fa kr\u00ed\u017eom kr\u00e1\u017eom vzorovan\u00e1 text\u00fara a dr\u00e1\u017eky pozd\u013a\u017e okraja rukov\u00e4te, ktor\u00e9 pon\u00fakaj\u00fa p\u00f4sobiv\u00fd \u00fachop a vytv\u00e1raj\u00fa dokonal\u00fa harm\u00f3niu medzi u\u017e\u00edvate\u013eom a n\u00e1strojom. Arbiter prich\u00e1dza s vlastn\u00fdm nosn\u00fdm syst\u00e9mom pripevnen\u00fdm k lisovan\u00e9mu kompozitn\u00e9mu puzdru.<br \/>\n\u0160pecifik\u00e1cia<\/p>\n<p>D\u013a\u017eka \u010depele: 23 cm<br \/>\nOce\u013e: M390<br \/>\nCelkov\u00e1 d\u013a\u017eka: 35 cm<br \/>\nMateri\u00e1l pl\u00e1\u0161\u0165a: Kompozitn\u00fd n\u00e1v\u00e4zec s vlastn\u00fdm nosn\u00fdm syst\u00e9mom<br \/>\nMateri\u00e1l rukov\u00e4t\u00ed: G10\/FR4 Composite<br \/>\nHmotnos\u0165: 18 oz.<br \/>\nVyroben\u00e9 v USA<\/p>\n<p><iframe title=\"Microtech Combat Troodon Torture Test\" width=\"800\" height=\"450\" src=\"https:\/\/www.youtube.com\/embed\/xE9TeOFYEjg?feature=oembed\" frameborder=\"0\" allow=\"accelerometer; autoplay; clipboard-write; encrypted-media; gyroscope; picture-in-picture; web-share\" allowfullscreen><\/iframe><\/p>\n<p>&nbsp;<\/p>\n<p>&nbsp;<\/p>\n","protected":false},"excerpt":{"rendered":"<p><strong>V priebehu rokov Microtech\u00ae Knives naplnil v\u00e1\u0161\u0148ou a zru\u010dnos\u0165ou v\u00fdrobu no\u017eov, a\u017e z nich vytvoril takmer umeleck\u00e9 diela, ktor\u00e9 s\u00fa vrcholom funk\u010dnosti. V\u0161etky diely s\u00fa vyroben\u00e9 v USA.<\/strong><br \/>\n<strong>Na v\u0161etky no\u017ee Microtech je do\u017eivotn\u00e1 z\u00e1ruka.<\/strong><\/p>\n<p><strong>Doprava zadarmo.<\/strong><\/p>\n","protected":false},"featured_media":253148,"comment_status":"open","ping_status":"closed","template":"","meta":[],"pwb-brand":[3200],"product_brand":[],"product_cat":[3186,3187],"product_tag":[3668],"class_list":{"0":"post-309466","1":"product","2":"type-product","3":"status-publish","4":"has-post-thumbnail","6":"pwb-brand-microtech-sk","7":"product_cat-noze-sk","8":"product_cat-pevne-noze-sk","9":"product_tag-b2b-sk","11":"first","12":"outofstock","13":"taxable","14":"shipping-taxable","15":"purchasable","16":"product-type-simple"},"brands":[{"id":3200,"name":"Microtech","slug":"microtech-sk"}],"_links":{"self":[{"href":"https:\/\/www.moskito.cz\/sk\/wp-json\/wp\/v2\/product\/309466","targetHints":{"allow":["GET"]}}],"collection":[{"href":"https:\/\/www.moskito.cz\/sk\/wp-json\/wp\/v2\/product"}],"about":[{"href":"https:\/\/www.moskito.cz\/sk\/wp-json\/wp\/v2\/types\/product"}],"replies":[{"embeddable":true,"href":"https:\/\/www.moskito.cz\/sk\/wp-json\/wp\/v2\/comments?post=309466"}],"wp:featuredmedia":[{"embeddable":true,"href":"https:\/\/www.moskito.cz\/sk\/wp-json\/wp\/v2\/media\/253148"}],"wp:attachment":[{"href":"https:\/\/www.moskito.cz\/sk\/wp-json\/wp\/v2\/media?parent=309466"}],"wp:term":[{"taxonomy":"pwb-brand","embeddable":true,"href":"https:\/\/www.moskito.cz\/sk\/wp-json\/wp\/v2\/pwb-brand?post=309466"},{"taxonomy":"product_brand","embeddable":true,"href":"https:\/\/www.moskito.cz\/sk\/wp-json\/wp\/v2\/product_brand?post=309466"},{"taxonomy":"product_cat","embeddable":true,"href":"https:\/\/www.moskito.cz\/sk\/wp-json\/wp\/v2\/product_cat?post=309466"},{"taxonomy":"product_tag","embeddable":true,"href":"https:\/\/www.moskito.cz\/sk\/wp-json\/wp\/v2\/product_tag?post=309466"}],"curies":[{"name":"wp","href":"https:\/\/api.w.org\/{rel}","templated":true}]}}