{"id":309597,"date":"2023-07-09T11:18:28","date_gmt":"2024-02-06T15:04:12","guid":{"rendered":"https:\/\/www.moskito.cz\/produkt\/vystrelovaci-noz-heretic-knives-custom-cleric-ii-damascus-blade\/"},"modified":"2025-05-07T11:00:55","modified_gmt":"2025-05-07T10:00:55","slug":"vystrelovaci-noz-heretic-knives-custom-cleric-ii-damascus-blade","status":"publish","type":"product","link":"https:\/\/www.moskito.cz\/sk\/produkt\/vystrelovaci-noz-heretic-knives-custom-cleric-ii-damascus-blade\/","title":{"rendered":"Vystre\u013eovac\u00ed N\u00f4\u017e Heretic Knives Custom Cleric II Damascus Blade"},"content":{"rendered":"<p>Vystre\u013eovac\u00ed N\u00f4\u017e Heretic Knives Custom Cleric II Damascus Blade.<\/p>\n<p>Custom Cleric II D\/E \u010cierny s uhl\u00edkom strieborne vykladan\u00edm, hadej ko\u017ee, Baker Forge Dama\u0161kov\u00e1 \u010depe\u013e<\/p>\n<p>Heretic Knives Cleric II je dvoj\u010dinn\u00fd predn\u00fd automat s vysoko kvalitn\u00fdm strihom a povrchovou \u00fapravou a super hladkou akciou D\/A OTF! Je vybaven\u00fd predn\u00fdm posuvn\u00fdm krytom pre \u013eahk\u00e9 ovl\u00e1danie. Jeden z najdlh\u0161\u00edch dvoj\u010dinn\u00fdch no\u017eov OTF vo v\u00fdrobe a siln\u00fd konkurent starej Microtech Makora II, to ur\u010dite pote\u0161\u00ed. Kompletn\u00e1 s fr\u00e9zovanou tit\u00e1novou vreckovou sponou na roller.<\/p>\n<p>Tento z\u00e1kazkov\u00fd model m\u00e1 \u010diernu rukov\u00e4\u0165 s tu\u010dn\u00fdmi karb\u00f3novo strieborn\u00fdmi vlo\u017ekami z hadej ko\u017ee. Baker Forge Damaskov\u00e1 \u010depe\u013e d\u00fdky s dvojit\u00fdm ostr\u00edm. Na bo\u010dnej strane r\u00e1mu je vyleptan\u00e9 logo Heretic, inform\u00e1cie o modeli a s\u00e9riov\u00e9 \u010d\u00edslo. Limitovan\u00e1 ed\u00edcia modelu z Blade Show 2023. \u00daplne nov\u00fd v krabici s puzdrom a COA.<\/p>\n<p>Krajina p\u00f4vodu: USA<br \/>\nD\u00e1tum p\u00f4vodu: 2023<br \/>\nStav: \u00daplne nov\u00fd<br \/>\nMateri\u00e1l rukov\u00e4te: Uhl\u00edk<br \/>\nMateri\u00e1l \u010depele: Damask<br \/>\n\u0160t\u00fdl \u010depele: D\u00fdka s dvojitou hranou<br \/>\nPovrchov\u00e1 \u00faprava \u010depele: Baker Forge Damask<br \/>\nTyp okraja: \u0160tandard<br \/>\nModel\/Vzor: klerik II<br \/>\nTyp no\u017ea: Dvoj\u010dinn\u00e9 automatick\u00e9 OTF<br \/>\nTyp z\u00e1mku: Vpredu<br \/>\nD\u013a\u017eka \u010depele: <span id=\"cwos\" class=\"qv3Wpe\">10.62<\/span> cm<br \/>\nD\u013a\u017eka rukov\u00e4te: <span id=\"cwos\" class=\"qv3Wpe\">13.62<\/span> cm<br \/>\nCelkov\u00e1 d\u013a\u017eka: 25 cm<br \/>\nHmotnos\u0165: 4 unce<\/p>\n<p><iframe title=\"Microtech Combat Troodon Torture Test\" width=\"800\" height=\"450\" src=\"https:\/\/www.youtube.com\/embed\/xE9TeOFYEjg?feature=oembed\" frameborder=\"0\" allow=\"accelerometer; autoplay; clipboard-write; encrypted-media; gyroscope; picture-in-picture; web-share\" allowfullscreen><\/iframe><\/p>\n<p>&nbsp;<\/p>\n<p>&nbsp;<\/p>\n<p>&nbsp;<\/p>\n","protected":false},"excerpt":{"rendered":"<p><strong>Heretic Knives Cleric II je dvoj\u010dinn\u00fd predn\u00fd automat s vysoko kvalitn\u00fdm strihom a povrchovou \u00fapravou a super hladkou akciou D\/A OTF!<\/strong><\/p>\n","protected":false},"featured_media":253384,"comment_status":"open","ping_status":"closed","template":"","meta":[],"pwb-brand":[3196],"product_brand":[],"product_cat":[3186,3197],"product_tag":[3668],"class_list":{"0":"post-309597","1":"product","2":"type-product","3":"status-publish","4":"has-post-thumbnail","6":"pwb-brand-heretic-knives-sk","7":"product_cat-noze-sk","8":"product_cat-vystrelovacie-noze-sk","9":"product_tag-b2b-sk","11":"first","12":"outofstock","13":"taxable","14":"shipping-taxable","15":"purchasable","16":"product-type-simple"},"brands":[{"id":3196,"name":"Heretic Knives","slug":"heretic-knives-sk"}],"_links":{"self":[{"href":"https:\/\/www.moskito.cz\/sk\/wp-json\/wp\/v2\/product\/309597","targetHints":{"allow":["GET"]}}],"collection":[{"href":"https:\/\/www.moskito.cz\/sk\/wp-json\/wp\/v2\/product"}],"about":[{"href":"https:\/\/www.moskito.cz\/sk\/wp-json\/wp\/v2\/types\/product"}],"replies":[{"embeddable":true,"href":"https:\/\/www.moskito.cz\/sk\/wp-json\/wp\/v2\/comments?post=309597"}],"wp:featuredmedia":[{"embeddable":true,"href":"https:\/\/www.moskito.cz\/sk\/wp-json\/wp\/v2\/media\/253384"}],"wp:attachment":[{"href":"https:\/\/www.moskito.cz\/sk\/wp-json\/wp\/v2\/media?parent=309597"}],"wp:term":[{"taxonomy":"pwb-brand","embeddable":true,"href":"https:\/\/www.moskito.cz\/sk\/wp-json\/wp\/v2\/pwb-brand?post=309597"},{"taxonomy":"product_brand","embeddable":true,"href":"https:\/\/www.moskito.cz\/sk\/wp-json\/wp\/v2\/product_brand?post=309597"},{"taxonomy":"product_cat","embeddable":true,"href":"https:\/\/www.moskito.cz\/sk\/wp-json\/wp\/v2\/product_cat?post=309597"},{"taxonomy":"product_tag","embeddable":true,"href":"https:\/\/www.moskito.cz\/sk\/wp-json\/wp\/v2\/product_tag?post=309597"}],"curies":[{"name":"wp","href":"https:\/\/api.w.org\/{rel}","templated":true}]}}