{"id":309794,"date":"2023-06-08T14:28:56","date_gmt":"2024-02-06T15:05:01","guid":{"rendered":"https:\/\/www.moskito.cz\/produkt\/vystrelovaci-noz-microtech-utx-70-stonewashed-149-10\/"},"modified":"2025-05-07T11:01:02","modified_gmt":"2025-05-07T10:01:02","slug":"vystrelovaci-noz-microtech-utx-70-stonewashed-149-10","status":"publish","type":"product","link":"https:\/\/www.moskito.cz\/sk\/produkt\/vystrelovaci-noz-microtech-utx-70-stonewashed-149-10\/","title":{"rendered":"Vystre\u013eovac\u00ed N\u00f4\u017e Microtech UTX-70 Stonewashed 149-10"},"content":{"rendered":"<p>Vystre\u013eovac\u00ed N\u00f4\u017e <strong>Microtech<\/strong> UTX-70 Stonewashed 149-10<\/p>\n<p>UTX-70 je perfektnou kombin\u00e1ciou kompaktnej ve\u013ekosti a ve\u013ek\u00e9ho v\u00fdkonu. Pri ve\u013ekosti 70% Ultratechu je <strong>UTX-70<\/strong> vyroben\u00fd z rovnak\u00e9ho materi\u00e1lu, na rovnak\u00fdch strojoch as rovnakou vynaliezavos\u0165ou ako jeho predchodca. <strong>UTX-70<\/strong> je perfektn\u00fd n\u00f4\u017e pre v\u0161etky situ\u00e1cie, bez oh\u013eadu na to, \u010do s n\u00edm re\u017eete, bude sa hladko prep\u00e1ja\u0165 s va\u0161im \u017eivotn\u00fdm \u0161t\u00fdlom. V\u010faka r\u00fdchlemu otv\u00e1raniu a zatv\u00e1raniu jednou rukou zvl\u00e1dne pr\u00e1cu v priebehu nieko\u013ek\u00fdch sek\u00fand. <strong>UTX-70<\/strong> m\u00e1 mnoho dostupn\u00fdch mo\u017enost\u00ed prevedenia \u010depel\u00ed, ako s\u00fa: jednoduch\u00e1, dvojit\u00e1 alebo tant \u010depe\u013e. K dispoz\u00edcii je aj hlin\u00edkov\u00e1 horn\u00e1 rukov\u00e4\u0165, \u010dierna rukov\u00e4\u0165 z uhl\u00edkov\u00fdch vl\u00e1kien alebo horn\u00e1 rukov\u00e4\u0165 z platinov\u00fdch uhl\u00edkov\u00fdch vl\u00e1kien. N\u00f4\u017e je vybaven\u00fd obojstrann\u00fdm vreckov\u00fdm klipom s kompaktnou ve\u013ekos\u0165ou, je to perfektn\u00e1 vo\u013eba pre ka\u017edodenn\u00e9 pou\u017eitie a nosenie.<br \/>\n\u0160pecifik\u00e1cia<\/p>\n<p>Akcia: Dvojit\u00e1 akcia &#8211; Automatick\u00fd v\u00fdstrel\/Automatick\u00e9 zatiahnutie<br \/>\nHr\u00fabka: 0,2 cm<br \/>\nD\u013a\u017eka \u010depele: 6 cm<br \/>\n\u0160t\u00fdl \u010depele: Tanto<br \/>\nPodvozok: 6061-T6 AL Alloy Mil-Spec Hard Coat eloxovan\u00fd, \u010dierny<br \/>\nHr\u00fabka rukov\u00e4te: <span id=\"cwos\" class=\"qv3Wpe\">0.77<\/span> cm<br \/>\nD\u013a\u017eka v zatvorenom stave: 8 cm<br \/>\nCelkov\u00e1 d\u013a\u017eka: 14 cm<br \/>\nVreckov\u00fd klip: 301 celotvrd\u00e1 nerezov\u00e1 oce\u013e<br \/>\n\u0160tandardn\u00e9 horn\u00e9: 6061-T6 AL zliatina<br \/>\nSp\u00fa\u0161\u0165: 303 Nerezov\u00e1 oce\u013e<br \/>\nHmotnos\u0165: 1,2 oz.<br \/>\nOce\u013e: M390<br \/>\nVyroben\u00e9 v USA<\/p>\n<p><iframe title=\"Microtech Combat Troodon Torture Test\" width=\"800\" height=\"450\" src=\"https:\/\/www.youtube.com\/embed\/xE9TeOFYEjg?feature=oembed\" frameborder=\"0\" allow=\"accelerometer; autoplay; clipboard-write; encrypted-media; gyroscope; picture-in-picture; web-share\" allowfullscreen><\/iframe><\/p>\n","protected":false},"excerpt":{"rendered":"<div class=\"elementor-element elementor-element-bbb542b elementor-widget elementor-widget-woocommerce-product-short-description\" data-id=\"bbb542b\" data-element_type=\"widget\" data-widget_type=\"woocommerce-product-short-description.default\">\n<div class=\"elementor-widget-container\">\n<div class=\"woocommerce-product-details__short-description\">\n<div class=\"elementor-element elementor-element-bbb542b elementor-widget elementor-widget-woocommerce-product-short-description\" data-id=\"bbb542b\" data-element_type=\"widget\" data-widget_type=\"woocommerce-product-short-description.default\">\n<div class=\"elementor-widget-container\">\n<div class=\"woocommerce-product-details__short-description\">\n<div class=\"elementor-element elementor-element-bbb542b elementor-widget elementor-widget-woocommerce-product-short-description\" data-id=\"bbb542b\" data-element_type=\"widget\" data-widget_type=\"woocommerce-product-short-description.default\">\n<div class=\"elementor-widget-container\">\n<div class=\"woocommerce-product-details__short-description\">\n<p>V priebehu rokov <strong>Microtech\u00ae<\/strong> Knives naplnil v\u00e1\u0161\u0148ou a zru\u010dnos\u0165ou v\u00fdrobu no\u017eov, a\u017e z nich vytvoril takmer umeleck\u00e9 diela, ktor\u00e9 s\u00fa vrcholom funk\u010dnosti. V\u0161etky diely s\u00fa vyroben\u00e9 v USA.<br \/>\n<strong>Na v\u0161etky no\u017ee Microtech je do\u017eivotn\u00e1 z\u00e1ruka.<\/strong><\/p>\n<p><strong>Doprava zadarmo.<\/strong><\/p>\n<\/div>\n<\/div>\n<\/div>\n<\/div>\n<\/div>\n<\/div>\n<\/div>\n<\/div>\n<\/div>\n","protected":false},"featured_media":250313,"comment_status":"open","ping_status":"closed","template":"","meta":[],"pwb-brand":[3200],"product_brand":[],"product_cat":[3186,3197],"product_tag":[3668],"class_list":{"0":"post-309794","1":"product","2":"type-product","3":"status-publish","4":"has-post-thumbnail","6":"pwb-brand-microtech-sk","7":"product_cat-noze-sk","8":"product_cat-vystrelovacie-noze-sk","9":"product_tag-b2b-sk","11":"first","12":"outofstock","13":"taxable","14":"shipping-taxable","15":"purchasable","16":"product-type-simple"},"brands":[{"id":3200,"name":"Microtech","slug":"microtech-sk"}],"_links":{"self":[{"href":"https:\/\/www.moskito.cz\/sk\/wp-json\/wp\/v2\/product\/309794","targetHints":{"allow":["GET"]}}],"collection":[{"href":"https:\/\/www.moskito.cz\/sk\/wp-json\/wp\/v2\/product"}],"about":[{"href":"https:\/\/www.moskito.cz\/sk\/wp-json\/wp\/v2\/types\/product"}],"replies":[{"embeddable":true,"href":"https:\/\/www.moskito.cz\/sk\/wp-json\/wp\/v2\/comments?post=309794"}],"wp:featuredmedia":[{"embeddable":true,"href":"https:\/\/www.moskito.cz\/sk\/wp-json\/wp\/v2\/media\/250313"}],"wp:attachment":[{"href":"https:\/\/www.moskito.cz\/sk\/wp-json\/wp\/v2\/media?parent=309794"}],"wp:term":[{"taxonomy":"pwb-brand","embeddable":true,"href":"https:\/\/www.moskito.cz\/sk\/wp-json\/wp\/v2\/pwb-brand?post=309794"},{"taxonomy":"product_brand","embeddable":true,"href":"https:\/\/www.moskito.cz\/sk\/wp-json\/wp\/v2\/product_brand?post=309794"},{"taxonomy":"product_cat","embeddable":true,"href":"https:\/\/www.moskito.cz\/sk\/wp-json\/wp\/v2\/product_cat?post=309794"},{"taxonomy":"product_tag","embeddable":true,"href":"https:\/\/www.moskito.cz\/sk\/wp-json\/wp\/v2\/product_tag?post=309794"}],"curies":[{"name":"wp","href":"https:\/\/api.w.org\/{rel}","templated":true}]}}